{"id":8977,"date":"2023-09-22T12:14:54","date_gmt":"2023-09-22T04:14:54","guid":{"rendered":"https:\/\/3t-motorrecycle.com\/?page_id=8977"},"modified":"2023-09-22T13:47:39","modified_gmt":"2023-09-22T05:47:39","slug":"datenschutzrichtlinie","status":"publish","type":"page","link":"https:\/\/3t-motorrecycle.com\/de\/datenschutzrichtlinie\/","title":{"rendered":"Datenschutzrichtlinie"},"content":{"rendered":"<div data-elementor-type=\"wp-page\" data-elementor-id=\"8977\" class=\"elementor elementor-8977\" data-elementor-post-type=\"page\">\n\t\t\t\t\t\t<section class=\"elementor-section elementor-top-section elementor-element elementor-element-3b051977 elementor-section-boxed elementor-section-height-default elementor-section-height-default\" data-id=\"3b051977\" data-element_type=\"section\">\n\t\t\t\t\t\t<div class=\"elementor-container elementor-column-gap-default\">\n\t\t\t\t\t<div class=\"elementor-column elementor-col-100 elementor-top-column elementor-element elementor-element-216b0fa4\" data-id=\"216b0fa4\" data-element_type=\"column\">\n\t\t\t<div class=\"elementor-widget-wrap elementor-element-populated\">\n\t\t\t\t\t\t<div class=\"elementor-element elementor-element-ece7634 elementor-widget elementor-widget-heading\" data-id=\"ece7634\" data-element_type=\"widget\" data-widget_type=\"heading.default\">\n\t\t\t\t<div class=\"elementor-widget-container\">\n\t\t\t\t\t<h2 class=\"elementor-heading-title elementor-size-default\">Datenschutzrichtlinie<\/h2>\t\t\t\t<\/div>\n\t\t\t\t<\/div>\n\t\t\t\t<div class=\"elementor-element elementor-element-e57088d elementor-widget elementor-widget-text-editor\" data-id=\"e57088d\" data-element_type=\"widget\" data-widget_type=\"text-editor.default\">\n\t\t\t\t<div class=\"elementor-widget-container\">\n\t\t\t\t\t\t\t\t\t\n<p><font _mstmutation=\"1\"><\/font>Datenschutzrichtlinie der BSGH.<br>Letzte Aktualisierung: 22.09.2023<\/p>\n\n\n\n<p>Diese Datenschutzrichtlinie beschreibt, wie BSGH (die \u201eWebsite\u201c, \u201ewir\u201c, \u201euns\u201c oder \u201eunser\u201c) Ihre personenbezogenen Daten erhebt, verwendet und weitergibt, wenn Sie https:\/\/3t-motorrecycle.com (die \u201eWebsite\u201c) besuchen, unsere Dienste nutzen, dort einen Kauf t\u00e4tigen oder anderweitig mit uns kommunizieren (zusammen die \u201eDienste\u201c). Im Sinne dieser Datenschutzrichtlinie beziehen sich \u201eSie\u201c und \u201eIhr\u201c auf Sie als Nutzer der Dienste, unabh\u00e4ngig davon, ob Sie Kunde, Website-Besucher oder eine andere Person sind, deren Daten wir gem\u00e4\u00df dieser Datenschutzrichtlinie erhoben haben.<\/p>\n\n\n\n<p>Bitte lesen Sie diese Datenschutzrichtlinie sorgf\u00e4ltig durch. Durch die Nutzung und den Zugriff auf die Dienste stimmen Sie der Erfassung, Verwendung und Weitergabe Ihrer Daten gem\u00e4\u00df dieser Datenschutzrichtlinie zu. Wenn Sie dieser Datenschutzrichtlinie nicht zustimmen, sehen Sie bitte von der Nutzung der Dienste ab.<\/p>\n\n\n\n<p>\u00c4nderungen dieser Datenschutzrichtlinie<\/p>\n\n\n\n<p>Wir behalten uns das Recht vor, diese Datenschutzrichtlinie gelegentlich zu aktualisieren, um \u00c4nderungen unserer Praktiken oder andere betriebliche, rechtliche oder regulatorische Gr\u00fcnde zu ber\u00fccksichtigen. Wir ver\u00f6ffentlichen die \u00fcberarbeitete Datenschutzrichtlinie auf der Website, aktualisieren das Datum der letzten Aktualisierung und ergreifen alle weiteren gesetzlich vorgeschriebenen Ma\u00dfnahmen.<\/p>\n\n\n\n<p>Wie wir Ihre personenbezogenen Daten erfassen und verwenden<\/p>\n\n\n\n<p>Zur Bereitstellung unserer Dienste erheben wir in den letzten 12 Monaten personenbezogene Daten \u00fcber Sie aus verschiedenen Quellen, wie unten aufgef\u00fchrt. Die von uns erhobenen und verwendeten Informationen variieren je nach Ihrer Interaktion mit uns.<\/p>\n\n\n\n<p>Zus\u00e4tzlich zu den unten aufgef\u00fchrten spezifischen Verwendungszwecken k\u00f6nnen wir die \u00fcber Sie gesammelten Informationen verwenden, um mit Ihnen zu kommunizieren, die Dienste bereitzustellen, geltende gesetzliche Verpflichtungen zu erf\u00fcllen, geltende Servicebedingungen durchzusetzen und die Dienste, unsere Rechte und die Rechte unserer Benutzer oder anderer zu sch\u00fctzen oder zu verteidigen.<\/p>\n\n\n\n<p>Welche personenbezogenen Daten erheben wir?<\/p>\n\n\n\n<p>Welche personenbezogenen Daten wir \u00fcber Sie erheben, h\u00e4ngt davon ab, wie Sie mit unserer Website interagieren und unsere Dienste nutzen. Mit \u201epersonenbezogenen Daten\u201c meinen wir Informationen, die Sie identifizieren, sich auf Sie beziehen, Sie beschreiben oder mit Ihnen in Verbindung gebracht werden k\u00f6nnen. Die folgenden Abschnitte beschreiben die Kategorien und spezifischen Arten der von uns erhobenen personenbezogenen Daten.<\/p>\n\n\n\n<p>Informationen, die wir direkt von Ihnen erheben<\/p>\n\n\n\n<p>Zu den Informationen, die Sie uns direkt \u00fcber unsere Dienste \u00fcbermitteln, k\u00f6nnen geh\u00f6ren:<\/p>\n\n\n\n<ul class=\"wp-block-list\">\n<li>Grundlegende Kontaktdaten, einschlie\u00dflich Ihres Namens, Ihrer Adresse, Telefonnummer und E-Mail-Adresse.<\/li>\n\n\n\n<li>Bestellinformationen, einschlie\u00dflich Ihres Namens, Ihrer Rechnungsadresse, Lieferadresse, Zahlungsbest\u00e4tigung, E-Mail-Adresse und Telefonnummer.<\/li>\n\n\n\n<li>Kontoinformationen, einschlie\u00dflich Ihres Benutzernamens, Passworts und Sicherheitsfragen.<\/li>\n\n\n\n<li>Einkaufsinformationen, einschlie\u00dflich der Artikel, die Sie ansehen, in Ihren Einkaufswagen legen oder zu Ihrer Wunschliste hinzuf\u00fcgen.<\/li>\n\n\n\n<li>Kundensupportinformationen, einschlie\u00dflich der Informationen, die Sie in die Kommunikation mit uns aufnehmen, beispielsweise wenn Sie eine Nachricht \u00fcber die Dienste senden.<\/li>\n<\/ul>\n\n\n\n<p>F\u00fcr einige Funktionen der Dienste m\u00fcssen Sie uns m\u00f6glicherweise bestimmte pers\u00f6nliche Informationen direkt zur Verf\u00fcgung stellen. Sie k\u00f6nnen diese Informationen auch nicht bereitstellen, dies kann jedoch dazu f\u00fchren, dass Sie diese Funktionen nicht nutzen oder nicht darauf zugreifen k\u00f6nnen.<\/p>\n\n\n\n<p>Informationen, die wir durch Cookies sammeln<\/p>\n\n\n\n<p>Wir erfassen au\u00dferdem automatisch bestimmte Informationen \u00fcber Ihre Interaktion mit den Diensten (\u201eNutzungsdaten\u201c). Hierzu k\u00f6nnen wir Cookies, Pixel und \u00e4hnliche Technologien (\u201eCookies\u201c) verwenden. Nutzungsdaten k\u00f6nnen Informationen dar\u00fcber enthalten, wie Sie auf unsere Website und Ihr Konto zugreifen und diese nutzen, einschlie\u00dflich Ger\u00e4teinformationen, Browserinformationen, Informationen zu Ihrer Netzwerkverbindung, Ihrer IP-Adresse und anderer Informationen zu Ihrer Interaktion mit den Diensten.<\/p>\n\n\n\n<p>Informationen, die wir von Dritten erhalten<\/p>\n\n\n\n<p>Schlie\u00dflich k\u00f6nnen wir Informationen \u00fcber Sie von Dritten erhalten, darunter von Anbietern und Dienstleistern, die in unserem Namen Informationen sammeln, wie beispielsweise:<\/p>\n\n\n\n<ul class=\"wp-block-list\">\n<li>Unternehmen, die unsere Site und Dienste unterst\u00fctzen.<\/li>\n\n\n\n<li>Unsere Zahlungsabwickler, die Zahlungsinformationen (z. B. Bankkonto, Kredit- oder Debitkarteninformationen, Rechnungsadresse) erfassen, um Ihre Zahlung abzuwickeln, Ihre Bestellungen auszuf\u00fchren und Ihnen die von Ihnen angeforderten Produkte oder Dienstleistungen bereitzustellen, um unseren Vertrag mit Ihnen zu erf\u00fcllen.<\/li>\n\n\n\n<li>Wenn Sie unsere Site besuchen, E-Mails \u00f6ffnen oder anklicken, die wir Ihnen senden, oder mit unseren Diensten oder Anzeigen interagieren, k\u00f6nnen wir oder Dritte, mit denen wir zusammenarbeiten, mithilfe von Online-Tracking-Technologien wie Pixeln, Web Beacons, Software Developer Kits, Bibliotheken von Drittanbietern und Cookies automatisch bestimmte Informationen erfassen.<\/li>\n<\/ul>\n\n\n\n<p>Alle Informationen, die wir von Dritten erhalten, werden gem\u00e4\u00df dieser Datenschutzrichtlinie behandelt. Wir \u00fcbernehmen keine Verantwortung oder Haftung f\u00fcr die Richtigkeit der Informationen, die uns von Dritten zur Verf\u00fcgung gestellt werden, und sind nicht f\u00fcr deren Richtlinien oder Praktiken verantwortlich. Weitere Informationen finden Sie im Abschnitt \u201eWebsites und Links Dritter\u201c weiter unten.<\/p>\n\n\n\n<p>So verwenden wir Ihre personenbezogenen Daten<\/p>\n\n\n\n<ul class=\"wp-block-list\">\n<li>Bereitstellung von Produkten und Dienstleistungen. Wir verwenden Ihre personenbezogenen Daten, um Ihnen die Dienstleistungen bereitzustellen und unseren Vertrag mit Ihnen zu erf\u00fcllen. Dies umfasst die Bearbeitung Ihrer Zahlungen, die Ausf\u00fchrung Ihrer Bestellungen, das Senden von Benachrichtigungen zu Ihrem Konto, K\u00e4ufen, R\u00fccksendungen, Umtausch oder anderen Transaktionen, die Erstellung, Pflege und sonstige Verwaltung Ihres Kontos, die Organisation des Versands, die Durchf\u00fchrung von R\u00fccksendungen und Umtausch sowie die M\u00f6glichkeit, Bewertungen zu ver\u00f6ffentlichen.<\/li>\n\n\n\n<li>Marketing und Werbung. Wir nutzen Ihre personenbezogenen Daten f\u00fcr Marketing- und Werbezwecke, beispielsweise f\u00fcr den Versand von Marketing-, Werbe- und Promotion-Mitteilungen per E-Mail, SMS oder Post und um Ihnen Werbung f\u00fcr Produkte oder Dienstleistungen anzuzeigen. Dies kann die Nutzung Ihrer personenbezogenen Daten zur besseren Anpassung der Dienste und Werbung auf unserer Website und anderen Websites umfassen.<\/li>\n\n\n\n<li>Sicherheit und Betrugspr\u00e4vention. Wir verwenden Ihre personenbezogenen Daten, um m\u00f6gliche betr\u00fcgerische, illegale oder b\u00f6swillige Aktivit\u00e4ten zu erkennen, zu untersuchen und entsprechende Ma\u00dfnahmen zu ergreifen. Wenn Sie die Dienste nutzen und ein Konto registrieren, sind Sie f\u00fcr die Sicherheit Ihrer Kontoanmeldeinformationen verantwortlich. Wir empfehlen Ihnen dringend, Ihren Benutzernamen, Ihr Passwort oder andere Zugangsdaten nicht an Dritte weiterzugeben. Sollten Sie glauben, dass Ihr Konto kompromittiert wurde, kontaktieren Sie uns bitte umgehend.<\/li>\n\n\n\n<li>Kommunikation mit Ihnen. Wir verwenden Ihre personenbezogenen Daten, um Ihnen Kundensupport zu bieten und unsere Dienste zu verbessern. Dies liegt in unserem berechtigten Interesse, um auf Ihre Anfragen reagieren zu k\u00f6nnen, Ihnen effektive Dienste bereitzustellen und unsere Gesch\u00e4ftsbeziehung mit Ihnen aufrechtzuerhalten.<\/li>\n<\/ul>\n\n\n\n<p>Cookie-Hinweis<font _mstmutation=\"1\"><\/font><\/p>\n\n\n\n<p>Die meisten Browser akzeptieren Cookies standardm\u00e4\u00dfig automatisch. Sie k\u00f6nnen Ihren Browser jedoch so einstellen, dass Cookies \u00fcber Ihre Browsereinstellungen entfernt oder abgelehnt werden. Bitte beachten Sie, dass das Entfernen oder Blockieren von Cookies Ihre Benutzererfahrung beeintr\u00e4chtigen und dazu f\u00fchren kann, dass einige Dienste, einschlie\u00dflich bestimmter Funktionen und allgemeiner Funktionalit\u00e4ten, nicht richtig funktionieren oder nicht mehr verf\u00fcgbar sind. Dar\u00fcber hinaus kann das Blockieren von Cookies die Weitergabe von Informationen an Dritte, wie z. B. unsere Werbepartner, m\u00f6glicherweise nicht vollst\u00e4ndig verhindern.<\/p>\n\n\n\n<p>Wie wir personenbezogene Daten weitergeben<\/p>\n\n\n\n<p>Unter bestimmten Umst\u00e4nden k\u00f6nnen wir Ihre personenbezogenen Daten zu legitimen Zwecken gem\u00e4\u00df dieser Datenschutzrichtlinie an Dritte weitergeben. Zu diesen Umst\u00e4nden k\u00f6nnen geh\u00f6ren:<\/p>\n\n\n\n<ul class=\"wp-block-list\">\n<li>Mit Anbietern oder anderen Drittanbietern, die in unserem Auftrag Dienstleistungen erbringen (z. B. IT-Management, Zahlungsabwicklung, Datenanalyse, Kundensupport, Cloud-Speicher, Auftragsabwicklung und Versand).<\/li>\n\n\n\n<li>Mit Gesch\u00e4fts- und Marketingpartnern, einschlie\u00dflich Google, um Ihnen Dienste bereitzustellen und Werbung zu schalten. Wir nutzen Google, um personalisierte Werbung mit Diensten Dritter zu unterst\u00fctzen. Unsere Gesch\u00e4fts- und Marketingpartner verwenden Ihre Daten gem\u00e4\u00df ihren eigenen Datenschutzhinweisen.<\/li>\n\n\n\n<li>Wenn Sie uns anweisen, auffordern oder uns anderweitig Ihre Zustimmung zur Weitergabe bestimmter Informationen an Dritte erteilen, beispielsweise um Ihnen Produkte zuzusenden oder durch Ihre Nutzung von Social-Media-Widgets oder Login-Integrationen, erfolgt dies mit Ihrer Zustimmung.<\/li>\n\n\n\n<li>Mit unseren verbundenen Unternehmen oder anderweitig innerhalb unserer Unternehmensgruppe, in unserem berechtigten Interesse, ein erfolgreiches Gesch\u00e4ft zu f\u00fchren.<\/li>\n\n\n\n<li>Im Zusammenhang mit einer Gesch\u00e4ftstransaktion wie einer Fusion oder einem Konkurs, um alle geltenden gesetzlichen Verpflichtungen zu erf\u00fcllen (einschlie\u00dflich der Beantwortung von Vorladungen, Durchsuchungsbefehlen und \u00e4hnlichen Anfragen), um alle geltenden Servicebedingungen durchzusetzen und um die Dienste, unsere Rechte und die Rechte unserer Benutzer oder anderer zu sch\u00fctzen oder zu verteidigen.<\/li>\n<\/ul>\n\n\n\n<p>Wir haben in den letzten 12 Monaten die folgenden Kategorien personenbezogener Daten und sensibler personenbezogener Daten (gekennzeichnet mit *) \u00fcber Benutzer f\u00fcr die oben in den Abschnitten \u201eWie wir Ihre personenbezogenen Daten erfassen und verwenden\u201c und \u201eWie wir personenbezogene Daten offenlegen\u201c genannten Zwecke offengelegt:<\/p>\n\n\n\n<p>Kategorie:<\/p>\n\n\n\n<ul class=\"wp-block-list\">\n<li>Identifikatoren wie grundlegende Kontaktdaten und bestimmte Bestell- und Kontoinformationen<\/li>\n\n\n\n<li>Kommerzielle Informationen wie Bestellinformationen, Einkaufsinformationen und Kundensupportinformationen<\/li>\n\n\n\n<li>Internet- oder andere \u00e4hnliche Netzwerkaktivit\u00e4ten, wie z. B. Nutzungsdaten<\/li>\n<\/ul>\n\n\n\n<p>Kategorien von Empf\u00e4ngern:<\/p>\n\n\n\n<ul class=\"wp-block-list\">\n<li>Anbieter und Dritte, die in unserem Auftrag Dienstleistungen erbringen (wie etwa Internetdienstanbieter, Zahlungsabwickler, Fulfillment-Partner, Kundensupport-Partner und Datenanalyseanbieter)<\/li>\n\n\n\n<li>Gesch\u00e4fts- und Marketingpartner<\/li>\n\n\n\n<li>Partnerunternehmen<\/li>\n<\/ul>\n\n\n\n<p>Wir verwenden oder ver\u00f6ffentlichen keine sensiblen personenbezogenen Daten, um R\u00fcckschl\u00fcsse auf Ihre Eigenschaften zu ziehen.<font _mstmutation=\"1\"><\/font><\/p>\n\n\n\n<p>Wir haben in den letzten 12 Monaten personenbezogene Daten zum Zweck der Durchf\u00fchrung von Werbe- und Marketingaktivit\u00e4ten wie folgt \u201everkauft\u201c und \u201eweitergegeben\u201c (wie diese Begriffe im geltenden Recht definiert sind).<\/p>\n\n\n\n<p>Kategorie der personenbezogenen Daten<\/p>\n\n\n\n<ul class=\"wp-block-list\">\n<li>Identifikatoren wie grundlegende Kontaktdaten und bestimmte Bestell- und Kontoinformationen<\/li>\n\n\n\n<li>Kommerzielle Informationen wie Aufzeichnungen \u00fcber gekaufte Produkte oder Dienstleistungen und Einkaufsinformationen<\/li>\n\n\n\n<li>Internet- oder andere \u00e4hnliche Netzwerkaktivit\u00e4ten, wie z. B. Nutzungsdaten<\/li>\n<\/ul>\n\n\n\n<p>Kategorie der personenbezogenen Daten<\/p>\n\n\n\n<ul class=\"wp-block-list\">\n<li>Gesch\u00e4fts- und Marketingpartner<\/li>\n<\/ul>\n\n\n\n<p>Benutzergenerierte Inhalte<\/p>\n\n\n\n<p>Die Dienste erm\u00f6glichen Ihnen m\u00f6glicherweise das Posten von Produktbewertungen und anderen nutzergenerierten Inhalten. Wenn Sie nutzergenerierte Inhalte in einem \u00f6ffentlichen Bereich der Dienste ver\u00f6ffentlichen, sind diese \u00f6ffentlich und f\u00fcr jedermann zug\u00e4nglich.<\/p>\n\n\n\n<p>Wir haben keinen Einfluss darauf, wer Zugriff auf die Informationen hat, die Sie anderen zur Verf\u00fcgung stellen, und k\u00f6nnen nicht garantieren, dass Dritte, die Zugriff auf diese Informationen haben, Ihre Privatsph\u00e4re respektieren oder sch\u00fctzen. Wir sind nicht verantwortlich f\u00fcr den Datenschutz oder die Sicherheit von Informationen, die Sie \u00f6ffentlich zug\u00e4nglich machen, oder f\u00fcr die Richtigkeit, Verwendung oder den Missbrauch von Informationen, die Sie offenlegen oder von Dritten erhalten.<\/p>\n\n\n\n<p>Websites und Links Dritter<\/p>\n\n\n\n<p>Unsere Website kann Links zu Websites oder anderen Online-Plattformen enthalten, die von Dritten betrieben werden. Wenn Sie Links zu Websites folgen, die nicht mit uns verbunden sind oder von uns kontrolliert werden, sollten Sie deren Datenschutz- und Sicherheitsrichtlinien sowie sonstige Gesch\u00e4ftsbedingungen pr\u00fcfen. Wir \u00fcbernehmen keine Garantie und Verantwortung f\u00fcr den Datenschutz oder die Sicherheit solcher Websites, einschlie\u00dflich der Richtigkeit, Vollst\u00e4ndigkeit oder Zuverl\u00e4ssigkeit der dort gefundenen Informationen. Informationen, die Sie auf \u00f6ffentlichen oder halb-\u00f6ffentlichen Plattformen bereitstellen, einschlie\u00dflich Informationen, die Sie auf Social-Networking-Plattformen Dritter teilen, k\u00f6nnen auch f\u00fcr andere Nutzer der Dienste und\/oder Nutzer dieser Plattformen Dritter ohne Einschr\u00e4nkung hinsichtlich ihrer Nutzung durch uns oder Dritte einsehbar sein. Unsere Einbeziehung solcher Links stellt f\u00fcr sich genommen keine Billigung der Inhalte solcher Plattformen oder ihrer Eigent\u00fcmer oder Betreiber dar, au\u00dfer wie in den Diensten offengelegt.<\/p>\n\n\n\n<p>Daten von Kindern<\/p>\n\n\n\n<p>Die Dienste sind nicht f\u00fcr die Nutzung durch Kinder bestimmt, und wir erfassen wissentlich keine personenbezogenen Daten von Kindern. Wenn Sie Elternteil oder Erziehungsberechtigter eines Kindes sind, das uns personenbezogene Daten \u00fcbermittelt hat, k\u00f6nnen Sie uns \u00fcber die unten angegebenen Kontaktdaten kontaktieren und die L\u00f6schung dieser Daten beantragen.<\/p>\n\n\n\n<p>Zum Zeitpunkt des Inkrafttretens dieser Datenschutzrichtlinie ist uns nicht bekannt, dass wir personenbezogene Daten von Personen unter 16 Jahren \u201eweitergeben\u201c oder \u201everkaufen\u201c (wie diese Begriffe im geltenden Recht definiert sind).<font _mstmutation=\"1\"><\/font><\/p>\n\n\n\n<p>Sicherheit und Aufbewahrung Ihrer Daten<\/p>\n\n\n\n<p>Bitte beachten Sie, dass keine Sicherheitsma\u00dfnahmen perfekt oder undurchdringlich sind und wir keine \u201evollkommene Sicherheit\u201c garantieren k\u00f6nnen. Dar\u00fcber hinaus sind die von Ihnen an uns gesendeten Informationen w\u00e4hrend der \u00dcbertragung m\u00f6glicherweise nicht sicher. Wir empfehlen Ihnen, keine unsicheren Kan\u00e4le zu verwenden, um uns sensible oder vertrauliche Informationen mitzuteilen.<\/p>\n\n\n\n<p>Wie lange wir Ihre personenbezogenen Daten aufbewahren, h\u00e4ngt von verschiedenen Faktoren ab, beispielsweise davon, ob wir die Daten ben\u00f6tigen, um Ihr Konto zu verwalten, die Dienste bereitzustellen, gesetzlichen Verpflichtungen nachzukommen, Streitigkeiten beizulegen oder andere geltende Vertr\u00e4ge und Richtlinien durchzusetzen.<\/p>\n\n\n\n<p>Ihre Rechte und Wahlm\u00f6glichkeiten<\/p>\n\n\n\n<p>Je nach Wohnort stehen Ihnen einige oder alle der unten aufgef\u00fchrten Rechte in Bezug auf Ihre personenbezogenen Daten zu. Diese Rechte gelten jedoch nicht uneingeschr\u00e4nkt und nur unter bestimmten Umst\u00e4nden. In bestimmten F\u00e4llen k\u00f6nnen wir Ihre Anfrage im Rahmen der gesetzlichen Bestimmungen ablehnen.<\/p>\n\n\n\n<ul class=\"wp-block-list\">\n<li>Recht auf Zugriff\/Information. Sie haben m\u00f6glicherweise das Recht, Zugriff auf die personenbezogenen Daten zu verlangen, die wir \u00fcber Sie gespeichert haben, einschlie\u00dflich Einzelheiten dar\u00fcber, wie wir Ihre Daten verwenden und weitergeben.<\/li>\n\n\n\n<li>Recht auf L\u00f6schung. Sie haben m\u00f6glicherweise das Recht, die L\u00f6schung der von uns \u00fcber Sie gespeicherten personenbezogenen Daten zu verlangen.<\/li>\n\n\n\n<li>Recht auf Berichtigung. Sie haben m\u00f6glicherweise das Recht, die Berichtigung unrichtiger personenbezogener Daten zu verlangen, die wir \u00fcber Sie gespeichert haben.<\/li>\n\n\n\n<li>Recht auf Daten\u00fcbertragbarkeit. Sie haben m\u00f6glicherweise das Recht, eine Kopie der von uns \u00fcber Sie gespeicherten personenbezogenen Daten zu erhalten und unter bestimmten Umst\u00e4nden und mit bestimmten Ausnahmen die \u00dcbertragung dieser Daten an Dritte zu verlangen.<font _mstmutation=\"1\"><\/font><\/li>\n<\/ul>\n\n\n\n<ul class=\"wp-block-list\">\n<li>Recht auf Widerspruch gegen Verkauf, Weitergabe oder gezielte Werbung. Sie haben m\u00f6glicherweise das Recht, uns anzuweisen, Ihre personenbezogenen Daten nicht zu verkaufen oder weiterzugeben oder der Verarbeitung Ihrer personenbezogenen Daten f\u00fcr Zwecke der \u201egezielten Werbung\u201c gem\u00e4\u00df den geltenden Datenschutzgesetzen zu widersprechen. Bitte beachten Sie: Wenn Sie unsere Website mit aktiviertem Opt-out-Signal \u201eGlobal Privacy Control\u201c besuchen, behandeln wir dies je nach Ihrem Standort automatisch als Widerspruch gegen den Verkauf oder die Weitergabe von Informationen f\u00fcr das von Ihnen f\u00fcr den Besuch der Website verwendete Ger\u00e4t und den Browser.<font _mstmutation=\"1\"><\/font><\/li>\n<\/ul>\n\n\n\n<ul class=\"wp-block-list\">\n<li>Recht auf Einschr\u00e4nkung und\/oder Ablehnung der Nutzung und Offenlegung sensibler personenbezogener Daten. Sie haben m\u00f6glicherweise das Recht, uns anzuweisen, die Nutzung und\/oder Offenlegung sensibler personenbezogener Daten auf das f\u00fcr die Erbringung der Dienste oder die Bereitstellung der von einem durchschnittlichen Menschen erwarteten Waren erforderliche Ma\u00df zu beschr\u00e4nken.<\/li>\n\n\n\n<li>Einschr\u00e4nkung der Verarbeitung: Sie haben m\u00f6glicherweise das Recht, uns aufzufordern, die Verarbeitung personenbezogener Daten einzustellen oder einzuschr\u00e4nken.<\/li>\n\n\n\n<li>Widerruf der Einwilligung: Wenn wir zur Verarbeitung Ihrer personenbezogenen Daten auf Ihre Einwilligung angewiesen sind, haben Sie m\u00f6glicherweise das Recht, diese Einwilligung zu widerrufen.<\/li>\n\n\n\n<li>Einspruch: Sie haben m\u00f6glicherweise das Recht, gegen unsere Entscheidung Einspruch einzulegen, wenn wir Ihre Anfrage ablehnen. Sie k\u00f6nnen dies tun, indem Sie direkt auf unsere Ablehnung antworten.<\/li>\n\n\n\n<li>Verwaltung Ihrer Kommunikationseinstellungen: Wir senden Ihnen ggf. Werbe-E-Mails. Sie k\u00f6nnen den Erhalt dieser E-Mails jederzeit \u00fcber die in unseren E-Mails angezeigte Abmeldeoption abbestellen. Wenn Sie sich abmelden, senden wir Ihnen ggf. weiterhin nicht-werbliche E-Mails, z. B. zu Ihrem Konto oder Ihren Bestellungen.<\/li>\n<\/ul>\n\n\n\n<p>Sie k\u00f6nnen diese Rechte wie auf unserer Site angegeben aus\u00fcben oder indem Sie uns \u00fcber die unten angegebenen Kontaktdaten kontaktieren.<\/p>\n\n\n\n<p>Wir werden Sie nicht diskriminieren, wenn Sie eines dieser Rechte aus\u00fcben. M\u00f6glicherweise m\u00fcssen wir Informationen von Ihnen erfassen, um Ihre Identit\u00e4t zu \u00fcberpr\u00fcfen, z. B. Ihre E-Mail-Adresse oder Kontoinformationen, bevor wir eine inhaltliche Antwort auf die Anfrage geben k\u00f6nnen. Gem\u00e4\u00df geltendem Recht k\u00f6nnen Sie einen bevollm\u00e4chtigten Vertreter benennen, der in Ihrem Namen Anfragen zur Aus\u00fcbung Ihrer Rechte stellt. Bevor wir eine solche Anfrage eines Vertreters annehmen, ben\u00f6tigen wir von diesem einen Nachweis Ihrer Bevollm\u00e4chtigung, in Ihrem Namen zu handeln. M\u00f6glicherweise m\u00fcssen Sie Ihre Identit\u00e4t direkt bei uns best\u00e4tigen. Wir werden Ihre Anfrage zeitnah beantworten, wie nach geltendem Recht erforderlich.<font _mstmutation=\"1\"><\/font><\/p>\n\n\n\n<p>Beschwerden<\/p>\n\n\n\n<p>Wenn Sie Beschwerden \u00fcber die Verarbeitung Ihrer personenbezogenen Daten haben, kontaktieren Sie uns bitte \u00fcber die unten angegebenen Kontaktdaten. Sollten Sie mit unserer Antwort auf Ihre Beschwerde nicht zufrieden sein, haben Sie je nach Ihrem Wohnort m\u00f6glicherweise das Recht, gegen unsere Entscheidung Einspruch einzulegen. Kontaktieren Sie uns dazu \u00fcber die unten angegebenen Kontaktdaten oder reichen Sie Ihre Beschwerde bei Ihrer lokalen Datenschutzbeh\u00f6rde ein.<\/p>\n\n\n\n<p>Internationale Benutzer<\/p>\n\n\n\n<p>Bitte beachten Sie, dass wir Ihre personenbezogenen Daten au\u00dferhalb Ihres Wohnsitzlandes, einschlie\u00dflich der USA, \u00fcbertragen, speichern und verarbeiten k\u00f6nnen. Ihre personenbezogenen Daten werden auch von Mitarbeitern, Drittanbietern und Partnern in diesen L\u00e4ndern verarbeitet.<br>Wenn wir Ihre personenbezogenen Daten aus Europa \u00fcbermitteln, verlassen wir uns auf anerkannte \u00dcbermittlungsmechanismen wie die Standardvertragsklauseln der Europ\u00e4ischen Kommission oder gleichwertige Vertr\u00e4ge der jeweils zust\u00e4ndigen britischen Beh\u00f6rde, sofern zutreffend, es sei denn, die Daten\u00fcbertragung erfolgt in ein Land, das nachweislich ein angemessenes Schutzniveau bietet.<\/p>\n\n\n\n<p>Kontakt<\/p>\n\n\n\n<p>Wenn Sie Fragen zu unseren Datenschutzpraktiken oder dieser Datenschutzrichtlinie haben oder eines der Ihnen zustehenden Rechte aus\u00fcben m\u00f6chten, rufen Sie uns bitte unter 008613772508206 an, senden Sie uns eine E-Mail an coppergranulator@bsghrecycling.com oder kontaktieren Sie uns unter SN, China.<\/p>\n\t\t\t\t\t\t\t\t<\/div>\n\t\t\t\t<\/div>\n\t\t\t\t\t<\/div>\n\t\t<\/div>\n\t\t\t\t\t<\/div>\n\t\t<\/section>\n\t\t\t\t<\/div>","protected":false},"excerpt":{"rendered":"<p>BSGH Privacy Policy.Last updated: 22\/09\/2023 This Privacy Policy describes how BSGH (the &#8220;Site&#8221;, &#8220;we&#8221;, &#8220;us&#8221;, or &#8220;our&#8221;) collects, uses, and discloses your personal information when you visit, use our services, or make a purchase from https:\/\/3t-motorrecycle.com (the &#8220;Site&#8221;) or otherwise communicate with us (collectively, the &#8220;Services&#8221;). For purposes of this Privacy Policy, &#8220;you&#8221; and &#8220;your&#8221; [&hellip;]<\/p>","protected":false},"author":1,"featured_media":0,"parent":0,"menu_order":0,"comment_status":"closed","ping_status":"closed","template":"","meta":{"_seopress_robots_primary_cat":"","_seopress_titles_title":"","_seopress_titles_desc":"","_seopress_robots_index":"","footnotes":""},"class_list":["post-8977","page","type-page","status-publish","hentry"],"_links":{"self":[{"href":"https:\/\/3t-motorrecycle.com\/de\/wp-json\/wp\/v2\/pages\/8977","targetHints":{"allow":["GET"]}}],"collection":[{"href":"https:\/\/3t-motorrecycle.com\/de\/wp-json\/wp\/v2\/pages"}],"about":[{"href":"https:\/\/3t-motorrecycle.com\/de\/wp-json\/wp\/v2\/types\/page"}],"author":[{"embeddable":true,"href":"https:\/\/3t-motorrecycle.com\/de\/wp-json\/wp\/v2\/users\/1"}],"replies":[{"embeddable":true,"href":"https:\/\/3t-motorrecycle.com\/de\/wp-json\/wp\/v2\/comments?post=8977"}],"version-history":[{"count":0,"href":"https:\/\/3t-motorrecycle.com\/de\/wp-json\/wp\/v2\/pages\/8977\/revisions"}],"wp:attachment":[{"href":"https:\/\/3t-motorrecycle.com\/de\/wp-json\/wp\/v2\/media?parent=8977"}],"curies":[{"name":"wp","href":"https:\/\/api.w.org\/{rel}","templated":true}]}}