{"id":11135,"date":"2025-05-26T11:53:30","date_gmt":"2025-05-26T03:53:30","guid":{"rendered":"https:\/\/3t-motorrecycle.com\/?post_type=product&#038;p=11135"},"modified":"2025-05-27T14:48:30","modified_gmt":"2025-05-27T06:48:30","slug":"mini-bsc-elektromotor-abschleppwagen-zu-verkaufen","status":"publish","type":"product","link":"https:\/\/3t-motorrecycle.com\/de\/produkt\/mini-bsc-elektromotor-abschleppwagen-zu-verkaufen\/","title":{"rendered":"Mini BSC Elektromotor-Abschleppwagen zu verkaufen"},"content":{"rendered":"<div data-elementor-type=\"product-post\" data-elementor-id=\"11135\" class=\"elementor elementor-11135\" data-elementor-post-type=\"product\">\n\t\t\t\t\t\t<section class=\"elementor-section elementor-top-section elementor-element elementor-element-44d7e3d custom-ele-section-css elementor-section-boxed elementor-section-height-default elementor-section-height-default\" data-id=\"44d7e3d\" data-element_type=\"section\" data-e-type=\"section\">\n\t\t\t\t\t\t<div class=\"elementor-container elementor-column-gap-default\">\n\t\t\t\t\t<div class=\"elementor-column elementor-col-100 elementor-top-column elementor-element elementor-element-601b55d\" data-id=\"601b55d\" data-element_type=\"column\" data-e-type=\"column\">\n\t\t\t<div class=\"elementor-widget-wrap elementor-element-populated\">\n\t\t\t\t\t\t<div class=\"elementor-element elementor-element-4853e31 elementor-widget elementor-widget-heading\" data-id=\"4853e31\" data-element_type=\"widget\" data-e-type=\"widget\" data-widget_type=\"heading.default\">\n\t\t\t\t<div class=\"elementor-widget-container\">\n\t\t\t\t\t<h2 class=\"elementor-heading-title elementor-size-default\">Mini BSC Elektromotor-Abschleppwagen zu verkaufen<\/h2>\t\t\t\t<\/div>\n\t\t\t\t<\/div>\n\t\t\t\t<div class=\"elementor-element elementor-element-010a2e7 elementor-widget elementor-widget-text-editor\" data-id=\"010a2e7\" data-element_type=\"widget\" data-e-type=\"widget\" data-widget_type=\"text-editor.default\">\n\t\t\t\t<div class=\"elementor-widget-container\">\n\t\t\t\t\t\t\t\t\t<p>Die Mini-Recyclingmaschine f\u00fcr Elektromotoren von BSC ist f\u00fcr den professionellen Umgang mit Schrottmotoren geeignet, deren Leistung unter 1,5 kW liegen sollte. Diese Maschine besteht aus drei Hauptteilen: Hydrauliksystem sowie Schneid- und Ziehteilen.<\/p><ol><li>Schneidteile: Zum Abschneiden eines Endes der Kupferwicklungen des Motorstators.<\/li><li>Ziehteile: Zum Ziehen von Kupferwicklungen mit Krallen;<\/li><li>Hydrauliksystem: Haupts\u00e4chlich zur Steuerung der Schneid- und Zugteile durch Bet\u00e4tigung von Hydraulikstangen.<\/li><\/ol>\t\t\t\t\t\t\t\t<\/div>\n\t\t\t\t<\/div>\n\t\t\t\t<div class=\"elementor-element elementor-element-f96bfc2 elementor-widget elementor-widget-text-editor\" data-id=\"f96bfc2\" data-element_type=\"widget\" data-e-type=\"widget\" data-widget_type=\"text-editor.default\">\n\t\t\t\t<div class=\"elementor-widget-container\">\n\t\t\t\t\t\t\t\t\t<table width=\"743\">\n<tbody>\n<tr>\n<td width=\"360\">Modell&nbsp;<\/td>\n<td width=\"383\">Mini-BSC<\/td>\n<\/tr>\n<tr>\n<td>Motorleistung<\/td>\n<td>3KW<\/td>\n<\/tr>\n<tr>\n<td>Stromspannung<\/td>\n<td>380 V\/220 V<\/td>\n<\/tr>\n<tr>\n<td>Gewicht<\/td>\n<td>150 kg<\/td>\n<\/tr>\n<tr>\n<td>Maschinengr\u00f6\u00dfe<\/td>\n<td>660*730*950 mm<\/td>\n<\/tr>\n<tr>\n<td>Verpackungsgr\u00f6\u00dfe<\/td>\n<td>830*830*900 mm<\/td>\n<\/tr>\n<tr>\n<td>Anwendung<\/td>\n<td>Kleine Motoren unter 1,5 kW<\/td>\n<\/tr>\n<\/tbody>\n<\/table>\t\t\t\t\t\t\t\t<\/div>\n\t\t\t\t<\/div>\n\t\t\t\t<div class=\"elementor-element elementor-element-6b1c65e elementor-widget elementor-widget-text-editor\" data-id=\"6b1c65e\" data-element_type=\"widget\" data-e-type=\"widget\" data-widget_type=\"text-editor.default\">\n\t\t\t\t<div class=\"elementor-widget-container\">\n\t\t\t\t\t\t\t\t\t<p>Die Mini BSC Elektromotor-Abschleppmaschine wird immer mit <a href=\"https:\/\/3t-motorrecycle.com\/de\/kompressor-recyclingmaschine-2\/\">Kompressorgeh\u00e4use-Schneidemaschine<\/a> Zusammen, weil Kompressor-Statoren klein sind, ist Mini BSC die beste wirtschaftliche Wahl, Sie k\u00f6nnen auch andere w\u00e4hlen <a href=\"https:\/\/3t-motorrecycle.com\/de\/abschleppmaschine-fur-elektromotoren\/\">gr\u00f6\u00dfere Motorrecyclingmaschine<\/a>.<\/p>\t\t\t\t\t\t\t\t<\/div>\n\t\t\t\t<\/div>\n\t\t\t\t\t<\/div>\n\t\t<\/div>\n\t\t\t\t\t<\/div>\n\t\t<\/section>\n\t\t\t\t<section class=\"elementor-section elementor-top-section elementor-element elementor-element-79d5355 custom-ele-section-css elementor-section-boxed elementor-section-height-default elementor-section-height-default\" data-id=\"79d5355\" data-element_type=\"section\" data-e-type=\"section\">\n\t\t\t\t\t\t<div class=\"elementor-container elementor-column-gap-default\">\n\t\t\t\t\t<div class=\"elementor-column elementor-col-100 elementor-top-column elementor-element elementor-element-4083595\" data-id=\"4083595\" data-element_type=\"column\" data-e-type=\"column\">\n\t\t\t<div class=\"elementor-widget-wrap elementor-element-populated\">\n\t\t\t\t\t\t<div class=\"elementor-element elementor-element-d9b085b elementor-widget elementor-widget-heading\" data-id=\"d9b085b\" data-element_type=\"widget\" data-e-type=\"widget\" data-widget_type=\"heading.default\">\n\t\t\t\t<div class=\"elementor-widget-container\">\n\t\t\t\t\t<h2 class=\"elementor-heading-title elementor-size-default\">Arbeitsprozess der Mini BSC Elektromotor-Abschleppmaschine<\/h2>\t\t\t\t<\/div>\n\t\t\t\t<\/div>\n\t\t\t\t<div class=\"elementor-element elementor-element-ba1a7d8 elementor-widget elementor-widget-text-editor\" data-id=\"ba1a7d8\" data-element_type=\"widget\" data-e-type=\"widget\" data-widget_type=\"text-editor.default\">\n\t\t\t\t<div class=\"elementor-widget-container\">\n\t\t\t\t\t\t\t\t\t<ol><li>Schalten Sie den Luftleistungsschalter ein, der Motor beginnt zu arbeiten.<\/li><li>Drehen Sie den schwarzen Knopf und stellen Sie den Druck auf ein geeignetes Niveau ein (im Uhrzeigersinn zum Erh\u00f6hen und gegen den Uhrzeigersinn zum Verringern des Drucks).<\/li><li>Dr\u00fccken Sie die hydraulische Schneidstange nach unten und drehen Sie den Stator des Schrottmotors, sodass die Klinge ein Ende der Kupferwicklung des Stators des Schrottmotors vollst\u00e4ndig durchschneidet.<\/li><li>Dr\u00fccken Sie die Hydraulikstange nach unten, um den \u00d6ffnungsbereich der Klauen anzupassen, setzen Sie sie dann zur\u00fcck und beenden Sie das Ziehen des Kupfers.<\/li><\/ol>\t\t\t\t\t\t\t\t<\/div>\n\t\t\t\t<\/div>\n\t\t\t\t\t<\/div>\n\t\t<\/div>\n\t\t\t\t\t<\/div>\n\t\t<\/section>\n\t\t\t\t<section class=\"elementor-section elementor-top-section elementor-element elementor-element-42f0f0c custom-ele-section-css elementor-section-boxed elementor-section-height-default elementor-section-height-default\" data-id=\"42f0f0c\" data-element_type=\"section\" data-e-type=\"section\">\n\t\t\t\t\t\t<div class=\"elementor-container elementor-column-gap-default\">\n\t\t\t\t\t<div class=\"elementor-column elementor-col-100 elementor-top-column elementor-element elementor-element-0cff855\" data-id=\"0cff855\" data-element_type=\"column\" data-e-type=\"column\">\n\t\t\t<div class=\"elementor-widget-wrap elementor-element-populated\">\n\t\t\t\t\t\t<div class=\"elementor-element elementor-element-c2bff56 elementor-widget elementor-widget-heading\" data-id=\"c2bff56\" data-element_type=\"widget\" data-e-type=\"widget\" data-widget_type=\"heading.default\">\n\t\t\t\t<div class=\"elementor-widget-container\">\n\t\t\t\t\t<h2 class=\"elementor-heading-title elementor-size-default\">Vorteile der Mini BSC Schrottmotor-Abschleppmaschine<\/h2>\t\t\t\t<\/div>\n\t\t\t\t<\/div>\n\t\t\t\t<section class=\"elementor-section elementor-inner-section elementor-element elementor-element-3a68a8d6 custom-ele-section-css elementor-section-boxed elementor-section-height-default elementor-section-height-default\" data-id=\"3a68a8d6\" data-element_type=\"section\" data-e-type=\"section\">\n\t\t\t\t\t\t<div class=\"elementor-container elementor-column-gap-extended\">\n\t\t\t\t\t<div class=\"elementor-column elementor-col-50 elementor-inner-column elementor-element elementor-element-634a7c97\" data-id=\"634a7c97\" data-element_type=\"column\" data-e-type=\"column\">\n\t\t\t<div class=\"elementor-widget-wrap elementor-element-populated\">\n\t\t\t\t\t\t<div class=\"elementor-element elementor-element-b46b909 elementor-view-stacked elementor-position-inline-start elementor-shape-circle elementor-mobile-position-block-start elementor-widget elementor-widget-icon-box\" data-id=\"b46b909\" data-element_type=\"widget\" data-e-type=\"widget\" data-widget_type=\"icon-box.default\">\n\t\t\t\t<div class=\"elementor-widget-container\">\n\t\t\t\t\t\t\t<div class=\"elementor-icon-box-wrapper\">\n\n\t\t\t\t\t\t<div class=\"elementor-icon-box-icon\">\n\t\t\t\t<span  class=\"elementor-icon\">\n\t\t\t\t<i aria-hidden=\"true\" class=\"fas fa-strikethrough\"><\/i>\t\t\t\t<\/span>\n\t\t\t<\/div>\n\t\t\t\n\t\t\t\t\t\t<div class=\"elementor-icon-box-content\">\n\n\t\t\t\t\t\t\t\t\t<h3 class=\"elementor-icon-box-title\">\n\t\t\t\t\t\t<span  >\n\t\t\t\t\t\t\tWirtschaftliche Vorteile\t\t\t\t\t\t<\/span>\n\t\t\t\t\t<\/h3>\n\t\t\t\t\n\t\t\t\t\t\t\t\t\t<p class=\"elementor-icon-box-description\">\n\t\t\t\t\t\tAusgestattet mit einer Hydraulikpumpe ist es ger\u00e4uscharm und verbessert die Arbeitseffizienz beim Schneiden und Ziehen, um den Kunden einen gro\u00dfen Gewinn zu bringen.\t\t\t\t\t<\/p>\n\t\t\t\t\n\t\t\t<\/div>\n\t\t\t\n\t\t<\/div>\n\t\t\t\t\t\t<\/div>\n\t\t\t\t<\/div>\n\t\t\t\t<div class=\"elementor-element elementor-element-50402052 elementor-view-stacked elementor-position-inline-start elementor-shape-circle elementor-mobile-position-block-start elementor-widget elementor-widget-icon-box\" data-id=\"50402052\" data-element_type=\"widget\" data-e-type=\"widget\" data-widget_type=\"icon-box.default\">\n\t\t\t\t<div class=\"elementor-widget-container\">\n\t\t\t\t\t\t\t<div class=\"elementor-icon-box-wrapper\">\n\n\t\t\t\t\t\t<div class=\"elementor-icon-box-icon\">\n\t\t\t\t<span  class=\"elementor-icon\">\n\t\t\t\t<i aria-hidden=\"true\" class=\"fas fa-shower\"><\/i>\t\t\t\t<\/span>\n\t\t\t<\/div>\n\t\t\t\n\t\t\t\t\t\t<div class=\"elementor-icon-box-content\">\n\n\t\t\t\t\t\t\t\t\t<h3 class=\"elementor-icon-box-title\">\n\t\t\t\t\t\t<span  >\n\t\t\t\t\t\t\tLanglebige Struktur\t\t\t\t\t\t<\/span>\n\t\t\t\t\t<\/h3>\n\t\t\t\t\n\t\t\t\t\t\t\t\t\t<p class=\"elementor-icon-box-description\">\n\t\t\t\t\t\tHochwertiger legierter Stahl und Eisenmaterialien machen die Maschine zuverl\u00e4ssig und stabil. Dank Tests vor dem Versand und dem Antrieb durch ein Hydrauliksystem gew\u00e4hrleistet der Mini BSC-Motorabschlepper einen robusten und langfristigen Einsatz.\t\t\t\t\t<\/p>\n\t\t\t\t\n\t\t\t<\/div>\n\t\t\t\n\t\t<\/div>\n\t\t\t\t\t\t<\/div>\n\t\t\t\t<\/div>\n\t\t\t\t\t<\/div>\n\t\t<\/div>\n\t\t\t\t<div class=\"elementor-column elementor-col-50 elementor-inner-column elementor-element elementor-element-1ae40595\" data-id=\"1ae40595\" data-element_type=\"column\" data-e-type=\"column\">\n\t\t\t<div class=\"elementor-widget-wrap elementor-element-populated\">\n\t\t\t\t\t\t<div class=\"elementor-element elementor-element-51386e8e elementor-view-stacked elementor-position-inline-start elementor-shape-circle elementor-mobile-position-block-start elementor-widget elementor-widget-icon-box\" data-id=\"51386e8e\" data-element_type=\"widget\" data-e-type=\"widget\" data-widget_type=\"icon-box.default\">\n\t\t\t\t<div class=\"elementor-widget-container\">\n\t\t\t\t\t\t\t<div class=\"elementor-icon-box-wrapper\">\n\n\t\t\t\t\t\t<div class=\"elementor-icon-box-icon\">\n\t\t\t\t<span  class=\"elementor-icon\">\n\t\t\t\t<i aria-hidden=\"true\" class=\"fas fa-anchor\"><\/i>\t\t\t\t<\/span>\n\t\t\t<\/div>\n\t\t\t\n\t\t\t\t\t\t<div class=\"elementor-icon-box-content\">\n\n\t\t\t\t\t\t\t\t\t<h3 class=\"elementor-icon-box-title\">\n\t\t\t\t\t\t<span  >\n\t\t\t\t\t\t\tbreite Anwendung\t\t\t\t\t\t<\/span>\n\t\t\t\t\t<\/h3>\n\t\t\t\t\n\t\t\t\t\t\t\t\t\t<p class=\"elementor-icon-box-description\">\n\t\t\t\t\t\tMini BSC ist klein und ben\u00f6tigt nur wenig Platz. Sie k\u00f6nnen die Maschine mit einphasigem oder dreiphasigem Strom betreiben.\t\t\t\t\t<\/p>\n\t\t\t\t\n\t\t\t<\/div>\n\t\t\t\n\t\t<\/div>\n\t\t\t\t\t\t<\/div>\n\t\t\t\t<\/div>\n\t\t\t\t<div class=\"elementor-element elementor-element-4ae67fd7 elementor-view-stacked elementor-position-inline-start elementor-shape-circle elementor-mobile-position-block-start elementor-widget elementor-widget-icon-box\" data-id=\"4ae67fd7\" data-element_type=\"widget\" data-e-type=\"widget\" data-widget_type=\"icon-box.default\">\n\t\t\t\t<div class=\"elementor-widget-container\">\n\t\t\t\t\t\t\t<div class=\"elementor-icon-box-wrapper\">\n\n\t\t\t\t\t\t<div class=\"elementor-icon-box-icon\">\n\t\t\t\t<span  class=\"elementor-icon\">\n\t\t\t\t<i aria-hidden=\"true\" class=\"fas fa-briefcase\"><\/i>\t\t\t\t<\/span>\n\t\t\t<\/div>\n\t\t\t\n\t\t\t\t\t\t<div class=\"elementor-icon-box-content\">\n\n\t\t\t\t\t\t\t\t\t<h3 class=\"elementor-icon-box-title\">\n\t\t\t\t\t\t<span  >\n\t\t\t\t\t\t\teinfach zu bedienen\t\t\t\t\t\t<\/span>\n\t\t\t\t\t<\/h3>\n\t\t\t\t\n\t\t\t\t\t\t\t\t\t<p class=\"elementor-icon-box-description\">\n\t\t\t\t\t\tUnser Mini BSC Elektromotor-Abwracker ist einfach zu bedienen \u2013 auch f\u00fcr Einsteiger in die Motorenverwertung. Dank der einfachen Zwei-Griff-Steuerung ist die Maschine auch f\u00fcr Anf\u00e4nger intuitiv und benutzerfreundlich.\t\t\t\t\t<\/p>\n\t\t\t\t\n\t\t\t<\/div>\n\t\t\t\n\t\t<\/div>\n\t\t\t\t\t\t<\/div>\n\t\t\t\t<\/div>\n\t\t\t\t\t<\/div>\n\t\t<\/div>\n\t\t\t\t\t<\/div>\n\t\t<\/section>\n\t\t\t\t\t<\/div>\n\t\t<\/div>\n\t\t\t\t\t<\/div>\n\t\t<\/section>\n\t\t\t\t<section class=\"elementor-section elementor-top-section elementor-element elementor-element-4562cf9 custom-ele-section-css elementor-section-boxed elementor-section-height-default elementor-section-height-default\" data-id=\"4562cf9\" data-element_type=\"section\" data-e-type=\"section\" data-settings=\"{&quot;background_background&quot;:&quot;classic&quot;}\">\n\t\t\t\t\t\t<div class=\"elementor-container elementor-column-gap-default\">\n\t\t\t\t\t<div class=\"elementor-column elementor-col-100 elementor-top-column elementor-element elementor-element-758113e\" data-id=\"758113e\" data-element_type=\"column\" data-e-type=\"column\">\n\t\t\t<div class=\"elementor-widget-wrap elementor-element-populated\">\n\t\t\t\t\t\t<div class=\"elementor-element elementor-element-cc1191f elementor-widget elementor-widget-heading\" data-id=\"cc1191f\" data-element_type=\"widget\" data-e-type=\"widget\" data-widget_type=\"heading.default\">\n\t\t\t\t<div class=\"elementor-widget-container\">\n\t\t\t\t\t<h2 class=\"elementor-heading-title elementor-size-default\">M\u00f6gliche Probleme und L\u00f6sungen<\/h2>\t\t\t\t<\/div>\n\t\t\t\t<\/div>\n\t\t\t\t<div class=\"elementor-element elementor-element-1499343 elementor-widget elementor-widget-text-editor\" data-id=\"1499343\" data-element_type=\"widget\" data-e-type=\"widget\" data-widget_type=\"text-editor.default\">\n\t\t\t\t<div class=\"elementor-widget-container\">\n\t\t\t\t\t\t\t\t\t<ol><li>Wie bereits erw\u00e4hnt, \u00fcberpr\u00fcfen Sie, ob Hydraulik\u00f6l 4\/5 Standard 46# hinzugef\u00fcgt wurde, wenn der Zylinder nicht reibungslos oder gar nicht funktioniert.<\/li><\/ol><ol start=\"2\"><li>Der Kupfergreiferkopf kann nach l\u00e4ngerem Gebrauch von selbst abfallen. Sie m\u00fcssen 6 Schrauben von der Verbindung zwischen dem Zylinderende und dem \u00d6lzylinder entfernen und dann bis zum tiefsten Teil der \u00d6lzylinder-Schubstange festschrauben. Ziehen Sie dabei das Sicherungsgewinde fest. Verbinden Sie anschlie\u00dfend den Zylinder gut mit dem \u00d6lzylinder.<\/li><li>Wenn Sie \u00fcber einen l\u00e4ngeren Zeitraum nur eine Funktion verwenden, sollten Sie auch die nicht verwendeten Funktionsschalter einschalten und bei jedem Einschalten der Maschine zur\u00fccksetzen, um einen normalen Betrieb sicherzustellen. Andernfalls k\u00f6nnen sich \u00fcber einen l\u00e4ngeren Zeitraum nicht verwendete Funktionen \u00e4ndern und den Betrieb der gesamten Maschine beeintr\u00e4chtigen.<\/li><\/ol>\t\t\t\t\t\t\t\t<\/div>\n\t\t\t\t<\/div>\n\t\t\t\t\t<\/div>\n\t\t<\/div>\n\t\t\t\t\t<\/div>\n\t\t<\/section>\n\t\t\t\t<section class=\"elementor-section elementor-top-section elementor-element elementor-element-421d8ce custom-ele-section-css elementor-section-boxed elementor-section-height-default elementor-section-height-default\" data-id=\"421d8ce\" data-element_type=\"section\" data-e-type=\"section\">\n\t\t\t\t\t\t<div class=\"elementor-container elementor-column-gap-default\">\n\t\t\t\t\t<div class=\"elementor-column elementor-col-100 elementor-top-column elementor-element elementor-element-60d7573\" data-id=\"60d7573\" data-element_type=\"column\" data-e-type=\"column\">\n\t\t\t<div class=\"elementor-widget-wrap elementor-element-populated\">\n\t\t\t\t\t\t<div class=\"elementor-element elementor-element-6952802 elementor-widget elementor-widget-heading\" data-id=\"6952802\" data-element_type=\"widget\" data-e-type=\"widget\" data-widget_type=\"heading.default\">\n\t\t\t\t<div class=\"elementor-widget-container\">\n\t\t\t\t\t<h2 class=\"elementor-heading-title elementor-size-default\">Verpackung der Mini-BSC-Elektromotor-Abschleppmaschine<\/h2>\t\t\t\t<\/div>\n\t\t\t\t<\/div>\n\t\t\t\t<div class=\"elementor-element elementor-element-7bbb4b4 elementor-widget elementor-widget-gallery\" data-id=\"7bbb4b4\" data-element_type=\"widget\" data-e-type=\"widget\" data-settings=\"{&quot;columns&quot;:2,&quot;aspect_ratio&quot;:&quot;4:3&quot;,&quot;lazyload&quot;:&quot;yes&quot;,&quot;gallery_layout&quot;:&quot;grid&quot;,&quot;columns_tablet&quot;:2,&quot;columns_mobile&quot;:1,&quot;gap&quot;:{&quot;unit&quot;:&quot;px&quot;,&quot;size&quot;:10,&quot;sizes&quot;:[]},&quot;gap_tablet&quot;:{&quot;unit&quot;:&quot;px&quot;,&quot;size&quot;:10,&quot;sizes&quot;:[]},&quot;gap_mobile&quot;:{&quot;unit&quot;:&quot;px&quot;,&quot;size&quot;:10,&quot;sizes&quot;:[]},&quot;link_to&quot;:&quot;file&quot;,&quot;overlay_background&quot;:&quot;yes&quot;,&quot;content_hover_animation&quot;:&quot;fade-in&quot;}\" data-widget_type=\"gallery.default\">\n\t\t\t\t<div class=\"elementor-widget-container\">\n\t\t\t\t\t\t\t<div class=\"elementor-gallery__container\">\n\t\t\t\t\t\t\t<a class=\"e-gallery-item elementor-gallery-item elementor-animated-content\" href=\"https:\/\/3t-motorrecycle.com\/wp-content\/uploads\/2024\/10\/Plasma-Compressor-Case-Cutter-packing-picture.jpg\" data-elementor-open-lightbox=\"yes\" data-elementor-lightbox-slideshow=\"7bbb4b4\" data-elementor-lightbox-title=\"Plasma Compressor Case Cutter packing picture\" data-e-action-hash=\"#elementor-action%3Aaction%3Dlightbox%26settings%3DeyJpZCI6MTA5NzMsInVybCI6Imh0dHBzOlwvXC8zdC1tb3RvcnJlY3ljbGUuY29tXC93cC1jb250ZW50XC91cGxvYWRzXC8yMDI0XC8xMFwvUGxhc21hLUNvbXByZXNzb3ItQ2FzZS1DdXR0ZXItcGFja2luZy1waWN0dXJlLmpwZyIsInNsaWRlc2hvdyI6IjdiYmI0YjQifQ%3D%3D\">\n\t\t\t\t\t<div class=\"e-gallery-image elementor-gallery-item__image\" data-thumbnail=\"https:\/\/3t-motorrecycle.com\/wp-content\/uploads\/2024\/10\/Plasma-Compressor-Case-Cutter-packing-picture.jpg\" data-width=\"400\" data-height=\"600\" aria-label=\"Verpackungsbild des Plasmakompressor-Geh\u00e4useschneiders\" role=\"img\" ><\/div>\n\t\t\t\t\t\t\t\t\t\t\t<div class=\"elementor-gallery-item__overlay\"><\/div>\n\t\t\t\t\t\t\t\t\t\t\t\t\t\t<\/a>\n\t\t\t\t\t\t\t<a class=\"e-gallery-item elementor-gallery-item elementor-animated-content\" href=\"https:\/\/3t-motorrecycle.com\/wp-content\/uploads\/2024\/10\/Plasma-Compressor-Case-Cutter-delivery.jpg\" data-elementor-open-lightbox=\"yes\" data-elementor-lightbox-slideshow=\"7bbb4b4\" data-elementor-lightbox-title=\"Plasma Compressor Case Cutter delivery\" data-e-action-hash=\"#elementor-action%3Aaction%3Dlightbox%26settings%3DeyJpZCI6MTA5NzgsInVybCI6Imh0dHBzOlwvXC8zdC1tb3RvcnJlY3ljbGUuY29tXC93cC1jb250ZW50XC91cGxvYWRzXC8yMDI0XC8xMFwvUGxhc21hLUNvbXByZXNzb3ItQ2FzZS1DdXR0ZXItZGVsaXZlcnkuanBnIiwic2xpZGVzaG93IjoiN2JiYjRiNCJ9\">\n\t\t\t\t\t<div class=\"e-gallery-image elementor-gallery-item__image\" data-thumbnail=\"https:\/\/3t-motorrecycle.com\/wp-content\/uploads\/2024\/10\/Plasma-Compressor-Case-Cutter-delivery.jpg\" data-width=\"400\" data-height=\"600\" aria-label=\"Lieferung des Plasmakompressor-Geh\u00e4useschneiders\" role=\"img\" ><\/div>\n\t\t\t\t\t\t\t\t\t\t\t<div class=\"elementor-gallery-item__overlay\"><\/div>\n\t\t\t\t\t\t\t\t\t\t\t\t\t\t<\/a>\n\t\t\t\t\t\t\t<a class=\"e-gallery-item elementor-gallery-item elementor-animated-content\" href=\"https:\/\/3t-motorrecycle.com\/wp-content\/uploads\/2023\/08\/packing.jpg\" data-elementor-open-lightbox=\"yes\" data-elementor-lightbox-slideshow=\"7bbb4b4\" data-elementor-lightbox-title=\"packing\" data-e-action-hash=\"#elementor-action%3Aaction%3Dlightbox%26settings%3DeyJpZCI6NzY0MCwidXJsIjoiaHR0cHM6XC9cLzN0LW1vdG9ycmVjeWNsZS5jb21cL3dwLWNvbnRlbnRcL3VwbG9hZHNcLzIwMjNcLzA4XC9wYWNraW5nLmpwZyIsInNsaWRlc2hvdyI6IjdiYmI0YjQifQ%3D%3D\">\n\t\t\t\t\t<div class=\"e-gallery-image elementor-gallery-item__image\" data-thumbnail=\"https:\/\/3t-motorrecycle.com\/wp-content\/uploads\/2023\/08\/packing.jpg\" data-width=\"565\" data-height=\"500\" aria-label=\"Verpackung\" role=\"img\" ><\/div>\n\t\t\t\t\t\t\t\t\t\t\t<div class=\"elementor-gallery-item__overlay\"><\/div>\n\t\t\t\t\t\t\t\t\t\t\t\t\t\t<\/a>\n\t\t\t\t\t\t\t<a class=\"e-gallery-item elementor-gallery-item elementor-animated-content\" href=\"https:\/\/3t-motorrecycle.com\/wp-content\/uploads\/2023\/07\/german-motor-wrecker.jpg\" data-elementor-open-lightbox=\"yes\" data-elementor-lightbox-slideshow=\"7bbb4b4\" data-elementor-lightbox-title=\"german motor wrecker\" data-e-action-hash=\"#elementor-action%3Aaction%3Dlightbox%26settings%3DeyJpZCI6MzY3OCwidXJsIjoiaHR0cHM6XC9cLzN0LW1vdG9ycmVjeWNsZS5jb21cL3dwLWNvbnRlbnRcL3VwbG9hZHNcLzIwMjNcLzA3XC9nZXJtYW4tbW90b3Itd3JlY2tlci5qcGciLCJzbGlkZXNob3ciOiI3YmJiNGI0In0%3D\">\n\t\t\t\t\t<div class=\"e-gallery-image elementor-gallery-item__image\" data-thumbnail=\"https:\/\/3t-motorrecycle.com\/wp-content\/uploads\/2023\/07\/german-motor-wrecker-768x419.jpg\" data-width=\"768\" data-height=\"419\" aria-label=\"deutscher Motorwracker\" role=\"img\" ><\/div>\n\t\t\t\t\t\t\t\t\t\t\t<div class=\"elementor-gallery-item__overlay\"><\/div>\n\t\t\t\t\t\t\t\t\t\t\t\t\t\t<\/a>\n\t\t\t\t\t<\/div>\n\t\t\t\t\t<\/div>\n\t\t\t\t<\/div>\n\t\t\t\t\t<\/div>\n\t\t<\/div>\n\t\t\t\t\t<\/div>\n\t\t<\/section>\n\t\t\t\t<\/div>","protected":false},"excerpt":{"rendered":"<p>Der Mini-BSC-Elektromotoren-Abwracker ist weltweit bei kleinen Schrottpl\u00e4tzen oder im privaten Gebrauch sehr beliebt, um Altmotoren zu recyceln. Diese Maschine eignet sich haupts\u00e4chlich f\u00fcr kleine Motorstatoren mit einem Durchmesser von unter 120 mm.<\/p>\n<ul>\n<li>Der Mini BSC wurde speziell f\u00fcr die Demontage kleiner Elektromotoren, insbesondere von Haushaltsger\u00e4ten, entwickelt. Er ist die perfekte L\u00f6sung f\u00fcr Kleinrecycler, Familien oder Schrottpl\u00e4tze, die nach einer effizienten Methode zur Kupfergewinnung suchen.<\/li>\n<li>Hohe Qualit\u00e4t und niedriger Preis: Diese Maschine ist sehr g\u00fcnstig, nur 2.000 USD, ein Modelltyp, der speziell auf Kunden mit kleinerem Budget zugeschnitten ist.<\/li>\n<li>Volle Funktionen: Lassen Sie sich nicht von seiner kompakten Gr\u00f6\u00dfe t\u00e4uschen \u2013 die Mini BSC Elektromotor-Abschleppmaschine kann <strong data-start=\"754\" data-end=\"786\">Kupferwicklungen schneiden und ziehen<\/strong> von Motorstatoren schnell und einfach. Es vereint Schneide- und Abisolierfunktionen in einer Einheit, verbessert die Effizienz und spart Arbeit.<\/li>\n<li>Leicht zu bewegen: Mit einer Stellfl\u00e4che von nur <strong data-start=\"977\" data-end=\"999\">660 \u00d7 730 \u00d7 950 mm<\/strong> Dank der integrierten R\u00e4der ist der Mini BSC \u00e4u\u00dferst mobil. Sie k\u00f6nnen ihn m\u00fchelos an Ihrem Arbeitsplatz bewegen \u2013 kein Gabelstapler oder Spezialger\u00e4t erforderlich.<\/li>\n<\/ul>","protected":false},"featured_media":11203,"comment_status":"open","ping_status":"closed","template":"","meta":{"_seopress_robots_primary_cat":"none","_seopress_titles_title":"Mini BSC Electric Motor Wrecker For Sale","_seopress_titles_desc":"The BSM-100 used electric motor recycling machine is mainly used for recycling copper winding in various scrap motor stators. BSM-100 can efficiently recycle various scrap motor stators...","_seopress_robots_index":""},"product_brand":[],"product_cat":[23,22],"product_tag":[],"class_list":{"0":"post-11135","1":"product","2":"type-product","3":"status-publish","4":"has-post-thumbnail","6":"product_cat-compressor-recycling-machine","7":"product_cat-normal-motor-recycling-machine","9":"first","10":"instock","11":"shipping-taxable","12":"product-type-simple"},"_links":{"self":[{"href":"https:\/\/3t-motorrecycle.com\/de\/wp-json\/wp\/v2\/product\/11135","targetHints":{"allow":["GET"]}}],"collection":[{"href":"https:\/\/3t-motorrecycle.com\/de\/wp-json\/wp\/v2\/product"}],"about":[{"href":"https:\/\/3t-motorrecycle.com\/de\/wp-json\/wp\/v2\/types\/product"}],"replies":[{"embeddable":true,"href":"https:\/\/3t-motorrecycle.com\/de\/wp-json\/wp\/v2\/comments?post=11135"}],"version-history":[{"count":0,"href":"https:\/\/3t-motorrecycle.com\/de\/wp-json\/wp\/v2\/product\/11135\/revisions"}],"wp:featuredmedia":[{"embeddable":true,"href":"https:\/\/3t-motorrecycle.com\/de\/wp-json\/wp\/v2\/media\/11203"}],"wp:attachment":[{"href":"https:\/\/3t-motorrecycle.com\/de\/wp-json\/wp\/v2\/media?parent=11135"}],"wp:term":[{"taxonomy":"product_brand","embeddable":true,"href":"https:\/\/3t-motorrecycle.com\/de\/wp-json\/wp\/v2\/product_brand?post=11135"},{"taxonomy":"product_cat","embeddable":true,"href":"https:\/\/3t-motorrecycle.com\/de\/wp-json\/wp\/v2\/product_cat?post=11135"},{"taxonomy":"product_tag","embeddable":true,"href":"https:\/\/3t-motorrecycle.com\/de\/wp-json\/wp\/v2\/product_tag?post=11135"}],"curies":[{"name":"wp","href":"https:\/\/api.w.org\/{rel}","templated":true}]}}