{"id":8977,"date":"2023-09-22T12:14:54","date_gmt":"2023-09-22T04:14:54","guid":{"rendered":"https:\/\/3t-motorrecycle.com\/?page_id=8977"},"modified":"2023-09-22T13:47:39","modified_gmt":"2023-09-22T05:47:39","slug":"politica-de-privacidad","status":"publish","type":"page","link":"https:\/\/3t-motorrecycle.com\/es\/politica-de-privacidad\/","title":{"rendered":"pol\u00edtica de privacidad"},"content":{"rendered":"<div data-elementor-type=\"wp-page\" data-elementor-id=\"8977\" class=\"elementor elementor-8977\" data-elementor-post-type=\"page\">\n\t\t\t\t\t\t<section class=\"elementor-section elementor-top-section elementor-element elementor-element-3b051977 elementor-section-boxed elementor-section-height-default elementor-section-height-default\" data-id=\"3b051977\" data-element_type=\"section\">\n\t\t\t\t\t\t<div class=\"elementor-container elementor-column-gap-default\">\n\t\t\t\t\t<div class=\"elementor-column elementor-col-100 elementor-top-column elementor-element elementor-element-216b0fa4\" data-id=\"216b0fa4\" data-element_type=\"column\">\n\t\t\t<div class=\"elementor-widget-wrap elementor-element-populated\">\n\t\t\t\t\t\t<div class=\"elementor-element elementor-element-ece7634 elementor-widget elementor-widget-heading\" data-id=\"ece7634\" data-element_type=\"widget\" data-widget_type=\"heading.default\">\n\t\t\t\t<div class=\"elementor-widget-container\">\n\t\t\t\t\t<h2 class=\"elementor-heading-title elementor-size-default\">pol\u00edtica de privacidad<\/h2>\t\t\t\t<\/div>\n\t\t\t\t<\/div>\n\t\t\t\t<div class=\"elementor-element elementor-element-e57088d elementor-widget elementor-widget-text-editor\" data-id=\"e57088d\" data-element_type=\"widget\" data-widget_type=\"text-editor.default\">\n\t\t\t\t<div class=\"elementor-widget-container\">\n\t\t\t\t\t\t\t\t\t\n<p><font _mstmutation=\"1\"><\/font>Pol\u00edtica de privacidad de BSGH.<br>\u00daltima actualizaci\u00f3n: 22\/09\/2023<\/p>\n\n\n\n<p>Esta Pol\u00edtica de Privacidad describe c\u00f3mo BSGH (el &quot;Sitio&quot;, &quot;nosotros&quot;, &quot;nos&quot; o &quot;nuestro&quot;) recopila, utiliza y divulga su informaci\u00f3n personal cuando visita, utiliza nuestros servicios, realiza una compra en https:\/\/3t-motorrecycle.com (el &quot;Sitio&quot;) o se comunica con nosotros de cualquier otra forma (en conjunto, los &quot;Servicios&quot;). A los efectos de esta Pol\u00edtica de Privacidad, &quot;usted&quot; y &quot;su&quot; se refieren a usted como usuario de los Servicios, ya sea cliente, visitante del sitio web u otra persona cuya informaci\u00f3n hayamos recopilado de conformidad con esta Pol\u00edtica de Privacidad.<\/p>\n\n\n\n<p>Lea atentamente esta Pol\u00edtica de Privacidad. Al usar y acceder a cualquiera de los Servicios, usted acepta la recopilaci\u00f3n, el uso y la divulgaci\u00f3n de su informaci\u00f3n seg\u00fan lo descrito en esta Pol\u00edtica de Privacidad. Si no est\u00e1 de acuerdo con esta Pol\u00edtica de Privacidad, le rogamos que no use ni acceda a ninguno de los Servicios.<\/p>\n\n\n\n<p>Cambios a esta Pol\u00edtica de Privacidad<\/p>\n\n\n\n<p>Podemos actualizar esta Pol\u00edtica de Privacidad peri\u00f3dicamente, incluso para reflejar cambios en nuestras pr\u00e1cticas o por otros motivos operativos, legales o regulatorios. Publicaremos la Pol\u00edtica de Privacidad revisada en el Sitio, actualizaremos la fecha de &quot;\u00daltima actualizaci\u00f3n&quot; y tomaremos cualquier otra medida que exija la legislaci\u00f3n aplicable.<\/p>\n\n\n\n<p>C\u00f3mo recopilamos y utilizamos su informaci\u00f3n personal<\/p>\n\n\n\n<p>Para prestar los Servicios, recopilamos y hemos recopilado durante los \u00faltimos 12 meses informaci\u00f3n personal sobre usted de diversas fuentes, como se detalla a continuaci\u00f3n. La informaci\u00f3n que recopilamos y utilizamos var\u00eda seg\u00fan c\u00f3mo interact\u00fae con nosotros.<\/p>\n\n\n\n<p>Adem\u00e1s de los usos espec\u00edficos que se detallan a continuaci\u00f3n, podemos utilizar la informaci\u00f3n que recopilemos sobre usted para comunicarnos con usted, proporcionar los Servicios, cumplir con cualquier obligaci\u00f3n legal aplicable, hacer cumplir los t\u00e9rminos de servicio aplicables y proteger o defender los Servicios, nuestros derechos y los derechos de nuestros usuarios u otros.<\/p>\n\n\n\n<p>Qu\u00e9 informaci\u00f3n personal recopilamos<\/p>\n\n\n\n<p>Los tipos de informaci\u00f3n personal que obtenemos sobre usted dependen de c\u00f3mo interact\u00fae con nuestro Sitio y utilice nuestros Servicios. Cuando usamos el t\u00e9rmino &quot;informaci\u00f3n personal&quot;, nos referimos a la informaci\u00f3n que lo identifica, se relaciona con usted, lo describe o puede asociarse con usted. Las siguientes secciones describen las categor\u00edas y los tipos espec\u00edficos de informaci\u00f3n personal que recopilamos.<\/p>\n\n\n\n<p>Informaci\u00f3n que recopilamos directamente de usted<\/p>\n\n\n\n<p>La informaci\u00f3n que nos env\u00ede directamente a trav\u00e9s de nuestros Servicios puede incluir:<\/p>\n\n\n\n<ul class=\"wp-block-list\">\n<li>Datos de contacto b\u00e1sicos, incluidos su nombre, direcci\u00f3n, n\u00famero de tel\u00e9fono y correo electr\u00f3nico.<\/li>\n\n\n\n<li>Informaci\u00f3n del pedido, incluyendo su nombre, direcci\u00f3n de facturaci\u00f3n, direcci\u00f3n de env\u00edo, confirmaci\u00f3n de pago, direcci\u00f3n de correo electr\u00f3nico y n\u00famero de tel\u00e9fono.<\/li>\n\n\n\n<li>Informaci\u00f3n de la cuenta, incluido su nombre de usuario, contrase\u00f1a y preguntas de seguridad.<\/li>\n\n\n\n<li>Informaci\u00f3n de compra, incluidos los art\u00edculos que ves, pones en tu carrito o agregas a tu lista de deseos.<\/li>\n\n\n\n<li>Informaci\u00f3n de atenci\u00f3n al cliente, incluida la informaci\u00f3n que usted elige incluir en las comunicaciones con nosotros, por ejemplo, al enviar un mensaje a trav\u00e9s de los Servicios.<\/li>\n<\/ul>\n\n\n\n<p>Algunas funciones de los Servicios podr\u00edan requerir que nos proporcione directamente cierta informaci\u00f3n sobre usted. Puede optar por no proporcionar esta informaci\u00f3n, pero hacerlo podr\u00eda impedirle usar o acceder a estas funciones.<\/p>\n\n\n\n<p>Informaci\u00f3n que recopilamos a trav\u00e9s de cookies<\/p>\n\n\n\n<p>Tambi\u00e9n recopilamos autom\u00e1ticamente cierta informaci\u00f3n sobre su interacci\u00f3n con los Servicios (&quot;Datos de Uso&quot;). Para ello, podemos utilizar cookies, p\u00edxeles y tecnolog\u00edas similares (&quot;Cookies&quot;). Los Datos de Uso pueden incluir informaci\u00f3n sobre c\u00f3mo accede y utiliza nuestro Sitio y su cuenta, incluyendo informaci\u00f3n del dispositivo, informaci\u00f3n del navegador, informaci\u00f3n sobre su conexi\u00f3n de red, su direcci\u00f3n IP y otra informaci\u00f3n relativa a su interacci\u00f3n con los Servicios.<\/p>\n\n\n\n<p>Informaci\u00f3n que obtenemos de terceros<\/p>\n\n\n\n<p>Por \u00faltimo, podemos obtener informaci\u00f3n sobre usted de terceros, incluidos proveedores y prestadores de servicios que pueden recopilar informaci\u00f3n en nuestro nombre, como:<\/p>\n\n\n\n<ul class=\"wp-block-list\">\n<li>Empresas que respaldan nuestro Sitio y Servicios.<\/li>\n\n\n\n<li>Nuestros procesadores de pago, que recopilan informaci\u00f3n de pago (por ejemplo, cuenta bancaria, informaci\u00f3n de tarjeta de cr\u00e9dito o d\u00e9bito, direcci\u00f3n de facturaci\u00f3n) para procesar su pago con el fin de cumplir con sus pedidos y proporcionarle los productos o servicios que ha solicitado, a fin de cumplir con nuestro contrato con usted.<\/li>\n\n\n\n<li>Cuando visita nuestro Sitio, abre o hace clic en los correos electr\u00f3nicos que le enviamos o interact\u00faa con nuestros Servicios o anuncios, nosotros o terceros con los que trabajamos podemos recopilar autom\u00e1ticamente cierta informaci\u00f3n utilizando tecnolog\u00edas de seguimiento en l\u00ednea, como p\u00edxeles, balizas web, kits para desarrolladores de software, bibliotecas de terceros y cookies.<\/li>\n<\/ul>\n\n\n\n<p>Toda informaci\u00f3n que obtengamos de terceros se tratar\u00e1 de acuerdo con esta Pol\u00edtica de Privacidad. No nos responsabilizamos de la exactitud de la informaci\u00f3n que nos proporcionen terceros ni de sus pol\u00edticas o pr\u00e1cticas. Para m\u00e1s informaci\u00f3n, consulte la secci\u00f3n &quot;Sitios web y enlaces de terceros&quot; a continuaci\u00f3n.<\/p>\n\n\n\n<p>C\u00f3mo usamos su informaci\u00f3n personal<\/p>\n\n\n\n<ul class=\"wp-block-list\">\n<li>Proporcionar productos y servicios. Utilizamos su informaci\u00f3n personal para brindarle los Servicios y cumplir con nuestro contrato, lo que incluye procesar sus pagos, completar sus pedidos, enviarle notificaciones relacionadas con su cuenta, compras, devoluciones, cambios u otras transacciones, crear, mantener y administrar su cuenta, gestionar env\u00edos, facilitar devoluciones y cambios, y permitirle publicar rese\u00f1as.<\/li>\n\n\n\n<li>Marketing y publicidad. Utilizamos su informaci\u00f3n personal con fines de marketing y promoci\u00f3n, como enviarle comunicaciones de marketing, publicidad y promociones por correo electr\u00f3nico, SMS o correo postal, y mostrarle anuncios de productos o servicios. Esto puede incluir el uso de su informaci\u00f3n personal para personalizar mejor los Servicios y la publicidad en nuestro Sitio y otros sitios web.<\/li>\n\n\n\n<li>Seguridad y prevenci\u00f3n del fraude. Utilizamos su informaci\u00f3n personal para detectar, investigar y tomar medidas ante posibles actividades fraudulentas, ilegales o maliciosas. Si decide usar los Servicios y registrar una cuenta, es responsable de mantener seguras las credenciales de su cuenta. Le recomendamos encarecidamente que no comparta su nombre de usuario, contrase\u00f1a ni otros datos de acceso con nadie. Si cree que su cuenta ha sido vulnerada, p\u00f3ngase en contacto con nosotros de inmediato.<\/li>\n\n\n\n<li>Comunicarnos con usted. Utilizamos su informaci\u00f3n personal para brindarle atenci\u00f3n al cliente y mejorar nuestros Servicios. Esto responde a nuestros leg\u00edtimos intereses: responder a sus necesidades, brindarle servicios eficaces y mantener nuestra relaci\u00f3n comercial con usted.<\/li>\n<\/ul>\n\n\n\n<p>Galletas<font _mstmutation=\"1\"><\/font><\/p>\n\n\n\n<p>La mayor\u00eda de los navegadores aceptan las cookies autom\u00e1ticamente por defecto, pero puede configurar su navegador para que las elimine o las rechace mediante los controles. Tenga en cuenta que eliminar o bloquear las cookies puede afectar negativamente a su experiencia de usuario y puede provocar que algunos Servicios, incluidas ciertas funciones y funcionalidades generales, funcionen incorrectamente o dejen de estar disponibles. Adem\u00e1s, bloquear las cookies puede no impedir por completo c\u00f3mo compartimos informaci\u00f3n con terceros, como nuestros socios publicitarios.<\/p>\n\n\n\n<p>C\u00f3mo divulgamos informaci\u00f3n personal<\/p>\n\n\n\n<p>En determinadas circunstancias, podr\u00edamos divulgar su informaci\u00f3n personal a terceros con fines leg\u00edtimos, de conformidad con esta Pol\u00edtica de Privacidad. Dichas circunstancias pueden incluir:<\/p>\n\n\n\n<ul class=\"wp-block-list\">\n<li>Con proveedores u otros terceros que prestan servicios en nuestro nombre (por ejemplo, gesti\u00f3n de TI, procesamiento de pagos, an\u00e1lisis de datos, atenci\u00f3n al cliente, almacenamiento en la nube, cumplimiento y env\u00edo).<\/li>\n\n\n\n<li>Con socios comerciales y de marketing, incluido Google, para brindarle servicios y publicidad. Utilizamos Google para ofrecer publicidad personalizada con servicios de terceros. Nuestros socios comerciales y de marketing utilizar\u00e1n su informaci\u00f3n de acuerdo con sus propios avisos de privacidad.<\/li>\n\n\n\n<li>Cuando usted nos indica, nos solicita o de otra manera consiente nuestra divulgaci\u00f3n de cierta informaci\u00f3n a terceros, como para enviarle productos o mediante su uso de widgets de redes sociales o integraciones de inicio de sesi\u00f3n, con su consentimiento.<\/li>\n\n\n\n<li>Con nuestras filiales o de otro modo dentro de nuestro grupo corporativo, en nuestros intereses leg\u00edtimos de gestionar un negocio exitoso.<\/li>\n\n\n\n<li>En relaci\u00f3n con una transacci\u00f3n comercial, como una fusi\u00f3n o quiebra, para cumplir con cualquier obligaci\u00f3n legal aplicable (incluso para responder a citaciones, \u00f3rdenes de allanamiento y solicitudes similares), para hacer cumplir los t\u00e9rminos de servicio aplicables y para proteger o defender los Servicios, nuestros derechos y los derechos de nuestros usuarios u otros.<\/li>\n<\/ul>\n\n\n\n<p>En los \u00faltimos 12 meses, hemos revelado las siguientes categor\u00edas de informaci\u00f3n personal e informaci\u00f3n personal confidencial (se\u00f1aladas con *) sobre los usuarios para los fines establecidos anteriormente en \u201cC\u00f3mo recopilamos y usamos su informaci\u00f3n personal\u201d y \u201cC\u00f3mo divulgamos informaci\u00f3n personal\u201d:<\/p>\n\n\n\n<p>Categor\u00eda:<\/p>\n\n\n\n<ul class=\"wp-block-list\">\n<li>Identificadores como datos b\u00e1sicos de contacto y cierta informaci\u00f3n de pedidos y cuentas<\/li>\n\n\n\n<li>Informaci\u00f3n comercial como informaci\u00f3n de pedidos, informaci\u00f3n de compras e informaci\u00f3n de atenci\u00f3n al cliente.<\/li>\n\n\n\n<li>Internet u otra actividad de red similar, como Datos de uso<\/li>\n<\/ul>\n\n\n\n<p>Categor\u00edas de destinatarios:<\/p>\n\n\n\n<ul class=\"wp-block-list\">\n<li>Proveedores y terceros que prestan servicios en nuestro nombre (como proveedores de servicios de Internet, procesadores de pagos, socios de cumplimiento, socios de atenci\u00f3n al cliente y proveedores de an\u00e1lisis de datos)<\/li>\n\n\n\n<li>Socios comerciales y de marketing<\/li>\n\n\n\n<li>Afiliados<\/li>\n<\/ul>\n\n\n\n<p>No utilizamos ni divulgamos informaci\u00f3n personal confidencial con el fin de inferir caracter\u00edsticas sobre usted.<font _mstmutation=\"1\"><\/font><\/p>\n\n\n\n<p>Hemos \u201cvendido\u201d y \u201ccompartido\u201d (seg\u00fan se definen esos t\u00e9rminos en la legislaci\u00f3n aplicable) informaci\u00f3n personal durante los 12 meses anteriores con el prop\u00f3sito de participar en actividades de publicidad y marketing, de la siguiente manera.<\/p>\n\n\n\n<p>Categor\u00eda de informaci\u00f3n personal<\/p>\n\n\n\n<ul class=\"wp-block-list\">\n<li>Identificadores como datos b\u00e1sicos de contacto y cierta informaci\u00f3n de pedidos y cuentas<\/li>\n\n\n\n<li>Informaci\u00f3n comercial como registros de productos o servicios adquiridos e informaci\u00f3n de compras<\/li>\n\n\n\n<li>Internet u otra actividad de red similar, como Datos de uso<\/li>\n<\/ul>\n\n\n\n<p>Categor\u00eda de informaci\u00f3n personal<\/p>\n\n\n\n<ul class=\"wp-block-list\">\n<li>Socios comerciales y de marketing<\/li>\n<\/ul>\n\n\n\n<p>Contenido generado por el usuario<\/p>\n\n\n\n<p>Los Servicios pueden permitirle publicar rese\u00f1as de productos y otro contenido generado por los usuarios. Si decide enviar contenido generado por los usuarios a cualquier \u00e1rea p\u00fablica de los Servicios, este ser\u00e1 p\u00fablico y accesible para cualquier persona.<\/p>\n\n\n\n<p>No controlamos qui\u00e9n tendr\u00e1 acceso a la informaci\u00f3n que usted decida compartir con otros, ni podemos garantizar que quienes tengan acceso a dicha informaci\u00f3n respeten su privacidad ni la mantengan segura. No nos responsabilizamos de la privacidad ni de la seguridad de la informaci\u00f3n que usted comparta, ni de la exactitud, el uso o el mal uso de la informaci\u00f3n que divulgue o reciba de terceros.<\/p>\n\n\n\n<p>Sitios web y enlaces de terceros<\/p>\n\n\n\n<p>Nuestro Sitio puede proporcionar enlaces a sitios web u otras plataformas en l\u00ednea operadas por terceros. Si sigue enlaces a sitios no afiliados ni controlados por nosotros, le recomendamos revisar sus pol\u00edticas de privacidad y seguridad, as\u00ed como otros t\u00e9rminos y condiciones. No garantizamos ni nos responsabilizamos de la privacidad ni de la seguridad de dichos sitios, incluyendo la exactitud, integridad o fiabilidad de la informaci\u00f3n que contienen. La informaci\u00f3n que proporcione en espacios p\u00fablicos o semip\u00fablicos, incluyendo la que comparta en plataformas de redes sociales de terceros, tambi\u00e9n podr\u00e1 ser vista por otros usuarios de los Servicios o por usuarios de dichas plataformas, sin limitaci\u00f3n alguna en cuanto a su uso por nuestra parte o por parte de un tercero. La inclusi\u00f3n de dichos enlaces no implica, por s\u00ed sola, la aprobaci\u00f3n del contenido de dichas plataformas ni de sus propietarios u operadores, salvo que se indique en los Servicios.<\/p>\n\n\n\n<p>Datos de los ni\u00f1os<\/p>\n\n\n\n<p>Los Servicios no est\u00e1n destinados a ser utilizados por menores, y no recopilamos intencionalmente informaci\u00f3n personal sobre ellos. Si usted es padre, madre o tutor de un menor que nos ha proporcionado su informaci\u00f3n personal, puede contactarnos utilizando los datos de contacto que se indican a continuaci\u00f3n para solicitar su eliminaci\u00f3n.<\/p>\n\n\n\n<p>A la fecha de entrada en vigor de esta Pol\u00edtica de privacidad, no tenemos conocimiento real de que \u201ccompartimos\u201d o \u201cvendemos\u201d (seg\u00fan se definen esos t\u00e9rminos en la legislaci\u00f3n aplicable) informaci\u00f3n personal de personas menores de 16 a\u00f1os.<font _mstmutation=\"1\"><\/font><\/p>\n\n\n\n<p>Seguridad y retenci\u00f3n de su informaci\u00f3n<\/p>\n\n\n\n<p>Tenga en cuenta que ninguna medida de seguridad es perfecta ni impenetrable, y no podemos garantizar una seguridad total. Adem\u00e1s, la informaci\u00f3n que nos env\u00ede podr\u00eda no estar segura durante su transporte. Le recomendamos que no utilice canales no seguros para comunicarnos informaci\u00f3n sensible o confidencial.<\/p>\n\n\n\n<p>El tiempo que conservamos su informaci\u00f3n personal depende de diferentes factores, como por ejemplo si necesitamos la informaci\u00f3n para mantener su cuenta, prestar los Servicios, cumplir con obligaciones legales, resolver disputas o hacer cumplir otros contratos y pol\u00edticas aplicables.<\/p>\n\n\n\n<p>Sus derechos y opciones<\/p>\n\n\n\n<p>Dependiendo de su lugar de residencia, podr\u00eda tener algunos o todos los derechos que se enumeran a continuaci\u00f3n en relaci\u00f3n con su informaci\u00f3n personal. Sin embargo, estos derechos no son absolutos; pueden aplicarse solo en determinadas circunstancias y, en ciertos casos, podr\u00edamos rechazar su solicitud seg\u00fan lo permita la ley.<\/p>\n\n\n\n<ul class=\"wp-block-list\">\n<li>Derecho de acceso\/informaci\u00f3n. Usted tiene derecho a solicitar acceso a la informaci\u00f3n personal que tenemos sobre usted, incluyendo detalles sobre c\u00f3mo la usamos y compartimos.<\/li>\n\n\n\n<li>Derecho a eliminar. Tiene derecho a solicitar que eliminemos la informaci\u00f3n personal que mantenemos sobre usted.<\/li>\n\n\n\n<li>Derecho de correcci\u00f3n. Tiene derecho a solicitar que corrijamos la informaci\u00f3n personal inexacta que mantenemos sobre usted.<\/li>\n\n\n\n<li>Derecho de Portabilidad. Usted tiene derecho a recibir una copia de la informaci\u00f3n personal que tenemos sobre usted y a solicitar que la transfiramos a un tercero, en determinadas circunstancias y con ciertas excepciones.<font _mstmutation=\"1\"><\/font><\/li>\n<\/ul>\n\n\n\n<ul class=\"wp-block-list\">\n<li>Derecho a Excluirse de la Venta, el Intercambio o la Publicidad Dirigida. Usted tiene derecho a solicitarnos que no &quot;vendamos&quot; ni &quot;compartamos&quot; su informaci\u00f3n personal, o a excluirnos del procesamiento de su informaci\u00f3n personal para fines considerados &quot;publicidad dirigida&quot;, seg\u00fan lo definen las leyes de privacidad aplicables. Tenga en cuenta que si visita nuestro Sitio con la opci\u00f3n de exclusi\u00f3n voluntaria del Control de Privacidad Global activada, dependiendo de su ubicaci\u00f3n, lo consideraremos autom\u00e1ticamente como una solicitud de exclusi\u00f3n voluntaria de la &quot;venta&quot; o el &quot;intercambio&quot; de informaci\u00f3n para el dispositivo y el navegador que utiliza para visitar el Sitio.<font _mstmutation=\"1\"><\/font><\/li>\n<\/ul>\n\n\n\n<ul class=\"wp-block-list\">\n<li>Derecho a limitar o rechazar el uso y la divulgaci\u00f3n de informaci\u00f3n personal sensible. Usted tiene derecho a solicitarnos que limitemos el uso o la divulgaci\u00f3n de informaci\u00f3n personal sensible \u00fanicamente a lo necesario para prestar los Servicios o proporcionar los bienes que una persona promedio espera razonablemente.<\/li>\n\n\n\n<li>Restricci\u00f3n del procesamiento: Usted puede tener derecho a solicitarnos que detengamos o restrinjamos nuestro procesamiento de informaci\u00f3n personal.<\/li>\n\n\n\n<li>Retirada del consentimiento: cuando dependemos del consentimiento para procesar su informaci\u00f3n personal, usted puede tener derecho a retirar este consentimiento.<\/li>\n\n\n\n<li>Apelaci\u00f3n: Tiene derecho a apelar nuestra decisi\u00f3n si rechazamos procesar su solicitud. Puede hacerlo respondiendo directamente a nuestra denegaci\u00f3n.<\/li>\n\n\n\n<li>Gesti\u00f3n de preferencias de comunicaci\u00f3n: Podemos enviarle correos electr\u00f3nicos promocionales y puede cancelar su suscripci\u00f3n en cualquier momento utilizando la opci\u00f3n de cancelaci\u00f3n de suscripci\u00f3n que aparece en los correos electr\u00f3nicos que le enviamos. Si cancela su suscripci\u00f3n, podremos seguir envi\u00e1ndole correos electr\u00f3nicos no promocionales, como los relacionados con su cuenta o los pedidos que haya realizado.<\/li>\n<\/ul>\n\n\n\n<p>Puede ejercer cualquiera de estos derechos donde se indica en nuestro Sitio o comunic\u00e1ndose con nosotros utilizando los detalles de contacto que se proporcionan a continuaci\u00f3n.<\/p>\n\n\n\n<p>No lo discriminaremos por ejercer cualquiera de estos derechos. Es posible que necesitemos recopilar informaci\u00f3n suya para verificar su identidad, como su direcci\u00f3n de correo electr\u00f3nico o la informaci\u00f3n de su cuenta, antes de proporcionar una respuesta sustancial a la solicitud. De acuerdo con la legislaci\u00f3n aplicable, usted puede designar a un agente autorizado para que realice solicitudes en su nombre para ejercer sus derechos. Antes de aceptar dicha solicitud de un agente, le solicitaremos que demuestre que usted lo ha autorizado a actuar en su nombre, y es posible que necesitemos que verifique su identidad directamente con nosotros. Responderemos a su solicitud de manera oportuna, seg\u00fan lo exija la legislaci\u00f3n aplicable.<font _mstmutation=\"1\"><\/font><\/p>\n\n\n\n<p>Quejas<\/p>\n\n\n\n<p>Si tiene alguna queja sobre c\u00f3mo procesamos su informaci\u00f3n personal, p\u00f3ngase en contacto con nosotros utilizando los datos de contacto que se indican a continuaci\u00f3n. Si no est\u00e1 satisfecho con nuestra respuesta a su queja, dependiendo de su lugar de residencia, puede tener derecho a apelar nuestra decisi\u00f3n poni\u00e9ndose en contacto con nosotros utilizando los datos de contacto que se indican a continuaci\u00f3n o a presentar su queja ante la autoridad local de protecci\u00f3n de datos.<\/p>\n\n\n\n<p>Usuarios internacionales<\/p>\n\n\n\n<p>Tenga en cuenta que podemos transferir, almacenar y procesar su informaci\u00f3n personal fuera de su pa\u00eds de residencia, incluido Estados Unidos. Su informaci\u00f3n personal tambi\u00e9n es procesada por nuestro personal y nuestros proveedores de servicios externos y socios en estos pa\u00edses.<br>Si transferimos su informaci\u00f3n personal fuera de Europa, nos basaremos en mecanismos de transferencia reconocidos como las Cl\u00e1usulas Contractuales Est\u00e1ndar de la Comisi\u00f3n Europea o cualquier contrato equivalente emitido por la autoridad competente del Reino Unido, seg\u00fan corresponda, a menos que la transferencia de datos sea a un pa\u00eds que se haya determinado que proporciona un nivel adecuado de protecci\u00f3n.<\/p>\n\n\n\n<p>Contacto<\/p>\n\n\n\n<p>Si tiene alguna pregunta sobre nuestras pr\u00e1cticas de privacidad o esta Pol\u00edtica de privacidad, o si desea ejercer alguno de los derechos disponibles para usted, llame al 008613772508206 o env\u00edenos un correo electr\u00f3nico a coppergranulator@bsghrecycling.com o cont\u00e1ctenos en SN, China.<\/p>\n\t\t\t\t\t\t\t\t<\/div>\n\t\t\t\t<\/div>\n\t\t\t\t\t<\/div>\n\t\t<\/div>\n\t\t\t\t\t<\/div>\n\t\t<\/section>\n\t\t\t\t<\/div>","protected":false},"excerpt":{"rendered":"<p>Pol\u00edtica de Privacidad de BSGH. \u00daltima actualizaci\u00f3n: 22\/09\/2023. Esta Pol\u00edtica de Privacidad describe c\u00f3mo BSGH (el \u00abSitio\u00bb, \u00abnosotros\u00bb, \u00abnos\u00bb o \u00abnuestro\u00bb) recopila, utiliza y divulga su informaci\u00f3n personal cuando visita, utiliza nuestros servicios, realiza una compra en https:\/\/3t-motorrecycle.com (el \u00abSitio\u00bb) o se comunica con nosotros de cualquier otra forma (en conjunto, los \u00abServicios\u00bb). A los efectos de esta Pol\u00edtica de Privacidad, \u00abusted\u00bb y \u00absu\u00bb [\u2026]<\/p>","protected":false},"author":1,"featured_media":0,"parent":0,"menu_order":0,"comment_status":"closed","ping_status":"closed","template":"","meta":{"_seopress_robots_primary_cat":"","_seopress_titles_title":"","_seopress_titles_desc":"","_seopress_robots_index":"","footnotes":""},"class_list":["post-8977","page","type-page","status-publish","hentry"],"_links":{"self":[{"href":"https:\/\/3t-motorrecycle.com\/es\/wp-json\/wp\/v2\/pages\/8977","targetHints":{"allow":["GET"]}}],"collection":[{"href":"https:\/\/3t-motorrecycle.com\/es\/wp-json\/wp\/v2\/pages"}],"about":[{"href":"https:\/\/3t-motorrecycle.com\/es\/wp-json\/wp\/v2\/types\/page"}],"author":[{"embeddable":true,"href":"https:\/\/3t-motorrecycle.com\/es\/wp-json\/wp\/v2\/users\/1"}],"replies":[{"embeddable":true,"href":"https:\/\/3t-motorrecycle.com\/es\/wp-json\/wp\/v2\/comments?post=8977"}],"version-history":[{"count":0,"href":"https:\/\/3t-motorrecycle.com\/es\/wp-json\/wp\/v2\/pages\/8977\/revisions"}],"wp:attachment":[{"href":"https:\/\/3t-motorrecycle.com\/es\/wp-json\/wp\/v2\/media?parent=8977"}],"curies":[{"name":"wp","href":"https:\/\/api.w.org\/{rel}","templated":true}]}}