{"id":11135,"date":"2025-05-26T11:53:30","date_gmt":"2025-05-26T03:53:30","guid":{"rendered":"https:\/\/3t-motorrecycle.com\/?post_type=product&#038;p=11135"},"modified":"2025-05-27T14:48:30","modified_gmt":"2025-05-27T06:48:30","slug":"mini-grua-con-motor-electrico-bsc-en-venta","status":"publish","type":"product","link":"https:\/\/3t-motorrecycle.com\/es\/producto\/mini-grua-con-motor-electrico-bsc-en-venta\/","title":{"rendered":"Mini gr\u00faa con motor el\u00e9ctrico BSC en venta"},"content":{"rendered":"<div data-elementor-type=\"product-post\" data-elementor-id=\"11135\" class=\"elementor elementor-11135\" data-elementor-post-type=\"product\">\n\t\t\t\t\t\t<section class=\"elementor-section elementor-top-section elementor-element elementor-element-44d7e3d custom-ele-section-css elementor-section-boxed elementor-section-height-default elementor-section-height-default\" data-id=\"44d7e3d\" data-element_type=\"section\">\n\t\t\t\t\t\t<div class=\"elementor-container elementor-column-gap-default\">\n\t\t\t\t\t<div class=\"elementor-column elementor-col-100 elementor-top-column elementor-element elementor-element-601b55d\" data-id=\"601b55d\" data-element_type=\"column\">\n\t\t\t<div class=\"elementor-widget-wrap elementor-element-populated\">\n\t\t\t\t\t\t<div class=\"elementor-element elementor-element-4853e31 elementor-widget elementor-widget-heading\" data-id=\"4853e31\" data-element_type=\"widget\" data-widget_type=\"heading.default\">\n\t\t\t\t<div class=\"elementor-widget-container\">\n\t\t\t\t\t<h2 class=\"elementor-heading-title elementor-size-default\">Mini gr\u00faa con motor el\u00e9ctrico BSC en venta<\/h2>\t\t\t\t<\/div>\n\t\t\t\t<\/div>\n\t\t\t\t<div class=\"elementor-element elementor-element-010a2e7 elementor-widget elementor-widget-text-editor\" data-id=\"010a2e7\" data-element_type=\"widget\" data-widget_type=\"text-editor.default\">\n\t\t\t\t<div class=\"elementor-widget-container\">\n\t\t\t\t\t\t\t\t\t<p>La mini m\u00e1quina de reciclaje de motores el\u00e9ctricos BSC es profesional en el manejo de motores de desecho cuya potencia debe ser inferior a 1,5 kW, esta m\u00e1quina consta de tres partes principales: sistema hidr\u00e1ulico, piezas de corte y tracci\u00f3n.<\/p><ol><li>Piezas de corte:Para cortar un extremo de los devanados de cobre del estator del motor;<\/li><li>Tirar de piezas: Tirar de bobinados de cobre con garras;<\/li><li>Sistema hidr\u00e1ulico: Principalmente para controlar las piezas de corte y tracci\u00f3n mediante el accionamiento de varillas hidr\u00e1ulicas.<\/li><\/ol>\t\t\t\t\t\t\t\t<\/div>\n\t\t\t\t<\/div>\n\t\t\t\t<div class=\"elementor-element elementor-element-f96bfc2 elementor-widget elementor-widget-text-editor\" data-id=\"f96bfc2\" data-element_type=\"widget\" data-widget_type=\"text-editor.default\">\n\t\t\t\t<div class=\"elementor-widget-container\">\n\t\t\t\t\t\t\t\t\t<table width=\"743\">\n<tbody>\n<tr>\n<td width=\"360\">Modelo&nbsp;<\/td>\n<td width=\"383\">Mini BSC<\/td>\n<\/tr>\n<tr>\n<td>Potencia del motor<\/td>\n<td>3KW<\/td>\n<\/tr>\n<tr>\n<td>Voltaje<\/td>\n<td>380 V\/220 V<\/td>\n<\/tr>\n<tr>\n<td>Peso<\/td>\n<td>150 kilos<\/td>\n<\/tr>\n<tr>\n<td>Tama\u00f1o de la m\u00e1quina<\/td>\n<td>660*730*950 mm<\/td>\n<\/tr>\n<tr>\n<td>Tama\u00f1o del embalaje<\/td>\n<td>830*830*900 mm<\/td>\n<\/tr>\n<tr>\n<td>Solicitud<\/td>\n<td>Motores peque\u00f1os por debajo de 1,5 kW<\/td>\n<\/tr>\n<\/tbody>\n<\/table>\t\t\t\t\t\t\t\t<\/div>\n\t\t\t\t<\/div>\n\t\t\t\t<div class=\"elementor-element elementor-element-6b1c65e elementor-widget elementor-widget-text-editor\" data-id=\"6b1c65e\" data-element_type=\"widget\" data-widget_type=\"text-editor.default\">\n\t\t\t\t<div class=\"elementor-widget-container\">\n\t\t\t\t\t\t\t\t\t<p>La mini m\u00e1quina desguazadora de motor el\u00e9ctrico BSC siempre se ensambla con <a href=\"https:\/\/3t-motorrecycle.com\/es\/maquina-de-reciclaje-de-compresores-2\/\">m\u00e1quina cortadora de cajas de compresores<\/a> En conjunto, debido a que los estatores del compresor son peque\u00f1os, el mini BSC es la mejor opci\u00f3n econ\u00f3mica, tambi\u00e9n puede elegir otros <a href=\"https:\/\/3t-motorrecycle.com\/es\/maquina-desguazadora-de-motores-electricos\/\">m\u00e1quina de reciclaje de motores m\u00e1s grande<\/a>.<\/p>\t\t\t\t\t\t\t\t<\/div>\n\t\t\t\t<\/div>\n\t\t\t\t\t<\/div>\n\t\t<\/div>\n\t\t\t\t\t<\/div>\n\t\t<\/section>\n\t\t\t\t<section class=\"elementor-section elementor-top-section elementor-element elementor-element-79d5355 custom-ele-section-css elementor-section-boxed elementor-section-height-default elementor-section-height-default\" data-id=\"79d5355\" data-element_type=\"section\">\n\t\t\t\t\t\t<div class=\"elementor-container elementor-column-gap-default\">\n\t\t\t\t\t<div class=\"elementor-column elementor-col-100 elementor-top-column elementor-element elementor-element-4083595\" data-id=\"4083595\" data-element_type=\"column\">\n\t\t\t<div class=\"elementor-widget-wrap elementor-element-populated\">\n\t\t\t\t\t\t<div class=\"elementor-element elementor-element-d9b085b elementor-widget elementor-widget-heading\" data-id=\"d9b085b\" data-element_type=\"widget\" data-widget_type=\"heading.default\">\n\t\t\t\t<div class=\"elementor-widget-container\">\n\t\t\t\t\t<h2 class=\"elementor-heading-title elementor-size-default\">Proceso de trabajo de la mini gr\u00faa de motor el\u00e9ctrico BSC<\/h2>\t\t\t\t<\/div>\n\t\t\t\t<\/div>\n\t\t\t\t<div class=\"elementor-element elementor-element-ba1a7d8 elementor-widget elementor-widget-text-editor\" data-id=\"ba1a7d8\" data-element_type=\"widget\" data-widget_type=\"text-editor.default\">\n\t\t\t\t<div class=\"elementor-widget-container\">\n\t\t\t\t\t\t\t\t\t<ol><li>Encienda el disyuntor de aire, el motor comienza a funcionar;<\/li><li>Gire el bot\u00f3n negro y ajuste la presi\u00f3n a un nivel adecuado (en sentido horario para aumentar la presi\u00f3n y en sentido antihorario para reducirla);<\/li><li>Presione la varilla hidr\u00e1ulica de corte hacia abajo y gire el estator del motor de desecho, permitiendo que la cuchilla corte completamente un extremo del devanado de cobre del estator del motor de desecho.<\/li><li>Presione la varilla hidr\u00e1ulica hacia abajo para ajustar el rango de apertura de las garras, luego reinicie y termine de extraer el cobre.<\/li><\/ol>\t\t\t\t\t\t\t\t<\/div>\n\t\t\t\t<\/div>\n\t\t\t\t\t<\/div>\n\t\t<\/div>\n\t\t\t\t\t<\/div>\n\t\t<\/section>\n\t\t\t\t<section class=\"elementor-section elementor-top-section elementor-element elementor-element-42f0f0c custom-ele-section-css elementor-section-boxed elementor-section-height-default elementor-section-height-default\" data-id=\"42f0f0c\" data-element_type=\"section\">\n\t\t\t\t\t\t<div class=\"elementor-container elementor-column-gap-default\">\n\t\t\t\t\t<div class=\"elementor-column elementor-col-100 elementor-top-column elementor-element elementor-element-0cff855\" data-id=\"0cff855\" data-element_type=\"column\">\n\t\t\t<div class=\"elementor-widget-wrap elementor-element-populated\">\n\t\t\t\t\t\t<div class=\"elementor-element elementor-element-c2bff56 elementor-widget elementor-widget-heading\" data-id=\"c2bff56\" data-element_type=\"widget\" data-widget_type=\"heading.default\">\n\t\t\t\t<div class=\"elementor-widget-container\">\n\t\t\t\t\t<h2 class=\"elementor-heading-title elementor-size-default\">Ventajas de la minim\u00e1quina desguazadora de motores BSC<\/h2>\t\t\t\t<\/div>\n\t\t\t\t<\/div>\n\t\t\t\t<section class=\"elementor-section elementor-inner-section elementor-element elementor-element-3a68a8d6 custom-ele-section-css elementor-section-boxed elementor-section-height-default elementor-section-height-default\" data-id=\"3a68a8d6\" data-element_type=\"section\">\n\t\t\t\t\t\t<div class=\"elementor-container elementor-column-gap-extended\">\n\t\t\t\t\t<div class=\"elementor-column elementor-col-50 elementor-inner-column elementor-element elementor-element-634a7c97\" data-id=\"634a7c97\" data-element_type=\"column\">\n\t\t\t<div class=\"elementor-widget-wrap elementor-element-populated\">\n\t\t\t\t\t\t<div class=\"elementor-element elementor-element-b46b909 elementor-view-stacked elementor-position-left elementor-shape-circle elementor-mobile-position-top elementor-widget elementor-widget-icon-box\" data-id=\"b46b909\" data-element_type=\"widget\" data-widget_type=\"icon-box.default\">\n\t\t\t\t<div class=\"elementor-widget-container\">\n\t\t\t\t\t\t\t<div class=\"elementor-icon-box-wrapper\">\n\n\t\t\t\t\t\t<div class=\"elementor-icon-box-icon\">\n\t\t\t\t<span  class=\"elementor-icon\">\n\t\t\t\t<i aria-hidden=\"true\" class=\"fas fa-strikethrough\"><\/i>\t\t\t\t<\/span>\n\t\t\t<\/div>\n\t\t\t\n\t\t\t\t\t\t<div class=\"elementor-icon-box-content\">\n\n\t\t\t\t\t\t\t\t\t<h3 class=\"elementor-icon-box-title\">\n\t\t\t\t\t\t<span  >\n\t\t\t\t\t\t\tBeneficios econ\u00f3micos\t\t\t\t\t\t<\/span>\n\t\t\t\t\t<\/h3>\n\t\t\t\t\n\t\t\t\t\t\t\t\t\t<p class=\"elementor-icon-box-description\">\n\t\t\t\t\t\tEquipado con bomba hidr\u00e1ulica, es de bajo ruido y mejora la eficiencia de trabajo para cortar y tirar para brindar grandes ganancias a los clientes;\t\t\t\t\t<\/p>\n\t\t\t\t\n\t\t\t<\/div>\n\t\t\t\n\t\t<\/div>\n\t\t\t\t\t\t<\/div>\n\t\t\t\t<\/div>\n\t\t\t\t<div class=\"elementor-element elementor-element-50402052 elementor-view-stacked elementor-position-left elementor-shape-circle elementor-mobile-position-top elementor-widget elementor-widget-icon-box\" data-id=\"50402052\" data-element_type=\"widget\" data-widget_type=\"icon-box.default\">\n\t\t\t\t<div class=\"elementor-widget-container\">\n\t\t\t\t\t\t\t<div class=\"elementor-icon-box-wrapper\">\n\n\t\t\t\t\t\t<div class=\"elementor-icon-box-icon\">\n\t\t\t\t<span  class=\"elementor-icon\">\n\t\t\t\t<i aria-hidden=\"true\" class=\"fas fa-shower\"><\/i>\t\t\t\t<\/span>\n\t\t\t<\/div>\n\t\t\t\n\t\t\t\t\t\t<div class=\"elementor-icon-box-content\">\n\n\t\t\t\t\t\t\t\t\t<h3 class=\"elementor-icon-box-title\">\n\t\t\t\t\t\t<span  >\n\t\t\t\t\t\t\tEstructura duradera\t\t\t\t\t\t<\/span>\n\t\t\t\t\t<\/h3>\n\t\t\t\t\n\t\t\t\t\t\t\t\t\t<p class=\"elementor-icon-box-description\">\n\t\t\t\t\t\tLos materiales de acero aleado y hierro de alta calidad garantizan la fiabilidad y estabilidad de la m\u00e1quina. Gracias a las pruebas previas al env\u00edo y al sistema hidr\u00e1ulico, la gr\u00faa Mini BSC garantiza un uso duradero y fiable.\t\t\t\t\t<\/p>\n\t\t\t\t\n\t\t\t<\/div>\n\t\t\t\n\t\t<\/div>\n\t\t\t\t\t\t<\/div>\n\t\t\t\t<\/div>\n\t\t\t\t\t<\/div>\n\t\t<\/div>\n\t\t\t\t<div class=\"elementor-column elementor-col-50 elementor-inner-column elementor-element elementor-element-1ae40595\" data-id=\"1ae40595\" data-element_type=\"column\">\n\t\t\t<div class=\"elementor-widget-wrap elementor-element-populated\">\n\t\t\t\t\t\t<div class=\"elementor-element elementor-element-51386e8e elementor-view-stacked elementor-position-left elementor-shape-circle elementor-mobile-position-top elementor-widget elementor-widget-icon-box\" data-id=\"51386e8e\" data-element_type=\"widget\" data-widget_type=\"icon-box.default\">\n\t\t\t\t<div class=\"elementor-widget-container\">\n\t\t\t\t\t\t\t<div class=\"elementor-icon-box-wrapper\">\n\n\t\t\t\t\t\t<div class=\"elementor-icon-box-icon\">\n\t\t\t\t<span  class=\"elementor-icon\">\n\t\t\t\t<i aria-hidden=\"true\" class=\"fas fa-anchor\"><\/i>\t\t\t\t<\/span>\n\t\t\t<\/div>\n\t\t\t\n\t\t\t\t\t\t<div class=\"elementor-icon-box-content\">\n\n\t\t\t\t\t\t\t\t\t<h3 class=\"elementor-icon-box-title\">\n\t\t\t\t\t\t<span  >\n\t\t\t\t\t\t\tamplia aplicaci\u00f3n\t\t\t\t\t\t<\/span>\n\t\t\t\t\t<\/h3>\n\t\t\t\t\n\t\t\t\t\t\t\t\t\t<p class=\"elementor-icon-box-description\">\n\t\t\t\t\t\tMini BSC es de tama\u00f1o mini y solo ocupa espacios peque\u00f1os, puede operar la m\u00e1quina con electricidad monof\u00e1sica o elegir trif\u00e1sica.\t\t\t\t\t<\/p>\n\t\t\t\t\n\t\t\t<\/div>\n\t\t\t\n\t\t<\/div>\n\t\t\t\t\t\t<\/div>\n\t\t\t\t<\/div>\n\t\t\t\t<div class=\"elementor-element elementor-element-4ae67fd7 elementor-view-stacked elementor-position-left elementor-shape-circle elementor-mobile-position-top elementor-widget elementor-widget-icon-box\" data-id=\"4ae67fd7\" data-element_type=\"widget\" data-widget_type=\"icon-box.default\">\n\t\t\t\t<div class=\"elementor-widget-container\">\n\t\t\t\t\t\t\t<div class=\"elementor-icon-box-wrapper\">\n\n\t\t\t\t\t\t<div class=\"elementor-icon-box-icon\">\n\t\t\t\t<span  class=\"elementor-icon\">\n\t\t\t\t<i aria-hidden=\"true\" class=\"fas fa-briefcase\"><\/i>\t\t\t\t<\/span>\n\t\t\t<\/div>\n\t\t\t\n\t\t\t\t\t\t<div class=\"elementor-icon-box-content\">\n\n\t\t\t\t\t\t\t\t\t<h3 class=\"elementor-icon-box-title\">\n\t\t\t\t\t\t<span  >\n\t\t\t\t\t\t\tF\u00e1cil de operar\t\t\t\t\t\t<\/span>\n\t\t\t\t\t<\/h3>\n\t\t\t\t\n\t\t\t\t\t\t\t\t\t<p class=\"elementor-icon-box-description\">\n\t\t\t\t\t\tNuestra desguazadora el\u00e9ctrica Mini BSC est\u00e1 dise\u00f1ada para un manejo sencillo, incluso para principiantes en el reciclaje de motores. Su sencillo sistema de control de dos manijas la hace intuitiva y f\u00e1cil de usar para principiantes.\t\t\t\t\t<\/p>\n\t\t\t\t\n\t\t\t<\/div>\n\t\t\t\n\t\t<\/div>\n\t\t\t\t\t\t<\/div>\n\t\t\t\t<\/div>\n\t\t\t\t\t<\/div>\n\t\t<\/div>\n\t\t\t\t\t<\/div>\n\t\t<\/section>\n\t\t\t\t\t<\/div>\n\t\t<\/div>\n\t\t\t\t\t<\/div>\n\t\t<\/section>\n\t\t\t\t<section class=\"elementor-section elementor-top-section elementor-element elementor-element-4562cf9 custom-ele-section-css elementor-section-boxed elementor-section-height-default elementor-section-height-default\" data-id=\"4562cf9\" data-element_type=\"section\" data-settings=\"{&quot;background_background&quot;:&quot;classic&quot;}\">\n\t\t\t\t\t\t<div class=\"elementor-container elementor-column-gap-default\">\n\t\t\t\t\t<div class=\"elementor-column elementor-col-100 elementor-top-column elementor-element elementor-element-758113e\" data-id=\"758113e\" data-element_type=\"column\">\n\t\t\t<div class=\"elementor-widget-wrap elementor-element-populated\">\n\t\t\t\t\t\t<div class=\"elementor-element elementor-element-cc1191f elementor-widget elementor-widget-heading\" data-id=\"cc1191f\" data-element_type=\"widget\" data-widget_type=\"heading.default\">\n\t\t\t\t<div class=\"elementor-widget-container\">\n\t\t\t\t\t<h2 class=\"elementor-heading-title elementor-size-default\">Posibles problemas y soluciones<\/h2>\t\t\t\t<\/div>\n\t\t\t\t<\/div>\n\t\t\t\t<div class=\"elementor-element elementor-element-1499343 elementor-widget elementor-widget-text-editor\" data-id=\"1499343\" data-element_type=\"widget\" data-widget_type=\"text-editor.default\">\n\t\t\t\t<div class=\"elementor-widget-container\">\n\t\t\t\t\t\t\t\t\t<ol><li>Como se menciona, cuando el cilindro no puede funcionar sin problemas o no funciona, verifique si se ha agregado aceite hidr\u00e1ulico 46# est\u00e1ndar 4\/5;<\/li><\/ol><ol start=\"2\"><li>El cabezal de cobre de la pinza puede desprenderse naturalmente despu\u00e9s de un uso prolongado. Debe retirar los 6 tornillos de la conexi\u00f3n entre el extremo del barril y el cilindro de aceite, luego atornillarlo en la parte m\u00e1s profunda de la varilla de empuje del cilindro y apretar la rosca de bloqueo. Finalmente, conecte el barril al pozo del cilindro de aceite.<\/li><li>Si utiliza solo una funci\u00f3n durante un tiempo prolongado, active tambi\u00e9n los interruptores de las funciones no utilizadas al iniciar y rest\u00e1urelos para garantizar el funcionamiento normal cada vez que encienda la m\u00e1quina. De lo contrario, las funciones no utilizadas durante un tiempo prolongado podr\u00edan cambiar y afectar el funcionamiento de toda la m\u00e1quina.<\/li><\/ol>\t\t\t\t\t\t\t\t<\/div>\n\t\t\t\t<\/div>\n\t\t\t\t\t<\/div>\n\t\t<\/div>\n\t\t\t\t\t<\/div>\n\t\t<\/section>\n\t\t\t\t<section class=\"elementor-section elementor-top-section elementor-element elementor-element-421d8ce custom-ele-section-css elementor-section-boxed elementor-section-height-default elementor-section-height-default\" data-id=\"421d8ce\" data-element_type=\"section\">\n\t\t\t\t\t\t<div class=\"elementor-container elementor-column-gap-default\">\n\t\t\t\t\t<div class=\"elementor-column elementor-col-100 elementor-top-column elementor-element elementor-element-60d7573\" data-id=\"60d7573\" data-element_type=\"column\">\n\t\t\t<div class=\"elementor-widget-wrap elementor-element-populated\">\n\t\t\t\t\t\t<div class=\"elementor-element elementor-element-6952802 elementor-widget elementor-widget-heading\" data-id=\"6952802\" data-element_type=\"widget\" data-widget_type=\"heading.default\">\n\t\t\t\t<div class=\"elementor-widget-container\">\n\t\t\t\t\t<h2 class=\"elementor-heading-title elementor-size-default\">Embalaje de la mini m\u00e1quina desguazadora de motores el\u00e9ctricos BSC<\/h2>\t\t\t\t<\/div>\n\t\t\t\t<\/div>\n\t\t\t\t<div class=\"elementor-element elementor-element-7bbb4b4 elementor-widget elementor-widget-gallery\" data-id=\"7bbb4b4\" data-element_type=\"widget\" data-settings=\"{&quot;columns&quot;:2,&quot;aspect_ratio&quot;:&quot;4:3&quot;,&quot;lazyload&quot;:&quot;yes&quot;,&quot;gallery_layout&quot;:&quot;grid&quot;,&quot;columns_tablet&quot;:2,&quot;columns_mobile&quot;:1,&quot;gap&quot;:{&quot;unit&quot;:&quot;px&quot;,&quot;size&quot;:10,&quot;sizes&quot;:[]},&quot;gap_tablet&quot;:{&quot;unit&quot;:&quot;px&quot;,&quot;size&quot;:10,&quot;sizes&quot;:[]},&quot;gap_mobile&quot;:{&quot;unit&quot;:&quot;px&quot;,&quot;size&quot;:10,&quot;sizes&quot;:[]},&quot;link_to&quot;:&quot;file&quot;,&quot;overlay_background&quot;:&quot;yes&quot;,&quot;content_hover_animation&quot;:&quot;fade-in&quot;}\" data-widget_type=\"gallery.default\">\n\t\t\t\t<div class=\"elementor-widget-container\">\n\t\t\t\t\t\t\t<div class=\"elementor-gallery__container\">\n\t\t\t\t\t\t\t<a class=\"e-gallery-item elementor-gallery-item elementor-animated-content\" href=\"https:\/\/3t-motorrecycle.com\/wp-content\/uploads\/2024\/10\/Plasma-Compressor-Case-Cutter-packing-picture.jpg\" data-elementor-open-lightbox=\"yes\" data-elementor-lightbox-slideshow=\"7bbb4b4\" data-elementor-lightbox-title=\"Plasma Compressor Case Cutter packing picture\" data-e-action-hash=\"#elementor-action%3Aaction%3Dlightbox%26settings%3DeyJpZCI6MTA5NzMsInVybCI6Imh0dHBzOlwvXC8zdC1tb3RvcnJlY3ljbGUuY29tXC93cC1jb250ZW50XC91cGxvYWRzXC8yMDI0XC8xMFwvUGxhc21hLUNvbXByZXNzb3ItQ2FzZS1DdXR0ZXItcGFja2luZy1waWN0dXJlLmpwZyIsInNsaWRlc2hvdyI6IjdiYmI0YjQifQ%3D%3D\">\n\t\t\t\t\t<div class=\"e-gallery-image elementor-gallery-item__image\" data-thumbnail=\"https:\/\/3t-motorrecycle.com\/wp-content\/uploads\/2024\/10\/Plasma-Compressor-Case-Cutter-packing-picture.jpg\" data-width=\"400\" data-height=\"600\" aria-label=\"Imagen del embalaje del cortador de caja de compresor de plasma\" role=\"img\" ><\/div>\n\t\t\t\t\t\t\t\t\t\t\t<div class=\"elementor-gallery-item__overlay\"><\/div>\n\t\t\t\t\t\t\t\t\t\t\t\t\t\t<\/a>\n\t\t\t\t\t\t\t<a class=\"e-gallery-item elementor-gallery-item elementor-animated-content\" href=\"https:\/\/3t-motorrecycle.com\/wp-content\/uploads\/2024\/10\/Plasma-Compressor-Case-Cutter-delivery.jpg\" data-elementor-open-lightbox=\"yes\" data-elementor-lightbox-slideshow=\"7bbb4b4\" data-elementor-lightbox-title=\"Plasma Compressor Case Cutter delivery\" data-e-action-hash=\"#elementor-action%3Aaction%3Dlightbox%26settings%3DeyJpZCI6MTA5NzgsInVybCI6Imh0dHBzOlwvXC8zdC1tb3RvcnJlY3ljbGUuY29tXC93cC1jb250ZW50XC91cGxvYWRzXC8yMDI0XC8xMFwvUGxhc21hLUNvbXByZXNzb3ItQ2FzZS1DdXR0ZXItZGVsaXZlcnkuanBnIiwic2xpZGVzaG93IjoiN2JiYjRiNCJ9\">\n\t\t\t\t\t<div class=\"e-gallery-image elementor-gallery-item__image\" data-thumbnail=\"https:\/\/3t-motorrecycle.com\/wp-content\/uploads\/2024\/10\/Plasma-Compressor-Case-Cutter-delivery.jpg\" data-width=\"400\" data-height=\"600\" aria-label=\"Entrega del cortador de cajas con compresor de plasma\" role=\"img\" ><\/div>\n\t\t\t\t\t\t\t\t\t\t\t<div class=\"elementor-gallery-item__overlay\"><\/div>\n\t\t\t\t\t\t\t\t\t\t\t\t\t\t<\/a>\n\t\t\t\t\t\t\t<a class=\"e-gallery-item elementor-gallery-item elementor-animated-content\" href=\"https:\/\/3t-motorrecycle.com\/wp-content\/uploads\/2023\/08\/packing.jpg\" data-elementor-open-lightbox=\"yes\" data-elementor-lightbox-slideshow=\"7bbb4b4\" data-elementor-lightbox-title=\"packing\" data-e-action-hash=\"#elementor-action%3Aaction%3Dlightbox%26settings%3DeyJpZCI6NzY0MCwidXJsIjoiaHR0cHM6XC9cLzN0LW1vdG9ycmVjeWNsZS5jb21cL3dwLWNvbnRlbnRcL3VwbG9hZHNcLzIwMjNcLzA4XC9wYWNraW5nLmpwZyIsInNsaWRlc2hvdyI6IjdiYmI0YjQifQ%3D%3D\">\n\t\t\t\t\t<div class=\"e-gallery-image elementor-gallery-item__image\" data-thumbnail=\"https:\/\/3t-motorrecycle.com\/wp-content\/uploads\/2023\/08\/packing.jpg\" data-width=\"565\" data-height=\"500\" aria-label=\"embalaje\" role=\"img\" ><\/div>\n\t\t\t\t\t\t\t\t\t\t\t<div class=\"elementor-gallery-item__overlay\"><\/div>\n\t\t\t\t\t\t\t\t\t\t\t\t\t\t<\/a>\n\t\t\t\t\t\t\t<a class=\"e-gallery-item elementor-gallery-item elementor-animated-content\" href=\"https:\/\/3t-motorrecycle.com\/wp-content\/uploads\/2023\/07\/german-motor-wrecker.jpg\" data-elementor-open-lightbox=\"yes\" data-elementor-lightbox-slideshow=\"7bbb4b4\" data-elementor-lightbox-title=\"german motor wrecker\" data-e-action-hash=\"#elementor-action%3Aaction%3Dlightbox%26settings%3DeyJpZCI6MzY3OCwidXJsIjoiaHR0cHM6XC9cLzN0LW1vdG9ycmVjeWNsZS5jb21cL3dwLWNvbnRlbnRcL3VwbG9hZHNcLzIwMjNcLzA3XC9nZXJtYW4tbW90b3Itd3JlY2tlci5qcGciLCJzbGlkZXNob3ciOiI3YmJiNGI0In0%3D\">\n\t\t\t\t\t<div class=\"e-gallery-image elementor-gallery-item__image\" data-thumbnail=\"https:\/\/3t-motorrecycle.com\/wp-content\/uploads\/2023\/07\/german-motor-wrecker-768x419.jpg\" data-width=\"768\" data-height=\"419\" aria-label=\"gr\u00faa alemana\" role=\"img\" ><\/div>\n\t\t\t\t\t\t\t\t\t\t\t<div class=\"elementor-gallery-item__overlay\"><\/div>\n\t\t\t\t\t\t\t\t\t\t\t\t\t\t<\/a>\n\t\t\t\t\t<\/div>\n\t\t\t\t\t<\/div>\n\t\t\t\t<\/div>\n\t\t\t\t\t<\/div>\n\t\t<\/div>\n\t\t\t\t\t<\/div>\n\t\t<\/section>\n\t\t\t\t<\/div>","protected":false},"excerpt":{"rendered":"<p>La minidesguazadora de motores el\u00e9ctricos BSC es muy popular en peque\u00f1os desguaces o para uso personal, ya sea para reciclar motores usados en todo el mundo. Esta m\u00e1quina se utiliza principalmente para estatores de motores peque\u00f1os cuyo di\u00e1metro debe ser inferior a 120 mm.<\/p>\n<ul>\n<li>La Mini BSC est\u00e1 dise\u00f1ada espec\u00edficamente para desmontar peque\u00f1os motores el\u00e9ctricos, especialmente de electrodom\u00e9sticos. Es la soluci\u00f3n perfecta para recicladores de peque\u00f1o volumen, familias o desguazadores que buscan una forma eficiente de extraer cobre.<\/li>\n<li>Alta calidad y precio m\u00e1s bajo: esta m\u00e1quina es muy barata, solo USD 2000, un tipo de modelo especializado para clientes con un presupuesto m\u00e1s bajo.<\/li>\n<li>Funciones completas: No se deje enga\u00f1ar por su tama\u00f1o compacto: la gr\u00faa con motor el\u00e9ctrico Mini BSC puede <strong data-start=\"754\" data-end=\"786\">cortar y tirar de los devanados de cobre<\/strong> Se desmonta de estatores de motores de forma r\u00e1pida y sencilla. Combina funciones de corte y pelado en una sola unidad, mejorando la eficiencia y ahorrando mano de obra.<\/li>\n<li>F\u00e1cil de mover: con un tama\u00f1o de tan solo <strong data-start=\"977\" data-end=\"999\">660 \u00d7 730 \u00d7 950 mm<\/strong> Gracias a sus ruedas integradas, el Mini BSC es extremadamente port\u00e1til. Puede moverlo f\u00e1cilmente por su espacio de trabajo, sin necesidad de montacargas ni equipo especial.<\/li>\n<\/ul>","protected":false},"featured_media":11203,"comment_status":"open","ping_status":"closed","template":"","meta":{"_seopress_robots_primary_cat":"none","_seopress_titles_title":"Mini BSC Electric Motor Wrecker For Sale","_seopress_titles_desc":"The BSM-100 used electric motor recycling machine is mainly used for recycling copper winding in various scrap motor stators. BSM-100 can efficiently recycle various scrap motor stators...","_seopress_robots_index":""},"product_brand":[],"product_cat":[22,23],"product_tag":[],"class_list":{"0":"post-11135","1":"product","2":"type-product","3":"status-publish","4":"has-post-thumbnail","6":"product_cat-normal-motor-recycling-machine","7":"product_cat-compressor-recycling-machine","9":"first","10":"instock","11":"shipping-taxable","12":"product-type-simple"},"_links":{"self":[{"href":"https:\/\/3t-motorrecycle.com\/es\/wp-json\/wp\/v2\/product\/11135","targetHints":{"allow":["GET"]}}],"collection":[{"href":"https:\/\/3t-motorrecycle.com\/es\/wp-json\/wp\/v2\/product"}],"about":[{"href":"https:\/\/3t-motorrecycle.com\/es\/wp-json\/wp\/v2\/types\/product"}],"replies":[{"embeddable":true,"href":"https:\/\/3t-motorrecycle.com\/es\/wp-json\/wp\/v2\/comments?post=11135"}],"version-history":[{"count":0,"href":"https:\/\/3t-motorrecycle.com\/es\/wp-json\/wp\/v2\/product\/11135\/revisions"}],"wp:featuredmedia":[{"embeddable":true,"href":"https:\/\/3t-motorrecycle.com\/es\/wp-json\/wp\/v2\/media\/11203"}],"wp:attachment":[{"href":"https:\/\/3t-motorrecycle.com\/es\/wp-json\/wp\/v2\/media?parent=11135"}],"wp:term":[{"taxonomy":"product_brand","embeddable":true,"href":"https:\/\/3t-motorrecycle.com\/es\/wp-json\/wp\/v2\/product_brand?post=11135"},{"taxonomy":"product_cat","embeddable":true,"href":"https:\/\/3t-motorrecycle.com\/es\/wp-json\/wp\/v2\/product_cat?post=11135"},{"taxonomy":"product_tag","embeddable":true,"href":"https:\/\/3t-motorrecycle.com\/es\/wp-json\/wp\/v2\/product_tag?post=11135"}],"curies":[{"name":"wp","href":"https:\/\/api.w.org\/{rel}","templated":true}]}}