{"id":2618,"date":"2023-07-26T18:37:59","date_gmt":"2023-07-26T10:37:59","guid":{"rendered":"https:\/\/3t-motorrecycle.com\/?post_type=product&#038;p=2618"},"modified":"2023-11-01T15:10:56","modified_gmt":"2023-11-01T07:10:56","slug":"maquina-extractora-de-motor-de-arranque-automatico","status":"publish","type":"product","link":"https:\/\/3t-motorrecycle.com\/es\/producto\/maquina-extractora-de-motor-de-arranque-automatico\/","title":{"rendered":"M\u00e1quina extractora de motor de arranque autom\u00e1tico"},"content":{"rendered":"<div data-elementor-type=\"product-post\" data-elementor-id=\"2618\" class=\"elementor elementor-2618\" data-elementor-post-type=\"product\">\n\t\t\t\t\t\t<section class=\"elementor-section elementor-top-section elementor-element elementor-element-6983fc20 elementor-section-boxed elementor-section-height-default elementor-section-height-default\" data-id=\"6983fc20\" data-element_type=\"section\">\n\t\t\t\t\t\t<div class=\"elementor-container elementor-column-gap-default\">\n\t\t\t\t\t<div class=\"elementor-column elementor-col-100 elementor-top-column elementor-element elementor-element-3e942275\" data-id=\"3e942275\" data-element_type=\"column\">\n\t\t\t<div class=\"elementor-widget-wrap elementor-element-populated\">\n\t\t\t\t\t\t<div class=\"elementor-element elementor-element-553e0a4 elementor-widget elementor-widget-heading\" data-id=\"553e0a4\" data-element_type=\"widget\" data-widget_type=\"heading.default\">\n\t\t\t\t<div class=\"elementor-widget-container\">\n\t\t\t\t\t<h2 class=\"elementor-heading-title elementor-size-default\">Venta caliente de m\u00e1quina de tracci\u00f3n de motor de arranque autom\u00e1tico\n<\/h2>\t\t\t\t<\/div>\n\t\t\t\t<\/div>\n\t\t\t\t<div class=\"elementor-element elementor-element-7e5ce7cc elementor-widget elementor-widget-text-editor\" data-id=\"7e5ce7cc\" data-element_type=\"widget\" data-widget_type=\"text-editor.default\">\n\t\t\t\t<div class=\"elementor-widget-container\">\n\t\t\t\t\t\t\t\t\t<p><span data-font-family=\"\u5b8b\u4f53\"><a href=\"https:\/\/3t-motorrecycle.com\/es\">3T<\/a> es el mejor y m\u00e1s completo fabricante y proveedor de m\u00e1quinas extractoras de motores de arranque de autom\u00f3viles, nuestra m\u00e1quina recicla todos los devanados de cobre del motor del estator de arranque del autom\u00f3vil sin ninguna p\u00e9rdida de cobre.<\/span><\/p>\t\t\t\t\t\t\t\t<\/div>\n\t\t\t\t<\/div>\n\t\t\t\t\t<\/div>\n\t\t<\/div>\n\t\t\t\t\t<\/div>\n\t\t<\/section>\n\t\t\t\t<section class=\"elementor-section elementor-top-section elementor-element elementor-element-f92aa4c custom-ele-section-css elementor-section-boxed elementor-section-height-default elementor-section-height-default\" data-id=\"f92aa4c\" data-element_type=\"section\">\n\t\t\t\t\t\t<div class=\"elementor-container elementor-column-gap-default\">\n\t\t\t\t\t<div class=\"elementor-column elementor-col-100 elementor-top-column elementor-element elementor-element-8a8ed9e\" data-id=\"8a8ed9e\" data-element_type=\"column\">\n\t\t\t<div class=\"elementor-widget-wrap elementor-element-populated\">\n\t\t\t\t\t\t<div class=\"elementor-element elementor-element-9bd97eb elementor-widget elementor-widget-heading\" data-id=\"9bd97eb\" data-element_type=\"widget\" data-widget_type=\"heading.default\">\n\t\t\t\t<div class=\"elementor-widget-container\">\n\t\t\t\t\t<h3 class=\"elementor-heading-title elementor-size-default\">Especificaciones de la m\u00e1quina<\/h3>\t\t\t\t<\/div>\n\t\t\t\t<\/div>\n\t\t\t\t<div class=\"elementor-element elementor-element-fae9a5e elementor-widget elementor-widget-text-editor\" data-id=\"fae9a5e\" data-element_type=\"widget\" data-widget_type=\"text-editor.default\">\n\t\t\t\t<div class=\"elementor-widget-container\">\n\t\t\t\t\t\t\t\t\t<p>Para extraer el bobinado del motor de arranque del autom\u00f3vil, hay otras tres m\u00e1quinas que trabajan juntas: la <a href=\"https:\/\/3t-motorrecycle.com\/es\/producto\/maquina-cortadora-de-rotor-de-arranque-automatico\/\">M\u00e1quina cortadora de arranque de autom\u00f3vil<\/a>, m\u00e1quina de prensado de arranque de autom\u00f3vil y <a href=\"https:\/\/3t-motorrecycle.com\/es\/producto\/maquina-de-calentamiento-de-arranque-de-automovil\/\">m\u00e1quina de calentamiento de arranque de autom\u00f3vil<\/a>.<\/p>\t\t\t\t\t\t\t\t<\/div>\n\t\t\t\t<\/div>\n\t\t\t\t\t<\/div>\n\t\t<\/div>\n\t\t\t\t\t<\/div>\n\t\t<\/section>\n\t\t\t\t<section class=\"elementor-section elementor-top-section elementor-element elementor-element-1ba12bb custom-ele-section-css elementor-section-boxed elementor-section-height-default elementor-section-height-default\" data-id=\"1ba12bb\" data-element_type=\"section\">\n\t\t\t\t\t\t<div class=\"elementor-container elementor-column-gap-default\">\n\t\t\t\t\t<div class=\"elementor-column elementor-col-100 elementor-top-column elementor-element elementor-element-cbc711f\" data-id=\"cbc711f\" data-element_type=\"column\">\n\t\t\t<div class=\"elementor-widget-wrap elementor-element-populated\">\n\t\t\t\t\t\t<div class=\"elementor-element elementor-element-6da15eb elementor-widget elementor-widget-heading\" data-id=\"6da15eb\" data-element_type=\"widget\" data-widget_type=\"heading.default\">\n\t\t\t\t<div class=\"elementor-widget-container\">\n\t\t\t\t\t<h2 class=\"elementor-heading-title elementor-size-default\">\u00bfC\u00f3mo reciclar el cobre del motor de arranque del coche?\n<\/h2>\t\t\t\t<\/div>\n\t\t\t\t<\/div>\n\t\t\t\t<div class=\"elementor-element elementor-element-94b3c54 elementor-widget elementor-widget-text-editor\" data-id=\"94b3c54\" data-element_type=\"widget\" data-widget_type=\"text-editor.default\">\n\t\t\t\t<div class=\"elementor-widget-container\">\n\t\t\t\t\t\t\t\t\t<p><span data-font-family=\"\u5b8b\u4f53\">Debido a su estructura compleja, el motor de arranque de un autom\u00f3vil usado es dif\u00edcil de desmontar manualmente. Por lo general, para reciclar un motor de arranque de un autom\u00f3vil se necesitan cuatro tipos de m\u00e1quinas y todo el proceso implica cuatro pasos: cortar el estator, prensar el cabezal de cobre, calentar el motor de arranque y extraer el cable de cobre. Esta m\u00e1quina es el \u00faltimo paso del reciclaje.<\/span><\/p><p>La m\u00e1quina de extracci\u00f3n de motores de arranque autom\u00e1ticos se utiliza principalmente para extraer el devanado de cobre. A continuaci\u00f3n, se muestra el procedimiento de trabajo: <span data-font-family=\"\u5b8b\u4f53\">Coloque el estator calentado en la parte de tracci\u00f3n, f\u00edjelo con la garra y luego extraiga todo el devanado de cobre.<\/span><\/p>\t\t\t\t\t\t\t\t<\/div>\n\t\t\t\t<\/div>\n\t\t\t\t<div class=\"elementor-element elementor-element-5d1305b elementor-widget elementor-widget-video\" data-id=\"5d1305b\" data-element_type=\"widget\" data-settings=\"{&quot;youtube_url&quot;:&quot;https:\\\/\\\/youtu.be\\\/09CwBw0vhgQ&quot;,&quot;video_type&quot;:&quot;youtube&quot;,&quot;controls&quot;:&quot;yes&quot;}\" data-widget_type=\"video.default\">\n\t\t\t\t<div class=\"elementor-widget-container\">\n\t\t\t\t\t\t\t<div class=\"elementor-wrapper elementor-open-inline\">\n\t\t\t<div class=\"elementor-video\"><\/div>\t\t<\/div>\n\t\t\t\t\t\t<\/div>\n\t\t\t\t<\/div>\n\t\t\t\t\t<\/div>\n\t\t<\/div>\n\t\t\t\t\t<\/div>\n\t\t<\/section>\n\t\t\t\t<section class=\"elementor-section elementor-top-section elementor-element elementor-element-b9c8258 custom-ele-section-css elementor-section-boxed elementor-section-height-default elementor-section-height-default\" data-id=\"b9c8258\" data-element_type=\"section\">\n\t\t\t\t\t\t<div class=\"elementor-container elementor-column-gap-default\">\n\t\t\t\t\t<div class=\"elementor-column elementor-col-100 elementor-top-column elementor-element elementor-element-476e638\" data-id=\"476e638\" data-element_type=\"column\">\n\t\t\t<div class=\"elementor-widget-wrap elementor-element-populated\">\n\t\t\t\t\t\t<div class=\"elementor-element elementor-element-92aa5de elementor-align-center elementor-widget elementor-widget-button\" data-id=\"92aa5de\" data-element_type=\"widget\" data-widget_type=\"button.default\">\n\t\t\t\t<div class=\"elementor-widget-container\">\n\t\t\t\t\t\t\t\t\t<div class=\"elementor-button-wrapper\">\n\t\t\t\t\t<a class=\"elementor-button elementor-button-link elementor-size-sm elementor-animation-bounce-in\" href=\"#elementor-action%3Aaction%3Dpopup%3Aopen%26settings%3DeyJpZCI6IjU4MzQiLCJ0b2dnbGUiOmZhbHNlfQ%3D%3D\">\n\t\t\t\t\t\t<span class=\"elementor-button-content-wrapper\">\n\t\t\t\t\t\t\t\t\t<span class=\"elementor-button-text\">Encuentra m\u00e1s<\/span>\n\t\t\t\t\t<\/span>\n\t\t\t\t\t<\/a>\n\t\t\t\t<\/div>\n\t\t\t\t\t\t\t\t<\/div>\n\t\t\t\t<\/div>\n\t\t\t\t\t<\/div>\n\t\t<\/div>\n\t\t\t\t\t<\/div>\n\t\t<\/section>\n\t\t\t\t<section class=\"elementor-section elementor-top-section elementor-element elementor-element-23e50fd custom-ele-section-css elementor-section-boxed elementor-section-height-default elementor-section-height-default\" data-id=\"23e50fd\" data-element_type=\"section\">\n\t\t\t\t\t\t<div class=\"elementor-container elementor-column-gap-default\">\n\t\t\t\t\t<div class=\"elementor-column elementor-col-100 elementor-top-column elementor-element elementor-element-d08502e\" data-id=\"d08502e\" data-element_type=\"column\">\n\t\t\t<div class=\"elementor-widget-wrap elementor-element-populated\">\n\t\t\t\t\t\t<div class=\"elementor-element elementor-element-d66b125 elementor-widget elementor-widget-heading\" data-id=\"d66b125\" data-element_type=\"widget\" data-widget_type=\"heading.default\">\n\t\t\t\t<div class=\"elementor-widget-container\">\n\t\t\t\t\t<h2 class=\"elementor-heading-title elementor-size-default\">Comentarios de clientes<\/h2>\t\t\t\t<\/div>\n\t\t\t\t<\/div>\n\t\t\t\t<section class=\"elementor-section elementor-inner-section elementor-element elementor-element-345816a custom-ele-section-css elementor-section-boxed elementor-section-height-default elementor-section-height-default\" data-id=\"345816a\" data-element_type=\"section\">\n\t\t\t\t\t\t<div class=\"elementor-container elementor-column-gap-default\">\n\t\t\t\t\t<div class=\"elementor-column elementor-col-50 elementor-inner-column elementor-element elementor-element-eac0efe\" data-id=\"eac0efe\" data-element_type=\"column\">\n\t\t\t<div class=\"elementor-widget-wrap elementor-element-populated\">\n\t\t\t\t\t\t<div class=\"elementor-element elementor-element-d430fb9 elementor-star-rating--align-center elementor--star-style-star_fontawesome elementor-widget elementor-widget-star-rating\" data-id=\"d430fb9\" data-element_type=\"widget\" data-widget_type=\"star-rating.default\">\n\t\t\t\t<div class=\"elementor-widget-container\">\n\t\t\t\t\t\t\t<div class=\"elementor-star-rating__wrapper\">\n\t\t\t\t\t\t<div class=\"elementor-star-rating\" itemtype=\"http:\/\/schema.org\/Rating\" itemscope=\"\" itemprop=\"reviewRating\">\n\t\t\t\t<i class=\"elementor-star-full\" aria-hidden=\"true\">\ue934<\/i><i class=\"elementor-star-full\" aria-hidden=\"true\">\ue934<\/i><i class=\"elementor-star-full\" aria-hidden=\"true\">\ue934<\/i><i class=\"elementor-star-full\" aria-hidden=\"true\">\ue934<\/i><i class=\"elementor-star-full\" aria-hidden=\"true\">\ue934<\/i>\t\t\t\t<span itemprop=\"ratingValue\" class=\"elementor-screen-only\">Rated 5 out of 5<\/span>\n\t\t\t<\/div>\n\t\t<\/div>\n\t\t\t\t\t\t<\/div>\n\t\t\t\t<\/div>\n\t\t\t\t<div class=\"elementor-element elementor-element-b2871cc elementor-widget elementor-widget-image\" data-id=\"b2871cc\" data-element_type=\"widget\" data-widget_type=\"image.default\">\n\t\t\t\t<div class=\"elementor-widget-container\">\n\t\t\t\t\t\t\t\t\t\t\t\t\t\t\t<img fetchpriority=\"high\" decoding=\"async\" width=\"800\" height=\"287\" src=\"https:\/\/3t-motorrecycle.com\/wp-content\/uploads\/2023\/06\/Car-starter-recycling-machine-3.png\" class=\"attachment-large size-large wp-image-2772\" alt=\"M\u00e1quina de reciclaje de arranque de autom\u00f3vil\" srcset=\"https:\/\/3t-motorrecycle.com\/wp-content\/uploads\/2023\/06\/Car-starter-recycling-machine-3.png 893w, https:\/\/3t-motorrecycle.com\/wp-content\/uploads\/2023\/06\/Car-starter-recycling-machine-3-300x108.png 300w, https:\/\/3t-motorrecycle.com\/wp-content\/uploads\/2023\/06\/Car-starter-recycling-machine-3-768x275.png 768w, https:\/\/3t-motorrecycle.com\/wp-content\/uploads\/2023\/06\/Car-starter-recycling-machine-3-600x215.png 600w\" sizes=\"(max-width: 800px) 100vw, 800px\" \/>\t\t\t\t\t\t\t\t\t\t\t\t\t\t\t<\/div>\n\t\t\t\t<\/div>\n\t\t\t\t<div class=\"elementor-element elementor-element-47cca93 elementor-widget elementor-widget-text-editor\" data-id=\"47cca93\" data-element_type=\"widget\" data-widget_type=\"text-editor.default\">\n\t\t\t\t<div class=\"elementor-widget-container\">\n\t\t\t\t\t\t\t\t\t<p><span data-font-family=\"\u5b8b\u4f53\">Llevo medio a\u00f1o utilizando la m\u00e1quina arrancadora de autom\u00f3viles y funciona muy bien. Ha mejorado significativamente mi velocidad de reciclaje y ha aumentado mis ganancias.<\/span><\/p>\t\t\t\t\t\t\t\t<\/div>\n\t\t\t\t<\/div>\n\t\t\t\t\t<\/div>\n\t\t<\/div>\n\t\t\t\t<div class=\"elementor-column elementor-col-50 elementor-inner-column elementor-element elementor-element-5fa0a1c\" data-id=\"5fa0a1c\" data-element_type=\"column\">\n\t\t\t<div class=\"elementor-widget-wrap elementor-element-populated\">\n\t\t\t\t\t\t<div class=\"elementor-element elementor-element-994e9a5 elementor-star-rating--align-center elementor--star-style-star_fontawesome elementor-widget elementor-widget-star-rating\" data-id=\"994e9a5\" data-element_type=\"widget\" data-widget_type=\"star-rating.default\">\n\t\t\t\t<div class=\"elementor-widget-container\">\n\t\t\t\t\t\t\t<div class=\"elementor-star-rating__wrapper\">\n\t\t\t\t\t\t<div class=\"elementor-star-rating\" itemtype=\"http:\/\/schema.org\/Rating\" itemscope=\"\" itemprop=\"reviewRating\">\n\t\t\t\t<i class=\"elementor-star-full\" aria-hidden=\"true\">\ue934<\/i><i class=\"elementor-star-full\" aria-hidden=\"true\">\ue934<\/i><i class=\"elementor-star-full\" aria-hidden=\"true\">\ue934<\/i><i class=\"elementor-star-full\" aria-hidden=\"true\">\ue934<\/i><i class=\"elementor-star-full\" aria-hidden=\"true\">\ue934<\/i>\t\t\t\t<span itemprop=\"ratingValue\" class=\"elementor-screen-only\">Rated 5 out of 5<\/span>\n\t\t\t<\/div>\n\t\t<\/div>\n\t\t\t\t\t\t<\/div>\n\t\t\t\t<\/div>\n\t\t\t\t<div class=\"elementor-element elementor-element-570d867 elementor-widget elementor-widget-image\" data-id=\"570d867\" data-element_type=\"widget\" data-widget_type=\"image.default\">\n\t\t\t\t<div class=\"elementor-widget-container\">\n\t\t\t\t\t\t\t\t\t\t\t\t\t\t\t<img decoding=\"async\" width=\"800\" height=\"357\" src=\"https:\/\/3t-motorrecycle.com\/wp-content\/uploads\/2023\/06\/Car-starter-cutting-machine.png\" class=\"attachment-large size-large wp-image-2773\" alt=\"Maquina cortadora de arranque de coche\" srcset=\"https:\/\/3t-motorrecycle.com\/wp-content\/uploads\/2023\/06\/Car-starter-cutting-machine.png 870w, https:\/\/3t-motorrecycle.com\/wp-content\/uploads\/2023\/06\/Car-starter-cutting-machine-300x134.png 300w, https:\/\/3t-motorrecycle.com\/wp-content\/uploads\/2023\/06\/Car-starter-cutting-machine-768x343.png 768w, https:\/\/3t-motorrecycle.com\/wp-content\/uploads\/2023\/06\/Car-starter-cutting-machine-600x268.png 600w\" sizes=\"(max-width: 800px) 100vw, 800px\" \/>\t\t\t\t\t\t\t\t\t\t\t\t\t\t\t<\/div>\n\t\t\t\t<\/div>\n\t\t\t\t<div class=\"elementor-element elementor-element-9532847 elementor-widget elementor-widget-text-editor\" data-id=\"9532847\" data-element_type=\"widget\" data-widget_type=\"text-editor.default\">\n\t\t\t\t<div class=\"elementor-widget-container\">\n\t\t\t\t\t\t\t\t\t<p><span data-font-family=\"\u5b8b\u4f53\">La m\u00e1quina es muy port\u00e1til y f\u00e1cil de operar. Es muy \u00fatil para m\u00ed.\u00a0<\/span><\/p>\t\t\t\t\t\t\t\t<\/div>\n\t\t\t\t<\/div>\n\t\t\t\t\t<\/div>\n\t\t<\/div>\n\t\t\t\t\t<\/div>\n\t\t<\/section>\n\t\t\t\t\t<\/div>\n\t\t<\/div>\n\t\t\t\t\t<\/div>\n\t\t<\/section>\n\t\t\t\t<\/div>","protected":false},"excerpt":{"rendered":"<p><span data-font-family=\"Times New Roman\">Ventajas de la m\u00e1quina extractora de motores de arranque de autom\u00f3viles<\/span><\/p>\n<ol>\n<li><span data-font-family=\"\u5b8b\u4f53\">Dise\u00f1o \u00fanico, rendimiento estable y ventas calientes ya en el mercado chino durante muchos a\u00f1os.<\/span><\/li>\n<li><span data-font-family=\"\u5b8b\u4f53\">Motor el\u00e9ctrico, operaci\u00f3n segura y sencilla, eficiencia: extrae el devanado de cobre en 7 segundos.<\/span><\/li>\n<li>Ensamble 6 piezas de bomba de aceite hidr\u00e1ulica peque\u00f1a.<\/li>\n<\/ol>","protected":false},"featured_media":2764,"comment_status":"open","ping_status":"closed","template":"","meta":{"_seopress_robots_primary_cat":"none","_seopress_titles_title":"Superior Auto Starter Motor Pulling Machine | 3T","_seopress_titles_desc":"For auto starter recycling, there&#039;s need 4 steps, auto starter motor pulling machine is the last step, providing practicality and unmatched performance in auto starter motor pulling, ensuring benefits that imitations can&#039;t match.","_seopress_robots_index":""},"product_brand":[],"product_cat":[25],"product_tag":[],"class_list":{"0":"post-2618","1":"product","2":"type-product","3":"status-publish","4":"has-post-thumbnail","6":"product_cat-car-starter-recycling-machine","8":"first","9":"instock","10":"shipping-taxable","11":"product-type-simple"},"_links":{"self":[{"href":"https:\/\/3t-motorrecycle.com\/es\/wp-json\/wp\/v2\/product\/2618","targetHints":{"allow":["GET"]}}],"collection":[{"href":"https:\/\/3t-motorrecycle.com\/es\/wp-json\/wp\/v2\/product"}],"about":[{"href":"https:\/\/3t-motorrecycle.com\/es\/wp-json\/wp\/v2\/types\/product"}],"replies":[{"embeddable":true,"href":"https:\/\/3t-motorrecycle.com\/es\/wp-json\/wp\/v2\/comments?post=2618"}],"version-history":[{"count":0,"href":"https:\/\/3t-motorrecycle.com\/es\/wp-json\/wp\/v2\/product\/2618\/revisions"}],"wp:featuredmedia":[{"embeddable":true,"href":"https:\/\/3t-motorrecycle.com\/es\/wp-json\/wp\/v2\/media\/2764"}],"wp:attachment":[{"href":"https:\/\/3t-motorrecycle.com\/es\/wp-json\/wp\/v2\/media?parent=2618"}],"wp:term":[{"taxonomy":"product_brand","embeddable":true,"href":"https:\/\/3t-motorrecycle.com\/es\/wp-json\/wp\/v2\/product_brand?post=2618"},{"taxonomy":"product_cat","embeddable":true,"href":"https:\/\/3t-motorrecycle.com\/es\/wp-json\/wp\/v2\/product_cat?post=2618"},{"taxonomy":"product_tag","embeddable":true,"href":"https:\/\/3t-motorrecycle.com\/es\/wp-json\/wp\/v2\/product_tag?post=2618"}],"curies":[{"name":"wp","href":"https:\/\/api.w.org\/{rel}","templated":true}]}}