{"id":7135,"date":"2023-08-07T17:07:53","date_gmt":"2023-08-07T09:07:53","guid":{"rendered":"https:\/\/3t-motorrecycle.com\/?page_id=7135"},"modified":"2023-09-28T12:06:18","modified_gmt":"2023-09-28T04:06:18","slug":"blog","status":"publish","type":"page","link":"https:\/\/3t-motorrecycle.com\/fr\/blog\/","title":{"rendered":"Blog"},"content":{"rendered":"<div data-elementor-type=\"wp-page\" data-elementor-id=\"7135\" class=\"elementor elementor-7135\" data-elementor-post-type=\"page\">\n\t\t\t\t\t\t<section class=\"elementor-section elementor-top-section elementor-element elementor-element-591fef2 elementor-section-height-min-height custom-ele-section-css elementor-section-boxed elementor-section-height-default elementor-section-items-middle\" data-id=\"591fef2\" data-element_type=\"section\" data-e-type=\"section\" data-settings=\"{&quot;background_background&quot;:&quot;classic&quot;}\">\n\t\t\t\t\t\t<div class=\"elementor-container elementor-column-gap-default\">\n\t\t\t\t\t<div class=\"elementor-column elementor-col-100 elementor-top-column elementor-element elementor-element-90be62e\" data-id=\"90be62e\" data-element_type=\"column\" data-e-type=\"column\">\n\t\t\t<div class=\"elementor-widget-wrap elementor-element-populated\">\n\t\t\t\t\t\t<div class=\"elementor-element elementor-element-05d411c elementor-widget elementor-widget-heading\" data-id=\"05d411c\" data-element_type=\"widget\" data-e-type=\"widget\" data-widget_type=\"heading.default\">\n\t\t\t\t<div class=\"elementor-widget-container\">\n\t\t\t\t\t<h1 class=\"elementor-heading-title elementor-size-default\">BLOG 3T<\/h1>\t\t\t\t<\/div>\n\t\t\t\t<\/div>\n\t\t\t\t\t<\/div>\n\t\t<\/div>\n\t\t\t\t\t<\/div>\n\t\t<\/section>\n\t\t\t\t<section class=\"elementor-section elementor-top-section elementor-element elementor-element-062172b custom-ele-section-css elementor-section-boxed elementor-section-height-default elementor-section-height-default\" data-id=\"062172b\" data-element_type=\"section\" data-e-type=\"section\">\n\t\t\t\t\t\t<div class=\"elementor-container elementor-column-gap-default\">\n\t\t\t\t\t<div class=\"elementor-column elementor-col-66 elementor-top-column elementor-element elementor-element-d5d8680\" data-id=\"d5d8680\" data-element_type=\"column\" data-e-type=\"column\">\n\t\t\t<div class=\"elementor-widget-wrap elementor-element-populated\">\n\t\t\t\t\t\t<div class=\"elementor-element elementor-element-02ad63b elementor-grid-2 elementor-posts__hover-none elementor-grid-tablet-2 elementor-grid-mobile-1 elementor-posts--thumbnail-top elementor-widget elementor-widget-posts\" data-id=\"02ad63b\" data-element_type=\"widget\" data-e-type=\"widget\" data-settings=\"{&quot;cards_columns&quot;:&quot;2&quot;,&quot;cards_row_gap_mobile&quot;:{&quot;unit&quot;:&quot;px&quot;,&quot;size&quot;:40,&quot;sizes&quot;:[]},&quot;cards_columns_tablet&quot;:&quot;2&quot;,&quot;cards_columns_mobile&quot;:&quot;1&quot;,&quot;cards_row_gap&quot;:{&quot;unit&quot;:&quot;px&quot;,&quot;size&quot;:35,&quot;sizes&quot;:[]},&quot;cards_row_gap_tablet&quot;:{&quot;unit&quot;:&quot;px&quot;,&quot;size&quot;:&quot;&quot;,&quot;sizes&quot;:[]}}\" data-widget_type=\"posts.cards\">\n\t\t\t\t<div class=\"elementor-widget-container\">\n\t\t\t\t\t\t\t<div class=\"elementor-posts-container elementor-posts elementor-posts--skin-cards elementor-grid\" role=\"list\">\n\t\t\t\t<article class=\"elementor-post elementor-grid-item post-10911 post type-post status-publish format-standard hentry category-news\" role=\"listitem\">\n\t\t\t<div class=\"elementor-post__card\">\n\t\t\t\t<div class=\"elementor-post__text\">\n\t\t\t\t<h2 class=\"elementor-post__title\">\n\t\t\t<a href=\"https:\/\/3t-motorrecycle.com\/fr\/5-coupeurs-de-boitiers-de-compresseur-plasma-expedies-aux-etats-unis\/\" >\n\t\t\t\tNouvelle commande : 9 machines de recyclage de moteurs ont \u00e9t\u00e9 livr\u00e9es aux \u00c9tats-Unis\t\t\t<\/a>\n\t\t<\/h2>\n\t\t\t\t<div class=\"elementor-post__excerpt\">\n\t\t\t<p>De bonnes nouvelles arrivent \u00e0 nouveau ! Le 21 octobre, 5 machines de d\u00e9coupe de bo\u00eetiers de compresseurs plasma, 2 machines de recyclage de moteurs BSM-40 et 2 machines de d\u00e9coupe de moteurs \u00e9lectriques BSM-50<\/p>\n\t\t<\/div>\n\t\t\t\t\t<div class=\"elementor-post__read-more-wrapper\">\n\t\t\n\t\t<a class=\"elementor-post__read-more\" href=\"https:\/\/3t-motorrecycle.com\/fr\/5-coupeurs-de-boitiers-de-compresseur-plasma-expedies-aux-etats-unis\/\" aria-label=\"Read more about New Order: 9 Motor Recycling Machines Were Delivered To The US\" tabindex=\"-1\" >\n\t\t\tEn savoir plus &quot;\t\t<\/a>\n\n\t\t\t\t\t<\/div>\n\t\t\t\t<\/div>\n\t\t\t\t<div class=\"elementor-post__meta-data\">\n\t\t\t\t\t<span class=\"elementor-post-date\">\n\t\t\t22 octobre 2024\t\t<\/span>\n\t\t\t\t<span class=\"elementor-post-avatar\">\n\t\t\tAucun commentaire\t\t<\/span>\n\t\t\t\t<\/div>\n\t\t\t\t\t<\/div>\n\t\t<\/article>\n\t\t\t\t<article class=\"elementor-post elementor-grid-item post-9032 post type-post status-publish format-standard has-post-thumbnail hentry category-uncategorized\" role=\"listitem\">\n\t\t\t<div class=\"elementor-post__card\">\n\t\t\t\t<a class=\"elementor-post__thumbnail__link\" href=\"https:\/\/3t-motorrecycle.com\/fr\/guide-ultime-pour-savoir-comment-separer-un-compresseur-de-climatisation\/\" tabindex=\"-1\" ><div class=\"elementor-post__thumbnail\"><img fetchpriority=\"high\" decoding=\"async\" width=\"400\" height=\"400\" src=\"https:\/\/3t-motorrecycle.com\/wp-content\/uploads\/2023\/09\/splitting-compressor.jpg\" class=\"attachment-medium_large size-medium_large wp-image-9105\" alt=\"machine de s\u00e9paration par compresseur\" srcset=\"https:\/\/3t-motorrecycle.com\/wp-content\/uploads\/2023\/09\/splitting-compressor.jpg 400w, https:\/\/3t-motorrecycle.com\/wp-content\/uploads\/2023\/09\/splitting-compressor-300x300.jpg 300w, https:\/\/3t-motorrecycle.com\/wp-content\/uploads\/2023\/09\/splitting-compressor-150x150.jpg 150w, https:\/\/3t-motorrecycle.com\/wp-content\/uploads\/2023\/09\/splitting-compressor-100x100.jpg 100w\" sizes=\"(max-width: 400px) 100vw, 400px\" \/><\/div><\/a>\n\t\t\t\t<div class=\"elementor-post__text\">\n\t\t\t\t<h2 class=\"elementor-post__title\">\n\t\t\t<a href=\"https:\/\/3t-motorrecycle.com\/fr\/guide-ultime-pour-savoir-comment-separer-un-compresseur-de-climatisation\/\" >\n\t\t\t\tGuide ultime pour savoir comment diviser un compresseur AC\u00a0?\t\t\t<\/a>\n\t\t<\/h2>\n\t\t\t\t<div class=\"elementor-post__excerpt\">\n\t\t\t<p>Probl\u00e8mes et m\u00e9thode de s\u00e9paration Est-il utile de recycler les compresseurs ? Absolument oui. Les compresseurs usag\u00e9s contiennent beaucoup de cuivre et peuvent \u00eatre trouv\u00e9s partout dans notre vie, dans de nombreux appareils \u00e9lectroniques<\/p>\n\t\t<\/div>\n\t\t\t\t\t<div class=\"elementor-post__read-more-wrapper\">\n\t\t\n\t\t<a class=\"elementor-post__read-more\" href=\"https:\/\/3t-motorrecycle.com\/fr\/guide-ultime-pour-savoir-comment-separer-un-compresseur-de-climatisation\/\" aria-label=\"Read more about Ultimate Guide for How to Splitting AC Compressor?\" tabindex=\"-1\" >\n\t\t\tEn savoir plus &quot;\t\t<\/a>\n\n\t\t\t\t\t<\/div>\n\t\t\t\t<\/div>\n\t\t\t\t<div class=\"elementor-post__meta-data\">\n\t\t\t\t\t<span class=\"elementor-post-date\">\n\t\t\t26 septembre 2023\t\t<\/span>\n\t\t\t\t<span class=\"elementor-post-avatar\">\n\t\t\tAucun commentaire\t\t<\/span>\n\t\t\t\t<\/div>\n\t\t\t\t\t<\/div>\n\t\t<\/article>\n\t\t\t\t<article class=\"elementor-post elementor-grid-item post-8803 post type-post status-publish format-standard has-post-thumbnail hentry category-uncategorized\" role=\"listitem\">\n\t\t\t<div class=\"elementor-post__card\">\n\t\t\t\t<a class=\"elementor-post__thumbnail__link\" href=\"https:\/\/3t-motorrecycle.com\/fr\/comment-recycler-les-moteurs-hors-dusage\/\" tabindex=\"-1\" ><div class=\"elementor-post__thumbnail\"><img decoding=\"async\" width=\"360\" height=\"185\" src=\"https:\/\/3t-motorrecycle.com\/wp-content\/uploads\/2023\/09\/How-to-recycle-scrap-motors\uff1f.jpg\" class=\"attachment-medium_large size-medium_large wp-image-8963\" alt=\"Comment recycler les moteurs hors d&#039;usage ?\" srcset=\"https:\/\/3t-motorrecycle.com\/wp-content\/uploads\/2023\/09\/How-to-recycle-scrap-motors\uff1f.jpg 360w, https:\/\/3t-motorrecycle.com\/wp-content\/uploads\/2023\/09\/How-to-recycle-scrap-motors\uff1f-300x154.jpg 300w\" sizes=\"(max-width: 360px) 100vw, 360px\" \/><\/div><\/a>\n\t\t\t\t<div class=\"elementor-post__text\">\n\t\t\t\t<h2 class=\"elementor-post__title\">\n\t\t\t<a href=\"https:\/\/3t-motorrecycle.com\/fr\/comment-recycler-les-moteurs-hors-dusage\/\" >\n\t\t\t\tComment recycler les moteurs hors d&#039;usage ?\t\t\t<\/a>\n\t\t<\/h2>\n\t\t\t\t<div class=\"elementor-post__excerpt\">\n\t\t\t<p>Depuis des ann\u00e9es, les gens ont pris conscience de l&#039;existence unique de la Terre, dont d\u00e9pendent toutes les cr\u00e9atures. Cela a conduit \u00e0 une pr\u00e9occupation universelle pour le recyclage des ressources.<\/p>\n\t\t<\/div>\n\t\t\t\t\t<div class=\"elementor-post__read-more-wrapper\">\n\t\t\n\t\t<a class=\"elementor-post__read-more\" href=\"https:\/\/3t-motorrecycle.com\/fr\/comment-recycler-les-moteurs-hors-dusage\/\" aria-label=\"Read more about How to recycle scrap motors?\" tabindex=\"-1\" >\n\t\t\tEn savoir plus &quot;\t\t<\/a>\n\n\t\t\t\t\t<\/div>\n\t\t\t\t<\/div>\n\t\t\t\t<div class=\"elementor-post__meta-data\">\n\t\t\t\t\t<span class=\"elementor-post-date\">\n\t\t\t21 septembre 2023\t\t<\/span>\n\t\t\t\t<span class=\"elementor-post-avatar\">\n\t\t\tAucun commentaire\t\t<\/span>\n\t\t\t\t<\/div>\n\t\t\t\t\t<\/div>\n\t\t<\/article>\n\t\t\t\t<article class=\"elementor-post elementor-grid-item post-7988 post type-post status-publish format-standard has-post-thumbnail hentry category-uncategorized\" role=\"listitem\">\n\t\t\t<div class=\"elementor-post__card\">\n\t\t\t\t<a class=\"elementor-post__thumbnail__link\" href=\"https:\/\/3t-motorrecycle.com\/fr\/comment-retirer-le-cuivre-dun-moteur-electrique\/\" tabindex=\"-1\" ><div class=\"elementor-post__thumbnail\"><img decoding=\"async\" width=\"760\" height=\"280\" src=\"https:\/\/3t-motorrecycle.com\/wp-content\/uploads\/2023\/08\/scrap-motors.jpg\" class=\"attachment-medium_large size-medium_large wp-image-8090\" alt=\"moteurs de ferraille\" srcset=\"https:\/\/3t-motorrecycle.com\/wp-content\/uploads\/2023\/08\/scrap-motors.jpg 760w, https:\/\/3t-motorrecycle.com\/wp-content\/uploads\/2023\/08\/scrap-motors-300x111.jpg 300w, https:\/\/3t-motorrecycle.com\/wp-content\/uploads\/2023\/08\/scrap-motors-600x221.jpg 600w\" sizes=\"(max-width: 760px) 100vw, 760px\" \/><\/div><\/a>\n\t\t\t\t<div class=\"elementor-post__text\">\n\t\t\t\t<h2 class=\"elementor-post__title\">\n\t\t\t<a href=\"https:\/\/3t-motorrecycle.com\/fr\/comment-retirer-le-cuivre-dun-moteur-electrique\/\" >\n\t\t\t\tComment enlever le cuivre d&#039;un moteur \u00e9lectrique ?\t\t\t<\/a>\n\t\t<\/h2>\n\t\t\t\t<div class=\"elementor-post__excerpt\">\n\t\t\t<p>Dans le contexte de la pr\u00e9servation de l&#039;environnement et de la r\u00e9utilisation efficace des ressources, le nombre croissant de moteurs mis au rebut provenant d&#039;appareils tels que les climatiseurs, les machines \u00e0 laver, les aspirateurs et les moteurs \u00e9lectriques de toutes sortes de machines et de moteurs provenant de voitures usag\u00e9es, etc., offre une opportunit\u00e9 prometteuse pour le march\u00e9 du recyclage du cuivre.<\/p>\n\t\t<\/div>\n\t\t\t\t\t<div class=\"elementor-post__read-more-wrapper\">\n\t\t\n\t\t<a class=\"elementor-post__read-more\" href=\"https:\/\/3t-motorrecycle.com\/fr\/comment-retirer-le-cuivre-dun-moteur-electrique\/\" aria-label=\"Read more about How\u00a0to\u00a0remove\u00a0copper\u00a0from\u00a0electric\u00a0motor?\" tabindex=\"-1\" >\n\t\t\tEn savoir plus &quot;\t\t<\/a>\n\n\t\t\t\t\t<\/div>\n\t\t\t\t<\/div>\n\t\t\t\t<div class=\"elementor-post__meta-data\">\n\t\t\t\t\t<span class=\"elementor-post-date\">\n\t\t\t21 ao\u00fbt 2023\t\t<\/span>\n\t\t\t\t<span class=\"elementor-post-avatar\">\n\t\t\tAucun commentaire\t\t<\/span>\n\t\t\t\t<\/div>\n\t\t\t\t\t<\/div>\n\t\t<\/article>\n\t\t\t\t<\/div>\n\t\t\n\t\t\t\t\t\t<\/div>\n\t\t\t\t<\/div>\n\t\t\t\t\t<\/div>\n\t\t<\/div>\n\t\t\t\t<div class=\"elementor-column elementor-col-33 elementor-top-column elementor-element elementor-element-9a95d88\" data-id=\"9a95d88\" data-element_type=\"column\" data-e-type=\"column\">\n\t\t\t<div class=\"elementor-widget-wrap elementor-element-populated\">\n\t\t\t\t\t\t<section class=\"elementor-section elementor-inner-section elementor-element elementor-element-3563ddc custom-ele-section-css elementor-section-boxed elementor-section-height-default elementor-section-height-default\" data-id=\"3563ddc\" data-element_type=\"section\" data-e-type=\"section\">\n\t\t\t\t\t\t<div class=\"elementor-container elementor-column-gap-default\">\n\t\t\t\t\t<div class=\"elementor-column elementor-col-50 elementor-inner-column elementor-element elementor-element-c68cb28\" data-id=\"c68cb28\" data-element_type=\"column\" data-e-type=\"column\">\n\t\t\t<div class=\"elementor-widget-wrap elementor-element-populated\">\n\t\t\t\t\t\t<div class=\"elementor-element elementor-element-f3bc1fd elementor-widget elementor-widget-heading\" data-id=\"f3bc1fd\" data-element_type=\"widget\" data-e-type=\"widget\" data-widget_type=\"heading.default\">\n\t\t\t\t<div class=\"elementor-widget-container\">\n\t\t\t\t\t<p class=\"elementor-heading-title elementor-size-default\">Partager<\/p>\t\t\t\t<\/div>\n\t\t\t\t<\/div>\n\t\t\t\t\t<\/div>\n\t\t<\/div>\n\t\t\t\t<div class=\"elementor-column elementor-col-50 elementor-inner-column elementor-element elementor-element-34c607e\" data-id=\"34c607e\" data-element_type=\"column\" data-e-type=\"column\">\n\t\t\t<div class=\"elementor-widget-wrap elementor-element-populated\">\n\t\t\t\t\t\t<div class=\"elementor-element elementor-element-54cab7d e-grid-align-mobile-left elementor-shape-rounded elementor-grid-0 e-grid-align-center elementor-widget elementor-widget-social-icons\" data-id=\"54cab7d\" data-element_type=\"widget\" data-e-type=\"widget\" data-widget_type=\"social-icons.default\">\n\t\t\t\t<div class=\"elementor-widget-container\">\n\t\t\t\t\t\t\t<div class=\"elementor-social-icons-wrapper elementor-grid\" role=\"list\">\n\t\t\t\t\t\t\t<span class=\"elementor-grid-item\" role=\"listitem\">\n\t\t\t\t\t<a class=\"elementor-icon elementor-social-icon elementor-social-icon-whatsapp elementor-repeater-item-fd1f313\" href=\"https:\/\/web.whatsapp.com\/\" target=\"_blank\">\n\t\t\t\t\t\t<span class=\"elementor-screen-only\">WhatsApp<\/span>\n\t\t\t\t\t\t<i aria-hidden=\"true\" class=\"fab fa-whatsapp\"><\/i>\t\t\t\t\t<\/a>\n\t\t\t\t<\/span>\n\t\t\t\t\t\t\t<span class=\"elementor-grid-item\" role=\"listitem\">\n\t\t\t\t\t<a class=\"elementor-icon elementor-social-icon elementor-social-icon-youtube elementor-repeater-item-01ab821\" href=\"https:\/\/www.youtube.com\/c\/NaWangbsghequipment\" target=\"_blank\">\n\t\t\t\t\t\t<span class=\"elementor-screen-only\">Youtube<\/span>\n\t\t\t\t\t\t<i aria-hidden=\"true\" class=\"fab fa-youtube\"><\/i>\t\t\t\t\t<\/a>\n\t\t\t\t<\/span>\n\t\t\t\t\t\t\t<span class=\"elementor-grid-item\" role=\"listitem\">\n\t\t\t\t\t<a class=\"elementor-icon elementor-social-icon elementor-social-icon-facebook elementor-repeater-item-a3ce231\" href=\"http:\/\/www.facebook.com\/bsghequipment\" target=\"_blank\">\n\t\t\t\t\t\t<span class=\"elementor-screen-only\">Facebook<\/span>\n\t\t\t\t\t\t<i aria-hidden=\"true\" class=\"fab fa-facebook\"><\/i>\t\t\t\t\t<\/a>\n\t\t\t\t<\/span>\n\t\t\t\t\t<\/div>\n\t\t\t\t\t\t<\/div>\n\t\t\t\t<\/div>\n\t\t\t\t\t<\/div>\n\t\t<\/div>\n\t\t\t\t\t<\/div>\n\t\t<\/section>\n\t\t\t\t<div class=\"elementor-element elementor-element-e94dbb3 elementor-button-align-stretch elementor-widget elementor-widget-form\" data-id=\"e94dbb3\" data-element_type=\"widget\" data-e-type=\"widget\" data-settings=\"{&quot;step_next_label&quot;:&quot;\\u4e0b\\u4e00\\u4e2a&quot;,&quot;step_previous_label&quot;:&quot;\\u4e0a\\u4e00\\u4e2a&quot;,&quot;button_width&quot;:&quot;100&quot;,&quot;step_type&quot;:&quot;number_text&quot;,&quot;step_icon_shape&quot;:&quot;circle&quot;}\" data-widget_type=\"form.default\">\n\t\t\t\t<div class=\"elementor-widget-container\">\n\t\t\t\t\t\t\t<form class=\"elementor-form\" method=\"post\" name=\"\u65b0\u8868\u5355\" aria-label=\"\u65b0\u8868\u5355\" action=\"\">\n\t\t\t<input type=\"hidden\" name=\"post_id\" value=\"7135\"\/>\n\t\t\t<input type=\"hidden\" name=\"form_id\" value=\"e94dbb3\"\/>\n\t\t\t<input type=\"hidden\" name=\"referer_title\" value=\"Blog\" \/>\n\n\t\t\t\t\t\t\t<input type=\"hidden\" name=\"queried_id\" value=\"7135\"\/>\n\t\t\t\n\t\t\t<div class=\"elementor-form-fields-wrapper elementor-labels-above\">\n\t\t\t\t\t\t\t\t<div class=\"elementor-field-type-text elementor-field-group elementor-column elementor-field-group-name elementor-col-100\">\n\t\t\t\t\t\t\t\t\t\t\t\t\t<input size=\"1\" type=\"text\" name=\"form_fields[name]\" id=\"form-field-name\" class=\"elementor-field elementor-size-sm  elementor-field-textual\" placeholder=\"Votre nom\">\n\t\t\t\t\t\t\t\t\t\t\t<\/div>\n\t\t\t\t\t\t\t\t<div class=\"elementor-field-type-email elementor-field-group elementor-column elementor-field-group-email elementor-col-100 elementor-field-required\">\n\t\t\t\t\t\t\t\t\t\t\t\t\t<input size=\"1\" type=\"email\" name=\"form_fields[email]\" id=\"form-field-email\" class=\"elementor-field elementor-size-sm  elementor-field-textual\" placeholder=\"E-mail\" required=\"required\">\n\t\t\t\t\t\t\t\t\t\t\t<\/div>\n\t\t\t\t\t\t\t\t<div class=\"elementor-field-type-textarea elementor-field-group elementor-column elementor-field-group-message elementor-col-100\">\n\t\t\t\t\t<textarea class=\"elementor-field-textual elementor-field  elementor-size-sm\" name=\"form_fields[message]\" id=\"form-field-message\" rows=\"4\" placeholder=\"Vos questions\"><\/textarea>\t\t\t\t<\/div>\n\t\t\t\t\t\t\t\t<div class=\"elementor-field-group elementor-column elementor-field-type-submit elementor-col-100 e-form__buttons\">\n\t\t\t\t\t<button class=\"elementor-button elementor-size-sm\" type=\"submit\">\n\t\t\t\t\t\t<span class=\"elementor-button-content-wrapper\">\n\t\t\t\t\t\t\t\t\t\t\t\t\t\t\t\t\t\t\t\t\t\t<span class=\"elementor-button-text\">\u53d1\u9001<\/span>\n\t\t\t\t\t\t\t\t\t\t\t\t\t<\/span>\n\t\t\t\t\t<\/button>\n\t\t\t\t<\/div>\n\t\t\t<\/div>\n\t\t<input type=\"hidden\" name=\"trp-form-language\" value=\"fr\"\/><\/form>\n\t\t\t\t\t\t<\/div>\n\t\t\t\t<\/div>\n\t\t\t\t<div class=\"elementor-element elementor-element-43c7071 elementor-widget elementor-widget-facebook-button\" data-id=\"43c7071\" data-element_type=\"widget\" data-e-type=\"widget\" data-widget_type=\"facebook-button.default\">\n\t\t\t\t<div class=\"elementor-widget-container\">\n\t\t\t\t\t\t\t<div data-layout=\"standard\" data-colorscheme=\"light\" data-size=\"small\" data-show-faces=\"false\" class=\"elementor-facebook-widget fb-like\" data-href=\"https:\/\/3t-motorrecycle.com\/fr?p=7988\" data-share=\"false\" data-action=\"like\"><\/div>\n\t\t\t\t\t\t<\/div>\n\t\t\t\t<\/div>\n\t\t\t\t\t<\/div>\n\t\t<\/div>\n\t\t\t\t\t<\/div>\n\t\t<\/section>\n\t\t\t\t<\/div>","protected":false},"excerpt":{"rendered":"<p>BLOG 3T Partager Whatsapp Youtube Facebook<\/p>","protected":false},"author":1,"featured_media":0,"parent":0,"menu_order":0,"comment_status":"closed","ping_status":"closed","template":"","meta":{"_seopress_robots_primary_cat":"","_seopress_titles_title":"","_seopress_titles_desc":"","_seopress_robots_index":"","footnotes":""},"class_list":["post-7135","page","type-page","status-publish","hentry"],"_links":{"self":[{"href":"https:\/\/3t-motorrecycle.com\/fr\/wp-json\/wp\/v2\/pages\/7135","targetHints":{"allow":["GET"]}}],"collection":[{"href":"https:\/\/3t-motorrecycle.com\/fr\/wp-json\/wp\/v2\/pages"}],"about":[{"href":"https:\/\/3t-motorrecycle.com\/fr\/wp-json\/wp\/v2\/types\/page"}],"author":[{"embeddable":true,"href":"https:\/\/3t-motorrecycle.com\/fr\/wp-json\/wp\/v2\/users\/1"}],"replies":[{"embeddable":true,"href":"https:\/\/3t-motorrecycle.com\/fr\/wp-json\/wp\/v2\/comments?post=7135"}],"version-history":[{"count":0,"href":"https:\/\/3t-motorrecycle.com\/fr\/wp-json\/wp\/v2\/pages\/7135\/revisions"}],"wp:attachment":[{"href":"https:\/\/3t-motorrecycle.com\/fr\/wp-json\/wp\/v2\/media?parent=7135"}],"curies":[{"name":"wp","href":"https:\/\/api.w.org\/{rel}","templated":true}]}}