{"id":11135,"date":"2025-05-26T11:53:30","date_gmt":"2025-05-26T03:53:30","guid":{"rendered":"https:\/\/3t-motorrecycle.com\/?post_type=product&#038;p=11135"},"modified":"2025-05-27T14:48:30","modified_gmt":"2025-05-27T06:48:30","slug":"mini-depanneuse-a-moteur-electrique-bsc-a-vendre","status":"publish","type":"product","link":"https:\/\/3t-motorrecycle.com\/fr\/produit\/mini-depanneuse-a-moteur-electrique-bsc-a-vendre\/","title":{"rendered":"Mini-d\u00e9panneuse \u00e0 moteur \u00e9lectrique BSC \u00e0 vendre"},"content":{"rendered":"<div data-elementor-type=\"product-post\" data-elementor-id=\"11135\" class=\"elementor elementor-11135\" data-elementor-post-type=\"product\">\n\t\t\t\t\t\t<section class=\"elementor-section elementor-top-section elementor-element elementor-element-44d7e3d custom-ele-section-css elementor-section-boxed elementor-section-height-default elementor-section-height-default\" data-id=\"44d7e3d\" data-element_type=\"section\">\n\t\t\t\t\t\t<div class=\"elementor-container elementor-column-gap-default\">\n\t\t\t\t\t<div class=\"elementor-column elementor-col-100 elementor-top-column elementor-element elementor-element-601b55d\" data-id=\"601b55d\" data-element_type=\"column\">\n\t\t\t<div class=\"elementor-widget-wrap elementor-element-populated\">\n\t\t\t\t\t\t<div class=\"elementor-element elementor-element-4853e31 elementor-widget elementor-widget-heading\" data-id=\"4853e31\" data-element_type=\"widget\" data-widget_type=\"heading.default\">\n\t\t\t\t<div class=\"elementor-widget-container\">\n\t\t\t\t\t<h2 class=\"elementor-heading-title elementor-size-default\">Mini d\u00e9panneuse \u00e0 moteur \u00e9lectrique BSC \u00e0 vendre<\/h2>\t\t\t\t<\/div>\n\t\t\t\t<\/div>\n\t\t\t\t<div class=\"elementor-element elementor-element-010a2e7 elementor-widget elementor-widget-text-editor\" data-id=\"010a2e7\" data-element_type=\"widget\" data-widget_type=\"text-editor.default\">\n\t\t\t\t<div class=\"elementor-widget-container\">\n\t\t\t\t\t\t\t\t\t<p>La mini machine de recyclage de moteurs \u00e9lectriques BSC est professionnelle dans le traitement des moteurs de rebut dont la puissance doit \u00eatre inf\u00e9rieure \u00e0 1,5 kW, cette machine se compose de trois parties principales : syst\u00e8me hydraulique, pi\u00e8ces de coupe et de traction.<\/p><ol><li>Pi\u00e8ces de d\u00e9coupe : Pour couper une extr\u00e9mit\u00e9 des enroulements en cuivre du stator du moteur ;<\/li><li>Pi\u00e8ces de traction : Pour tirer les enroulements en cuivre avec des griffes ;<\/li><li>Syst\u00e8me hydraulique : Principalement pour contr\u00f4ler les pi\u00e8ces de coupe et de traction en actionnant des tiges hydrauliques.<\/li><\/ol>\t\t\t\t\t\t\t\t<\/div>\n\t\t\t\t<\/div>\n\t\t\t\t<div class=\"elementor-element elementor-element-f96bfc2 elementor-widget elementor-widget-text-editor\" data-id=\"f96bfc2\" data-element_type=\"widget\" data-widget_type=\"text-editor.default\">\n\t\t\t\t<div class=\"elementor-widget-container\">\n\t\t\t\t\t\t\t\t\t<table width=\"743\">\n<tbody>\n<tr>\n<td width=\"360\">Mod\u00e8le&nbsp;<\/td>\n<td width=\"383\">Mini BSC<\/td>\n<\/tr>\n<tr>\n<td>Puissance du moteur<\/td>\n<td>3\u00a0kW<\/td>\n<\/tr>\n<tr>\n<td>Tension<\/td>\n<td>380V\/220V<\/td>\n<\/tr>\n<tr>\n<td>Poids<\/td>\n<td>150 kg<\/td>\n<\/tr>\n<tr>\n<td>Taille de la machine<\/td>\n<td>660*730*950mm<\/td>\n<\/tr>\n<tr>\n<td>Taille de l&#039;emballage<\/td>\n<td>830*830*900mm<\/td>\n<\/tr>\n<tr>\n<td>Application<\/td>\n<td>Petits moteurs de moins de 1,5 kW<\/td>\n<\/tr>\n<\/tbody>\n<\/table>\t\t\t\t\t\t\t\t<\/div>\n\t\t\t\t<\/div>\n\t\t\t\t<div class=\"elementor-element elementor-element-6b1c65e elementor-widget elementor-widget-text-editor\" data-id=\"6b1c65e\" data-element_type=\"widget\" data-widget_type=\"text-editor.default\">\n\t\t\t\t<div class=\"elementor-widget-container\">\n\t\t\t\t\t\t\t\t\t<p>La mini-machine de d\u00e9molition de moteur \u00e9lectrique BSC est toujours assembl\u00e9e avec <a href=\"https:\/\/3t-motorrecycle.com\/fr\/machine-de-recyclage-de-compresseur-2\/\">machine de d\u00e9coupe de carter de compresseur<\/a> ensemble, en raison de la petite taille des stators de compresseur, le mini BSC est le meilleur choix \u00e9conomique, vous pouvez \u00e9galement choisir d&#039;autres <a href=\"https:\/\/3t-motorrecycle.com\/fr\/machine-de-demolition-de-moteur-electrique\/\">machine de recyclage de moteurs plus grande<\/a>.<\/p>\t\t\t\t\t\t\t\t<\/div>\n\t\t\t\t<\/div>\n\t\t\t\t\t<\/div>\n\t\t<\/div>\n\t\t\t\t\t<\/div>\n\t\t<\/section>\n\t\t\t\t<section class=\"elementor-section elementor-top-section elementor-element elementor-element-79d5355 custom-ele-section-css elementor-section-boxed elementor-section-height-default elementor-section-height-default\" data-id=\"79d5355\" data-element_type=\"section\">\n\t\t\t\t\t\t<div class=\"elementor-container elementor-column-gap-default\">\n\t\t\t\t\t<div class=\"elementor-column elementor-col-100 elementor-top-column elementor-element elementor-element-4083595\" data-id=\"4083595\" data-element_type=\"column\">\n\t\t\t<div class=\"elementor-widget-wrap elementor-element-populated\">\n\t\t\t\t\t\t<div class=\"elementor-element elementor-element-d9b085b elementor-widget elementor-widget-heading\" data-id=\"d9b085b\" data-element_type=\"widget\" data-widget_type=\"heading.default\">\n\t\t\t\t<div class=\"elementor-widget-container\">\n\t\t\t\t\t<h2 class=\"elementor-heading-title elementor-size-default\">Processus de fonctionnement de la mini-machine de d\u00e9molition de moteurs \u00e9lectriques BSC<\/h2>\t\t\t\t<\/div>\n\t\t\t\t<\/div>\n\t\t\t\t<div class=\"elementor-element elementor-element-ba1a7d8 elementor-widget elementor-widget-text-editor\" data-id=\"ba1a7d8\" data-element_type=\"widget\" data-widget_type=\"text-editor.default\">\n\t\t\t\t<div class=\"elementor-widget-container\">\n\t\t\t\t\t\t\t\t\t<ol><li>Allumez le disjoncteur d&#039;air, le moteur commence \u00e0 fonctionner ;<\/li><li>Tournez le bouton noir et r\u00e9glez la pression \u00e0 un niveau appropri\u00e9 (dans le sens des aiguilles d&#039;une montre pour augmenter et dans le sens inverse des aiguilles d&#039;une montre pour r\u00e9duire la pression) ;<\/li><li>Appuyez sur la tige hydraulique de coupe vers le bas et faites tourner le stator du moteur de ferraille, permettant \u00e0 la lame de couper compl\u00e8tement une extr\u00e9mit\u00e9 de l&#039;enroulement en cuivre du stator du moteur de ferraille.<\/li><li>Appuyez sur la tige hydraulique pour r\u00e9gler la plage d&#039;ouverture des griffes, puis r\u00e9initialisez et terminez le tirage du cuivre.<\/li><\/ol>\t\t\t\t\t\t\t\t<\/div>\n\t\t\t\t<\/div>\n\t\t\t\t\t<\/div>\n\t\t<\/div>\n\t\t\t\t\t<\/div>\n\t\t<\/section>\n\t\t\t\t<section class=\"elementor-section elementor-top-section elementor-element elementor-element-42f0f0c custom-ele-section-css elementor-section-boxed elementor-section-height-default elementor-section-height-default\" data-id=\"42f0f0c\" data-element_type=\"section\">\n\t\t\t\t\t\t<div class=\"elementor-container elementor-column-gap-default\">\n\t\t\t\t\t<div class=\"elementor-column elementor-col-100 elementor-top-column elementor-element elementor-element-0cff855\" data-id=\"0cff855\" data-element_type=\"column\">\n\t\t\t<div class=\"elementor-widget-wrap elementor-element-populated\">\n\t\t\t\t\t\t<div class=\"elementor-element elementor-element-c2bff56 elementor-widget elementor-widget-heading\" data-id=\"c2bff56\" data-element_type=\"widget\" data-widget_type=\"heading.default\">\n\t\t\t\t<div class=\"elementor-widget-container\">\n\t\t\t\t\t<h2 class=\"elementor-heading-title elementor-size-default\">Avantages de la mini-machine de d\u00e9molition de moteurs \u00e0 ferraille BSC<\/h2>\t\t\t\t<\/div>\n\t\t\t\t<\/div>\n\t\t\t\t<section class=\"elementor-section elementor-inner-section elementor-element elementor-element-3a68a8d6 custom-ele-section-css elementor-section-boxed elementor-section-height-default elementor-section-height-default\" data-id=\"3a68a8d6\" data-element_type=\"section\">\n\t\t\t\t\t\t<div class=\"elementor-container elementor-column-gap-extended\">\n\t\t\t\t\t<div class=\"elementor-column elementor-col-50 elementor-inner-column elementor-element elementor-element-634a7c97\" data-id=\"634a7c97\" data-element_type=\"column\">\n\t\t\t<div class=\"elementor-widget-wrap elementor-element-populated\">\n\t\t\t\t\t\t<div class=\"elementor-element elementor-element-b46b909 elementor-view-stacked elementor-position-left elementor-shape-circle elementor-mobile-position-top elementor-widget elementor-widget-icon-box\" data-id=\"b46b909\" data-element_type=\"widget\" data-widget_type=\"icon-box.default\">\n\t\t\t\t<div class=\"elementor-widget-container\">\n\t\t\t\t\t\t\t<div class=\"elementor-icon-box-wrapper\">\n\n\t\t\t\t\t\t<div class=\"elementor-icon-box-icon\">\n\t\t\t\t<span  class=\"elementor-icon\">\n\t\t\t\t<i aria-hidden=\"true\" class=\"fas fa-strikethrough\"><\/i>\t\t\t\t<\/span>\n\t\t\t<\/div>\n\t\t\t\n\t\t\t\t\t\t<div class=\"elementor-icon-box-content\">\n\n\t\t\t\t\t\t\t\t\t<h3 class=\"elementor-icon-box-title\">\n\t\t\t\t\t\t<span  >\n\t\t\t\t\t\t\tAvantages \u00e9conomiques\t\t\t\t\t\t<\/span>\n\t\t\t\t\t<\/h3>\n\t\t\t\t\n\t\t\t\t\t\t\t\t\t<p class=\"elementor-icon-box-description\">\n\t\t\t\t\t\t\u00c9quip\u00e9 d&#039;une pompe hydraulique, il est peu bruyant et am\u00e9liore l&#039;efficacit\u00e9 du travail pour couper et tirer afin d&#039;apporter de grands b\u00e9n\u00e9fices aux clients\u00a0;\t\t\t\t\t<\/p>\n\t\t\t\t\n\t\t\t<\/div>\n\t\t\t\n\t\t<\/div>\n\t\t\t\t\t\t<\/div>\n\t\t\t\t<\/div>\n\t\t\t\t<div class=\"elementor-element elementor-element-50402052 elementor-view-stacked elementor-position-left elementor-shape-circle elementor-mobile-position-top elementor-widget elementor-widget-icon-box\" data-id=\"50402052\" data-element_type=\"widget\" data-widget_type=\"icon-box.default\">\n\t\t\t\t<div class=\"elementor-widget-container\">\n\t\t\t\t\t\t\t<div class=\"elementor-icon-box-wrapper\">\n\n\t\t\t\t\t\t<div class=\"elementor-icon-box-icon\">\n\t\t\t\t<span  class=\"elementor-icon\">\n\t\t\t\t<i aria-hidden=\"true\" class=\"fas fa-shower\"><\/i>\t\t\t\t<\/span>\n\t\t\t<\/div>\n\t\t\t\n\t\t\t\t\t\t<div class=\"elementor-icon-box-content\">\n\n\t\t\t\t\t\t\t\t\t<h3 class=\"elementor-icon-box-title\">\n\t\t\t\t\t\t<span  >\n\t\t\t\t\t\t\tStructure durable\t\t\t\t\t\t<\/span>\n\t\t\t\t\t<\/h3>\n\t\t\t\t\n\t\t\t\t\t\t\t\t\t<p class=\"elementor-icon-box-description\">\n\t\t\t\t\t\tL&#039;alliage d&#039;acier et de fer de haute qualit\u00e9 conf\u00e8re \u00e0 la machine fiabilit\u00e9 et stabilit\u00e9. Gr\u00e2ce \u00e0 des tests effectu\u00e9s avant exp\u00e9dition et \u00e0 un syst\u00e8me hydraulique, le mini-d\u00e9panneur BSC garantit une utilisation fiable et durable.\t\t\t\t\t<\/p>\n\t\t\t\t\n\t\t\t<\/div>\n\t\t\t\n\t\t<\/div>\n\t\t\t\t\t\t<\/div>\n\t\t\t\t<\/div>\n\t\t\t\t\t<\/div>\n\t\t<\/div>\n\t\t\t\t<div class=\"elementor-column elementor-col-50 elementor-inner-column elementor-element elementor-element-1ae40595\" data-id=\"1ae40595\" data-element_type=\"column\">\n\t\t\t<div class=\"elementor-widget-wrap elementor-element-populated\">\n\t\t\t\t\t\t<div class=\"elementor-element elementor-element-51386e8e elementor-view-stacked elementor-position-left elementor-shape-circle elementor-mobile-position-top elementor-widget elementor-widget-icon-box\" data-id=\"51386e8e\" data-element_type=\"widget\" data-widget_type=\"icon-box.default\">\n\t\t\t\t<div class=\"elementor-widget-container\">\n\t\t\t\t\t\t\t<div class=\"elementor-icon-box-wrapper\">\n\n\t\t\t\t\t\t<div class=\"elementor-icon-box-icon\">\n\t\t\t\t<span  class=\"elementor-icon\">\n\t\t\t\t<i aria-hidden=\"true\" class=\"fas fa-anchor\"><\/i>\t\t\t\t<\/span>\n\t\t\t<\/div>\n\t\t\t\n\t\t\t\t\t\t<div class=\"elementor-icon-box-content\">\n\n\t\t\t\t\t\t\t\t\t<h3 class=\"elementor-icon-box-title\">\n\t\t\t\t\t\t<span  >\n\t\t\t\t\t\t\tlarge application\t\t\t\t\t\t<\/span>\n\t\t\t\t\t<\/h3>\n\t\t\t\t\n\t\t\t\t\t\t\t\t\t<p class=\"elementor-icon-box-description\">\n\t\t\t\t\t\tLe Mini BSC est de petite taille et n&#039;occupe que de petits espaces, vous pouvez faire fonctionner la machine avec une \u00e9lectricit\u00e9 monophas\u00e9e ou choisir une \u00e9lectricit\u00e9 triphas\u00e9e.\t\t\t\t\t<\/p>\n\t\t\t\t\n\t\t\t<\/div>\n\t\t\t\n\t\t<\/div>\n\t\t\t\t\t\t<\/div>\n\t\t\t\t<\/div>\n\t\t\t\t<div class=\"elementor-element elementor-element-4ae67fd7 elementor-view-stacked elementor-position-left elementor-shape-circle elementor-mobile-position-top elementor-widget elementor-widget-icon-box\" data-id=\"4ae67fd7\" data-element_type=\"widget\" data-widget_type=\"icon-box.default\">\n\t\t\t\t<div class=\"elementor-widget-container\">\n\t\t\t\t\t\t\t<div class=\"elementor-icon-box-wrapper\">\n\n\t\t\t\t\t\t<div class=\"elementor-icon-box-icon\">\n\t\t\t\t<span  class=\"elementor-icon\">\n\t\t\t\t<i aria-hidden=\"true\" class=\"fas fa-briefcase\"><\/i>\t\t\t\t<\/span>\n\t\t\t<\/div>\n\t\t\t\n\t\t\t\t\t\t<div class=\"elementor-icon-box-content\">\n\n\t\t\t\t\t\t\t\t\t<h3 class=\"elementor-icon-box-title\">\n\t\t\t\t\t\t<span  >\n\t\t\t\t\t\t\tfacile \u00e0 utiliser\t\t\t\t\t\t<\/span>\n\t\t\t\t\t<\/h3>\n\t\t\t\t\n\t\t\t\t\t\t\t\t\t<p class=\"elementor-icon-box-description\">\n\t\t\t\t\t\tNotre mini-d\u00e9molisseur de moteurs \u00e9lectrique BSC est con\u00e7u pour \u00eatre facile \u00e0 utiliser, m\u00eame pour les novices en recyclage de moteurs. Son syst\u00e8me de commande simple \u00e0 deux poign\u00e9es rend la machine intuitive et conviviale pour les d\u00e9butants.\t\t\t\t\t<\/p>\n\t\t\t\t\n\t\t\t<\/div>\n\t\t\t\n\t\t<\/div>\n\t\t\t\t\t\t<\/div>\n\t\t\t\t<\/div>\n\t\t\t\t\t<\/div>\n\t\t<\/div>\n\t\t\t\t\t<\/div>\n\t\t<\/section>\n\t\t\t\t\t<\/div>\n\t\t<\/div>\n\t\t\t\t\t<\/div>\n\t\t<\/section>\n\t\t\t\t<section class=\"elementor-section elementor-top-section elementor-element elementor-element-4562cf9 custom-ele-section-css elementor-section-boxed elementor-section-height-default elementor-section-height-default\" data-id=\"4562cf9\" data-element_type=\"section\" data-settings=\"{&quot;background_background&quot;:&quot;classic&quot;}\">\n\t\t\t\t\t\t<div class=\"elementor-container elementor-column-gap-default\">\n\t\t\t\t\t<div class=\"elementor-column elementor-col-100 elementor-top-column elementor-element elementor-element-758113e\" data-id=\"758113e\" data-element_type=\"column\">\n\t\t\t<div class=\"elementor-widget-wrap elementor-element-populated\">\n\t\t\t\t\t\t<div class=\"elementor-element elementor-element-cc1191f elementor-widget elementor-widget-heading\" data-id=\"cc1191f\" data-element_type=\"widget\" data-widget_type=\"heading.default\">\n\t\t\t\t<div class=\"elementor-widget-container\">\n\t\t\t\t\t<h2 class=\"elementor-heading-title elementor-size-default\">Probl\u00e8mes possibles et solutions<\/h2>\t\t\t\t<\/div>\n\t\t\t\t<\/div>\n\t\t\t\t<div class=\"elementor-element elementor-element-1499343 elementor-widget elementor-widget-text-editor\" data-id=\"1499343\" data-element_type=\"widget\" data-widget_type=\"text-editor.default\">\n\t\t\t\t<div class=\"elementor-widget-container\">\n\t\t\t\t\t\t\t\t\t<ol><li>Comme mentionn\u00e9, lorsque le cylindre ne peut pas fonctionner correctement ou ne fonctionne pas, veuillez v\u00e9rifier si de l&#039;huile hydraulique standard 46# 4\/5 a \u00e9t\u00e9 ajout\u00e9e\u00a0;<\/li><\/ol><ol start=\"2\"><li>La t\u00eate de la pince en cuivre peut se d\u00e9tacher naturellement apr\u00e8s une utilisation prolong\u00e9e. Retirez les six vis reliant l&#039;extr\u00e9mit\u00e9 du corps au v\u00e9rin, puis vissez-la au point le plus profond de la tige de pouss\u00e9e du v\u00e9rin, tout en serrant le filetage de blocage. Enfin, raccordez le corps au v\u00e9rin.<\/li><li>Si vous n&#039;utilisez qu&#039;une seule fonction pendant une longue p\u00e9riode, activez \u00e9galement les interrupteurs des fonctions non utilis\u00e9es au d\u00e9marrage et r\u00e9initialisez-les pour garantir un fonctionnement normal \u00e0 chaque d\u00e9marrage de l&#039;appareil. Vous pourrez alors utiliser ses fonctions normalement. Dans le cas contraire, des fonctions non utilis\u00e9es pendant une longue p\u00e9riode pourraient alt\u00e9rer le fonctionnement de l&#039;appareil.<\/li><\/ol>\t\t\t\t\t\t\t\t<\/div>\n\t\t\t\t<\/div>\n\t\t\t\t\t<\/div>\n\t\t<\/div>\n\t\t\t\t\t<\/div>\n\t\t<\/section>\n\t\t\t\t<section class=\"elementor-section elementor-top-section elementor-element elementor-element-421d8ce custom-ele-section-css elementor-section-boxed elementor-section-height-default elementor-section-height-default\" data-id=\"421d8ce\" data-element_type=\"section\">\n\t\t\t\t\t\t<div class=\"elementor-container elementor-column-gap-default\">\n\t\t\t\t\t<div class=\"elementor-column elementor-col-100 elementor-top-column elementor-element elementor-element-60d7573\" data-id=\"60d7573\" data-element_type=\"column\">\n\t\t\t<div class=\"elementor-widget-wrap elementor-element-populated\">\n\t\t\t\t\t\t<div class=\"elementor-element elementor-element-6952802 elementor-widget elementor-widget-heading\" data-id=\"6952802\" data-element_type=\"widget\" data-widget_type=\"heading.default\">\n\t\t\t\t<div class=\"elementor-widget-container\">\n\t\t\t\t\t<h2 class=\"elementor-heading-title elementor-size-default\">Emballage de la mini-machine de d\u00e9molition de moteurs \u00e9lectriques BSC<\/h2>\t\t\t\t<\/div>\n\t\t\t\t<\/div>\n\t\t\t\t<div class=\"elementor-element elementor-element-7bbb4b4 elementor-widget elementor-widget-gallery\" data-id=\"7bbb4b4\" data-element_type=\"widget\" data-settings=\"{&quot;columns&quot;:2,&quot;aspect_ratio&quot;:&quot;4:3&quot;,&quot;lazyload&quot;:&quot;yes&quot;,&quot;gallery_layout&quot;:&quot;grid&quot;,&quot;columns_tablet&quot;:2,&quot;columns_mobile&quot;:1,&quot;gap&quot;:{&quot;unit&quot;:&quot;px&quot;,&quot;size&quot;:10,&quot;sizes&quot;:[]},&quot;gap_tablet&quot;:{&quot;unit&quot;:&quot;px&quot;,&quot;size&quot;:10,&quot;sizes&quot;:[]},&quot;gap_mobile&quot;:{&quot;unit&quot;:&quot;px&quot;,&quot;size&quot;:10,&quot;sizes&quot;:[]},&quot;link_to&quot;:&quot;file&quot;,&quot;overlay_background&quot;:&quot;yes&quot;,&quot;content_hover_animation&quot;:&quot;fade-in&quot;}\" data-widget_type=\"gallery.default\">\n\t\t\t\t<div class=\"elementor-widget-container\">\n\t\t\t\t\t\t\t<div class=\"elementor-gallery__container\">\n\t\t\t\t\t\t\t<a class=\"e-gallery-item elementor-gallery-item elementor-animated-content\" href=\"https:\/\/3t-motorrecycle.com\/wp-content\/uploads\/2024\/10\/Plasma-Compressor-Case-Cutter-packing-picture.jpg\" data-elementor-open-lightbox=\"yes\" data-elementor-lightbox-slideshow=\"7bbb4b4\" data-elementor-lightbox-title=\"Plasma Compressor Case Cutter packing picture\" data-e-action-hash=\"#elementor-action%3Aaction%3Dlightbox%26settings%3DeyJpZCI6MTA5NzMsInVybCI6Imh0dHBzOlwvXC8zdC1tb3RvcnJlY3ljbGUuY29tXC93cC1jb250ZW50XC91cGxvYWRzXC8yMDI0XC8xMFwvUGxhc21hLUNvbXByZXNzb3ItQ2FzZS1DdXR0ZXItcGFja2luZy1waWN0dXJlLmpwZyIsInNsaWRlc2hvdyI6IjdiYmI0YjQifQ%3D%3D\">\n\t\t\t\t\t<div class=\"e-gallery-image elementor-gallery-item__image\" data-thumbnail=\"https:\/\/3t-motorrecycle.com\/wp-content\/uploads\/2024\/10\/Plasma-Compressor-Case-Cutter-packing-picture.jpg\" data-width=\"400\" data-height=\"600\" aria-label=\"Image de l&#039;emballage du coupeur de bo\u00eetier de compresseur plasma\" role=\"img\" ><\/div>\n\t\t\t\t\t\t\t\t\t\t\t<div class=\"elementor-gallery-item__overlay\"><\/div>\n\t\t\t\t\t\t\t\t\t\t\t\t\t\t<\/a>\n\t\t\t\t\t\t\t<a class=\"e-gallery-item elementor-gallery-item elementor-animated-content\" href=\"https:\/\/3t-motorrecycle.com\/wp-content\/uploads\/2024\/10\/Plasma-Compressor-Case-Cutter-delivery.jpg\" data-elementor-open-lightbox=\"yes\" data-elementor-lightbox-slideshow=\"7bbb4b4\" data-elementor-lightbox-title=\"Plasma Compressor Case Cutter delivery\" data-e-action-hash=\"#elementor-action%3Aaction%3Dlightbox%26settings%3DeyJpZCI6MTA5NzgsInVybCI6Imh0dHBzOlwvXC8zdC1tb3RvcnJlY3ljbGUuY29tXC93cC1jb250ZW50XC91cGxvYWRzXC8yMDI0XC8xMFwvUGxhc21hLUNvbXByZXNzb3ItQ2FzZS1DdXR0ZXItZGVsaXZlcnkuanBnIiwic2xpZGVzaG93IjoiN2JiYjRiNCJ9\">\n\t\t\t\t\t<div class=\"e-gallery-image elementor-gallery-item__image\" data-thumbnail=\"https:\/\/3t-motorrecycle.com\/wp-content\/uploads\/2024\/10\/Plasma-Compressor-Case-Cutter-delivery.jpg\" data-width=\"400\" data-height=\"600\" aria-label=\"Livraison de d\u00e9coupeuse de bo\u00eetier de compresseur plasma\" role=\"img\" ><\/div>\n\t\t\t\t\t\t\t\t\t\t\t<div class=\"elementor-gallery-item__overlay\"><\/div>\n\t\t\t\t\t\t\t\t\t\t\t\t\t\t<\/a>\n\t\t\t\t\t\t\t<a class=\"e-gallery-item elementor-gallery-item elementor-animated-content\" href=\"https:\/\/3t-motorrecycle.com\/wp-content\/uploads\/2023\/08\/packing.jpg\" data-elementor-open-lightbox=\"yes\" data-elementor-lightbox-slideshow=\"7bbb4b4\" data-elementor-lightbox-title=\"packing\" data-e-action-hash=\"#elementor-action%3Aaction%3Dlightbox%26settings%3DeyJpZCI6NzY0MCwidXJsIjoiaHR0cHM6XC9cLzN0LW1vdG9ycmVjeWNsZS5jb21cL3dwLWNvbnRlbnRcL3VwbG9hZHNcLzIwMjNcLzA4XC9wYWNraW5nLmpwZyIsInNsaWRlc2hvdyI6IjdiYmI0YjQifQ%3D%3D\">\n\t\t\t\t\t<div class=\"e-gallery-image elementor-gallery-item__image\" data-thumbnail=\"https:\/\/3t-motorrecycle.com\/wp-content\/uploads\/2023\/08\/packing.jpg\" data-width=\"565\" data-height=\"500\" aria-label=\"emballage\" role=\"img\" ><\/div>\n\t\t\t\t\t\t\t\t\t\t\t<div class=\"elementor-gallery-item__overlay\"><\/div>\n\t\t\t\t\t\t\t\t\t\t\t\t\t\t<\/a>\n\t\t\t\t\t\t\t<a class=\"e-gallery-item elementor-gallery-item elementor-animated-content\" href=\"https:\/\/3t-motorrecycle.com\/wp-content\/uploads\/2023\/07\/german-motor-wrecker.jpg\" data-elementor-open-lightbox=\"yes\" data-elementor-lightbox-slideshow=\"7bbb4b4\" data-elementor-lightbox-title=\"german motor wrecker\" data-e-action-hash=\"#elementor-action%3Aaction%3Dlightbox%26settings%3DeyJpZCI6MzY3OCwidXJsIjoiaHR0cHM6XC9cLzN0LW1vdG9ycmVjeWNsZS5jb21cL3dwLWNvbnRlbnRcL3VwbG9hZHNcLzIwMjNcLzA3XC9nZXJtYW4tbW90b3Itd3JlY2tlci5qcGciLCJzbGlkZXNob3ciOiI3YmJiNGI0In0%3D\">\n\t\t\t\t\t<div class=\"e-gallery-image elementor-gallery-item__image\" data-thumbnail=\"https:\/\/3t-motorrecycle.com\/wp-content\/uploads\/2023\/07\/german-motor-wrecker-768x419.jpg\" data-width=\"768\" data-height=\"419\" aria-label=\"d\u00e9molisseur de moteur allemand\" role=\"img\" ><\/div>\n\t\t\t\t\t\t\t\t\t\t\t<div class=\"elementor-gallery-item__overlay\"><\/div>\n\t\t\t\t\t\t\t\t\t\t\t\t\t\t<\/a>\n\t\t\t\t\t<\/div>\n\t\t\t\t\t<\/div>\n\t\t\t\t<\/div>\n\t\t\t\t\t<\/div>\n\t\t<\/div>\n\t\t\t\t\t<\/div>\n\t\t<\/section>\n\t\t\t\t<\/div>","protected":false},"excerpt":{"rendered":"<p>La mini-d\u00e9molisseuse de moteurs \u00e9lectriques BSC est tr\u00e8s populaire aupr\u00e8s des petites casses automobiles et pour un usage personnel, afin de recycler les moteurs hors d&#039;usage partout dans le monde. Cette machine est principalement destin\u00e9e aux petits stators de moteurs dont le diam\u00e8tre doit \u00eatre inf\u00e9rieur \u00e0 120 mm.<\/p>\n<ul>\n<li>Le Mini BSC est sp\u00e9cialement con\u00e7u pour le d\u00e9montage des petits moteurs \u00e9lectriques, notamment ceux des appareils \u00e9lectrom\u00e9nagers. C&#039;est la solution id\u00e9ale pour les petits recycleurs, les familles ou les ferrailleurs \u00e0 la recherche d&#039;un moyen efficace d&#039;extraire le cuivre.<\/li>\n<li>Haute qualit\u00e9 et prix inf\u00e9rieur : cette machine est tr\u00e8s bon march\u00e9, seulement 2 000 USD, un type de mod\u00e8le sp\u00e9cialis\u00e9 pour les clients \u00e0 petit budget.<\/li>\n<li>Fonctions compl\u00e8tes : Ne vous laissez pas tromper par sa taille compacte \u2013 la machine de d\u00e9molition de moteur \u00e9lectrique Mini BSC peut <strong data-start=\"754\" data-end=\"786\">couper et tirer les enroulements en cuivre<\/strong> D\u00e9couper rapidement et facilement des stators de moteur. Il combine les fonctions de coupe et de d\u00e9nudage en une seule unit\u00e9, am\u00e9liorant ainsi l&#039;efficacit\u00e9 et \u00e9conomisant la main-d&#039;\u0153uvre.<\/li>\n<li>Facile \u00e0 d\u00e9placer : Avec un encombrement de seulement <strong data-start=\"977\" data-end=\"999\">660 \u00d7 730 \u00d7 950 mm<\/strong> Gr\u00e2ce \u00e0 ses roulettes int\u00e9gr\u00e9es, le Mini BSC est extr\u00eamement portable. Vous pouvez le d\u00e9placer facilement sur votre espace de travail, sans chariot \u00e9l\u00e9vateur ni \u00e9quipement sp\u00e9cial.<\/li>\n<\/ul>","protected":false},"featured_media":11203,"comment_status":"open","ping_status":"closed","template":"","meta":{"_seopress_robots_primary_cat":"none","_seopress_titles_title":"Mini BSC Electric Motor Wrecker For Sale","_seopress_titles_desc":"The BSM-100 used electric motor recycling machine is mainly used for recycling copper winding in various scrap motor stators. BSM-100 can efficiently recycle various scrap motor stators...","_seopress_robots_index":""},"product_brand":[],"product_cat":[22,23],"product_tag":[],"class_list":{"0":"post-11135","1":"product","2":"type-product","3":"status-publish","4":"has-post-thumbnail","6":"product_cat-normal-motor-recycling-machine","7":"product_cat-compressor-recycling-machine","9":"first","10":"instock","11":"shipping-taxable","12":"product-type-simple"},"_links":{"self":[{"href":"https:\/\/3t-motorrecycle.com\/fr\/wp-json\/wp\/v2\/product\/11135","targetHints":{"allow":["GET"]}}],"collection":[{"href":"https:\/\/3t-motorrecycle.com\/fr\/wp-json\/wp\/v2\/product"}],"about":[{"href":"https:\/\/3t-motorrecycle.com\/fr\/wp-json\/wp\/v2\/types\/product"}],"replies":[{"embeddable":true,"href":"https:\/\/3t-motorrecycle.com\/fr\/wp-json\/wp\/v2\/comments?post=11135"}],"version-history":[{"count":0,"href":"https:\/\/3t-motorrecycle.com\/fr\/wp-json\/wp\/v2\/product\/11135\/revisions"}],"wp:featuredmedia":[{"embeddable":true,"href":"https:\/\/3t-motorrecycle.com\/fr\/wp-json\/wp\/v2\/media\/11203"}],"wp:attachment":[{"href":"https:\/\/3t-motorrecycle.com\/fr\/wp-json\/wp\/v2\/media?parent=11135"}],"wp:term":[{"taxonomy":"product_brand","embeddable":true,"href":"https:\/\/3t-motorrecycle.com\/fr\/wp-json\/wp\/v2\/product_brand?post=11135"},{"taxonomy":"product_cat","embeddable":true,"href":"https:\/\/3t-motorrecycle.com\/fr\/wp-json\/wp\/v2\/product_cat?post=11135"},{"taxonomy":"product_tag","embeddable":true,"href":"https:\/\/3t-motorrecycle.com\/fr\/wp-json\/wp\/v2\/product_tag?post=11135"}],"curies":[{"name":"wp","href":"https:\/\/api.w.org\/{rel}","templated":true}]}}