{"id":2618,"date":"2023-07-26T18:37:59","date_gmt":"2023-07-26T10:37:59","guid":{"rendered":"https:\/\/3t-motorrecycle.com\/?post_type=product&#038;p=2618"},"modified":"2023-11-01T15:10:56","modified_gmt":"2023-11-01T07:10:56","slug":"machine-a-tirer-le-demarreur-automatique","status":"publish","type":"product","link":"https:\/\/3t-motorrecycle.com\/fr\/produit\/machine-a-tirer-le-demarreur-automatique\/","title":{"rendered":"Machine \u00e0 tirer le d\u00e9marreur automatique"},"content":{"rendered":"<div data-elementor-type=\"product-post\" data-elementor-id=\"2618\" class=\"elementor elementor-2618\" data-elementor-post-type=\"product\">\n\t\t\t\t\t\t<section class=\"elementor-section elementor-top-section elementor-element elementor-element-6983fc20 elementor-section-boxed elementor-section-height-default elementor-section-height-default\" data-id=\"6983fc20\" data-element_type=\"section\">\n\t\t\t\t\t\t<div class=\"elementor-container elementor-column-gap-default\">\n\t\t\t\t\t<div class=\"elementor-column elementor-col-100 elementor-top-column elementor-element elementor-element-3e942275\" data-id=\"3e942275\" data-element_type=\"column\">\n\t\t\t<div class=\"elementor-widget-wrap elementor-element-populated\">\n\t\t\t\t\t\t<div class=\"elementor-element elementor-element-553e0a4 elementor-widget elementor-widget-heading\" data-id=\"553e0a4\" data-element_type=\"widget\" data-widget_type=\"heading.default\">\n\t\t\t\t<div class=\"elementor-widget-container\">\n\t\t\t\t\t<h2 class=\"elementor-heading-title elementor-size-default\">machine de traction de d\u00e9marreur automatique \u00e0 chaud\n<\/h2>\t\t\t\t<\/div>\n\t\t\t\t<\/div>\n\t\t\t\t<div class=\"elementor-element elementor-element-7e5ce7cc elementor-widget elementor-widget-text-editor\" data-id=\"7e5ce7cc\" data-element_type=\"widget\" data-widget_type=\"text-editor.default\">\n\t\t\t\t<div class=\"elementor-widget-container\">\n\t\t\t\t\t\t\t\t\t<p><span data-font-family=\"\u5b8b\u4f53\"><a href=\"https:\/\/3t-motorrecycle.com\/fr\">3T<\/a> est le meilleur et le plus complet fabricant et fournisseur de machines de traction de moteur de d\u00e9marreur automatique, notre machine recycle l&#039;int\u00e9gralit\u00e9 des enroulements de cuivre du moteur du stator du d\u00e9marreur de voiture sans aucune perte de cuivre.<\/span><\/p>\t\t\t\t\t\t\t\t<\/div>\n\t\t\t\t<\/div>\n\t\t\t\t\t<\/div>\n\t\t<\/div>\n\t\t\t\t\t<\/div>\n\t\t<\/section>\n\t\t\t\t<section class=\"elementor-section elementor-top-section elementor-element elementor-element-f92aa4c custom-ele-section-css elementor-section-boxed elementor-section-height-default elementor-section-height-default\" data-id=\"f92aa4c\" data-element_type=\"section\">\n\t\t\t\t\t\t<div class=\"elementor-container elementor-column-gap-default\">\n\t\t\t\t\t<div class=\"elementor-column elementor-col-100 elementor-top-column elementor-element elementor-element-8a8ed9e\" data-id=\"8a8ed9e\" data-element_type=\"column\">\n\t\t\t<div class=\"elementor-widget-wrap elementor-element-populated\">\n\t\t\t\t\t\t<div class=\"elementor-element elementor-element-9bd97eb elementor-widget elementor-widget-heading\" data-id=\"9bd97eb\" data-element_type=\"widget\" data-widget_type=\"heading.default\">\n\t\t\t\t<div class=\"elementor-widget-container\">\n\t\t\t\t\t<h3 class=\"elementor-heading-title elementor-size-default\">Sp\u00e9cifications de la machine<\/h3>\t\t\t\t<\/div>\n\t\t\t\t<\/div>\n\t\t\t\t<div class=\"elementor-element elementor-element-fae9a5e elementor-widget elementor-widget-text-editor\" data-id=\"fae9a5e\" data-element_type=\"widget\" data-widget_type=\"text-editor.default\">\n\t\t\t\t<div class=\"elementor-widget-container\">\n\t\t\t\t\t\t\t\t\t<p>Pour retirer le bobinage du d\u00e9marreur de la voiture, il existe 3 autres machines fonctionnant ensemble : la <a href=\"https:\/\/3t-motorrecycle.com\/fr\/produit\/machine-de-decoupe-de-rotor-de-demarreur-automatique\/\">machine de d\u00e9coupe de d\u00e9marreur de voiture<\/a>, machine \u00e0 presser le d\u00e9marreur de voiture et <a href=\"https:\/\/3t-motorrecycle.com\/fr\/produit\/machine-de-chauffage-de-demarreur-de-voiture\/\">machine de chauffage de d\u00e9marreur de voiture<\/a>.<\/p>\t\t\t\t\t\t\t\t<\/div>\n\t\t\t\t<\/div>\n\t\t\t\t\t<\/div>\n\t\t<\/div>\n\t\t\t\t\t<\/div>\n\t\t<\/section>\n\t\t\t\t<section class=\"elementor-section elementor-top-section elementor-element elementor-element-1ba12bb custom-ele-section-css elementor-section-boxed elementor-section-height-default elementor-section-height-default\" data-id=\"1ba12bb\" data-element_type=\"section\">\n\t\t\t\t\t\t<div class=\"elementor-container elementor-column-gap-default\">\n\t\t\t\t\t<div class=\"elementor-column elementor-col-100 elementor-top-column elementor-element elementor-element-cbc711f\" data-id=\"cbc711f\" data-element_type=\"column\">\n\t\t\t<div class=\"elementor-widget-wrap elementor-element-populated\">\n\t\t\t\t\t\t<div class=\"elementor-element elementor-element-6da15eb elementor-widget elementor-widget-heading\" data-id=\"6da15eb\" data-element_type=\"widget\" data-widget_type=\"heading.default\">\n\t\t\t\t<div class=\"elementor-widget-container\">\n\t\t\t\t\t<h2 class=\"elementor-heading-title elementor-size-default\">Comment recycler le cuivre du d\u00e9marreur de voiture ?\n<\/h2>\t\t\t\t<\/div>\n\t\t\t\t<\/div>\n\t\t\t\t<div class=\"elementor-element elementor-element-94b3c54 elementor-widget elementor-widget-text-editor\" data-id=\"94b3c54\" data-element_type=\"widget\" data-widget_type=\"text-editor.default\">\n\t\t\t\t<div class=\"elementor-widget-container\">\n\t\t\t\t\t\t\t\t\t<p><span data-font-family=\"\u5b8b\u4f53\">Avec une structure complexe, le d\u00e9marreur de voiture usag\u00e9 est difficile \u00e0 d\u00e9monter manuellement. Habituellement, le recyclage du d\u00e9marreur de voiture n\u00e9cessite quatre types de machines et l&#039;ensemble du processus comprend 4 \u00e9tapes : couper le stator, presser la t\u00eate en cuivre, chauffer le d\u00e9marreur et retirer le fil de cuivre, cette machine est la derni\u00e8re \u00e9tape du recyclage.<\/span><\/p><p>La machine \u00e0 tirer le d\u00e9marreur automatique est principalement utilis\u00e9e pour extraire l&#039;enroulement en cuivre. Voici la proc\u00e9dure de travail : <span data-font-family=\"\u5b8b\u4f53\">Placez le stator chauff\u00e9 sur la partie de traction, fixez-le avec la griffe, puis retirez tout l&#039;enroulement en cuivre.<\/span><\/p>\t\t\t\t\t\t\t\t<\/div>\n\t\t\t\t<\/div>\n\t\t\t\t<div class=\"elementor-element elementor-element-5d1305b elementor-widget elementor-widget-video\" data-id=\"5d1305b\" data-element_type=\"widget\" data-settings=\"{&quot;youtube_url&quot;:&quot;https:\\\/\\\/youtu.be\\\/09CwBw0vhgQ&quot;,&quot;video_type&quot;:&quot;youtube&quot;,&quot;controls&quot;:&quot;yes&quot;}\" data-widget_type=\"video.default\">\n\t\t\t\t<div class=\"elementor-widget-container\">\n\t\t\t\t\t\t\t<div class=\"elementor-wrapper elementor-open-inline\">\n\t\t\t<div class=\"elementor-video\"><\/div>\t\t<\/div>\n\t\t\t\t\t\t<\/div>\n\t\t\t\t<\/div>\n\t\t\t\t\t<\/div>\n\t\t<\/div>\n\t\t\t\t\t<\/div>\n\t\t<\/section>\n\t\t\t\t<section class=\"elementor-section elementor-top-section elementor-element elementor-element-b9c8258 custom-ele-section-css elementor-section-boxed elementor-section-height-default elementor-section-height-default\" data-id=\"b9c8258\" data-element_type=\"section\">\n\t\t\t\t\t\t<div class=\"elementor-container elementor-column-gap-default\">\n\t\t\t\t\t<div class=\"elementor-column elementor-col-100 elementor-top-column elementor-element elementor-element-476e638\" data-id=\"476e638\" data-element_type=\"column\">\n\t\t\t<div class=\"elementor-widget-wrap elementor-element-populated\">\n\t\t\t\t\t\t<div class=\"elementor-element elementor-element-92aa5de elementor-align-center elementor-widget elementor-widget-button\" data-id=\"92aa5de\" data-element_type=\"widget\" data-widget_type=\"button.default\">\n\t\t\t\t<div class=\"elementor-widget-container\">\n\t\t\t\t\t\t\t\t\t<div class=\"elementor-button-wrapper\">\n\t\t\t\t\t<a class=\"elementor-button elementor-button-link elementor-size-sm elementor-animation-bounce-in\" href=\"#elementor-action%3Aaction%3Dpopup%3Aopen%26settings%3DeyJpZCI6IjU4MzQiLCJ0b2dnbGUiOmZhbHNlfQ%3D%3D\">\n\t\t\t\t\t\t<span class=\"elementor-button-content-wrapper\">\n\t\t\t\t\t\t\t\t\t<span class=\"elementor-button-text\">en savoir plus<\/span>\n\t\t\t\t\t<\/span>\n\t\t\t\t\t<\/a>\n\t\t\t\t<\/div>\n\t\t\t\t\t\t\t\t<\/div>\n\t\t\t\t<\/div>\n\t\t\t\t\t<\/div>\n\t\t<\/div>\n\t\t\t\t\t<\/div>\n\t\t<\/section>\n\t\t\t\t<section class=\"elementor-section elementor-top-section elementor-element elementor-element-23e50fd custom-ele-section-css elementor-section-boxed elementor-section-height-default elementor-section-height-default\" data-id=\"23e50fd\" data-element_type=\"section\">\n\t\t\t\t\t\t<div class=\"elementor-container elementor-column-gap-default\">\n\t\t\t\t\t<div class=\"elementor-column elementor-col-100 elementor-top-column elementor-element elementor-element-d08502e\" data-id=\"d08502e\" data-element_type=\"column\">\n\t\t\t<div class=\"elementor-widget-wrap elementor-element-populated\">\n\t\t\t\t\t\t<div class=\"elementor-element elementor-element-d66b125 elementor-widget elementor-widget-heading\" data-id=\"d66b125\" data-element_type=\"widget\" data-widget_type=\"heading.default\">\n\t\t\t\t<div class=\"elementor-widget-container\">\n\t\t\t\t\t<h2 class=\"elementor-heading-title elementor-size-default\">Commentaires des clients<\/h2>\t\t\t\t<\/div>\n\t\t\t\t<\/div>\n\t\t\t\t<section class=\"elementor-section elementor-inner-section elementor-element elementor-element-345816a custom-ele-section-css elementor-section-boxed elementor-section-height-default elementor-section-height-default\" data-id=\"345816a\" data-element_type=\"section\">\n\t\t\t\t\t\t<div class=\"elementor-container elementor-column-gap-default\">\n\t\t\t\t\t<div class=\"elementor-column elementor-col-50 elementor-inner-column elementor-element elementor-element-eac0efe\" data-id=\"eac0efe\" data-element_type=\"column\">\n\t\t\t<div class=\"elementor-widget-wrap elementor-element-populated\">\n\t\t\t\t\t\t<div class=\"elementor-element elementor-element-d430fb9 elementor-star-rating--align-center elementor--star-style-star_fontawesome elementor-widget elementor-widget-star-rating\" data-id=\"d430fb9\" data-element_type=\"widget\" data-widget_type=\"star-rating.default\">\n\t\t\t\t<div class=\"elementor-widget-container\">\n\t\t\t\t\t\t\t<div class=\"elementor-star-rating__wrapper\">\n\t\t\t\t\t\t<div class=\"elementor-star-rating\" itemtype=\"http:\/\/schema.org\/Rating\" itemscope=\"\" itemprop=\"reviewRating\">\n\t\t\t\t<i class=\"elementor-star-full\" aria-hidden=\"true\">\ue934<\/i><i class=\"elementor-star-full\" aria-hidden=\"true\">\ue934<\/i><i class=\"elementor-star-full\" aria-hidden=\"true\">\ue934<\/i><i class=\"elementor-star-full\" aria-hidden=\"true\">\ue934<\/i><i class=\"elementor-star-full\" aria-hidden=\"true\">\ue934<\/i>\t\t\t\t<span itemprop=\"ratingValue\" class=\"elementor-screen-only\">Rated 5 out of 5<\/span>\n\t\t\t<\/div>\n\t\t<\/div>\n\t\t\t\t\t\t<\/div>\n\t\t\t\t<\/div>\n\t\t\t\t<div class=\"elementor-element elementor-element-b2871cc elementor-widget elementor-widget-image\" data-id=\"b2871cc\" data-element_type=\"widget\" data-widget_type=\"image.default\">\n\t\t\t\t<div class=\"elementor-widget-container\">\n\t\t\t\t\t\t\t\t\t\t\t\t\t\t\t<img fetchpriority=\"high\" decoding=\"async\" width=\"800\" height=\"287\" src=\"https:\/\/3t-motorrecycle.com\/wp-content\/uploads\/2023\/06\/Car-starter-recycling-machine-3.png\" class=\"attachment-large size-large wp-image-2772\" alt=\"Machine de recyclage de d\u00e9marreurs de voiture\" srcset=\"https:\/\/3t-motorrecycle.com\/wp-content\/uploads\/2023\/06\/Car-starter-recycling-machine-3.png 893w, https:\/\/3t-motorrecycle.com\/wp-content\/uploads\/2023\/06\/Car-starter-recycling-machine-3-300x108.png 300w, https:\/\/3t-motorrecycle.com\/wp-content\/uploads\/2023\/06\/Car-starter-recycling-machine-3-768x275.png 768w, https:\/\/3t-motorrecycle.com\/wp-content\/uploads\/2023\/06\/Car-starter-recycling-machine-3-600x215.png 600w\" sizes=\"(max-width: 800px) 100vw, 800px\" \/>\t\t\t\t\t\t\t\t\t\t\t\t\t\t\t<\/div>\n\t\t\t\t<\/div>\n\t\t\t\t<div class=\"elementor-element elementor-element-47cca93 elementor-widget elementor-widget-text-editor\" data-id=\"47cca93\" data-element_type=\"widget\" data-widget_type=\"text-editor.default\">\n\t\t\t\t<div class=\"elementor-widget-container\">\n\t\t\t\t\t\t\t\t\t<p><span data-font-family=\"\u5b8b\u4f53\">J&#039;utilise la machine \u00e0 tirer le d\u00e9marreur de voiture depuis six mois et elle fonctionne tr\u00e8s bien. Elle a consid\u00e9rablement am\u00e9lior\u00e9 ma vitesse de recyclage et augment\u00e9 mes b\u00e9n\u00e9fices.<\/span><\/p>\t\t\t\t\t\t\t\t<\/div>\n\t\t\t\t<\/div>\n\t\t\t\t\t<\/div>\n\t\t<\/div>\n\t\t\t\t<div class=\"elementor-column elementor-col-50 elementor-inner-column elementor-element elementor-element-5fa0a1c\" data-id=\"5fa0a1c\" data-element_type=\"column\">\n\t\t\t<div class=\"elementor-widget-wrap elementor-element-populated\">\n\t\t\t\t\t\t<div class=\"elementor-element elementor-element-994e9a5 elementor-star-rating--align-center elementor--star-style-star_fontawesome elementor-widget elementor-widget-star-rating\" data-id=\"994e9a5\" data-element_type=\"widget\" data-widget_type=\"star-rating.default\">\n\t\t\t\t<div class=\"elementor-widget-container\">\n\t\t\t\t\t\t\t<div class=\"elementor-star-rating__wrapper\">\n\t\t\t\t\t\t<div class=\"elementor-star-rating\" itemtype=\"http:\/\/schema.org\/Rating\" itemscope=\"\" itemprop=\"reviewRating\">\n\t\t\t\t<i class=\"elementor-star-full\" aria-hidden=\"true\">\ue934<\/i><i class=\"elementor-star-full\" aria-hidden=\"true\">\ue934<\/i><i class=\"elementor-star-full\" aria-hidden=\"true\">\ue934<\/i><i class=\"elementor-star-full\" aria-hidden=\"true\">\ue934<\/i><i class=\"elementor-star-full\" aria-hidden=\"true\">\ue934<\/i>\t\t\t\t<span itemprop=\"ratingValue\" class=\"elementor-screen-only\">Rated 5 out of 5<\/span>\n\t\t\t<\/div>\n\t\t<\/div>\n\t\t\t\t\t\t<\/div>\n\t\t\t\t<\/div>\n\t\t\t\t<div class=\"elementor-element elementor-element-570d867 elementor-widget elementor-widget-image\" data-id=\"570d867\" data-element_type=\"widget\" data-widget_type=\"image.default\">\n\t\t\t\t<div class=\"elementor-widget-container\">\n\t\t\t\t\t\t\t\t\t\t\t\t\t\t\t<img decoding=\"async\" width=\"800\" height=\"357\" src=\"https:\/\/3t-motorrecycle.com\/wp-content\/uploads\/2023\/06\/Car-starter-cutting-machine.png\" class=\"attachment-large size-large wp-image-2773\" alt=\"Machine de d\u00e9coupe de d\u00e9marreur de voiture\" srcset=\"https:\/\/3t-motorrecycle.com\/wp-content\/uploads\/2023\/06\/Car-starter-cutting-machine.png 870w, https:\/\/3t-motorrecycle.com\/wp-content\/uploads\/2023\/06\/Car-starter-cutting-machine-300x134.png 300w, https:\/\/3t-motorrecycle.com\/wp-content\/uploads\/2023\/06\/Car-starter-cutting-machine-768x343.png 768w, https:\/\/3t-motorrecycle.com\/wp-content\/uploads\/2023\/06\/Car-starter-cutting-machine-600x268.png 600w\" sizes=\"(max-width: 800px) 100vw, 800px\" \/>\t\t\t\t\t\t\t\t\t\t\t\t\t\t\t<\/div>\n\t\t\t\t<\/div>\n\t\t\t\t<div class=\"elementor-element elementor-element-9532847 elementor-widget elementor-widget-text-editor\" data-id=\"9532847\" data-element_type=\"widget\" data-widget_type=\"text-editor.default\">\n\t\t\t\t<div class=\"elementor-widget-container\">\n\t\t\t\t\t\t\t\t\t<p><span data-font-family=\"\u5b8b\u4f53\">La machine est tr\u00e8s portable et facile \u00e0 utiliser. Elle est tr\u00e8s utile pour moi.\u00a0<\/span><\/p>\t\t\t\t\t\t\t\t<\/div>\n\t\t\t\t<\/div>\n\t\t\t\t\t<\/div>\n\t\t<\/div>\n\t\t\t\t\t<\/div>\n\t\t<\/section>\n\t\t\t\t\t<\/div>\n\t\t<\/div>\n\t\t\t\t\t<\/div>\n\t\t<\/section>\n\t\t\t\t<\/div>","protected":false},"excerpt":{"rendered":"<p><span data-font-family=\"Times New Roman\">Avantages de la machine \u00e0 tirer le d\u00e9marreur de voiture<\/span><\/p>\n<ol>\n<li><span data-font-family=\"\u5b8b\u4f53\">Conception unique, performances stables d\u00e9j\u00e0 tr\u00e8s vendues sur le march\u00e9 chinois depuis de nombreuses ann\u00e9es.<\/span><\/li>\n<li><span data-font-family=\"\u5b8b\u4f53\">Moteur \u00e9lectrique, fonctionnement s\u00fbr et simple, efficacit\u00e9 : retire l&#039;enroulement en cuivre en 7 secondes.<\/span><\/li>\n<li>Assemblez 6 petites pompes \u00e0 huile hydrauliques.<\/li>\n<\/ol>","protected":false},"featured_media":2764,"comment_status":"open","ping_status":"closed","template":"","meta":{"_seopress_robots_primary_cat":"none","_seopress_titles_title":"Superior Auto Starter Motor Pulling Machine | 3T","_seopress_titles_desc":"For auto starter recycling, there&#039;s need 4 steps, auto starter motor pulling machine is the last step, providing practicality and unmatched performance in auto starter motor pulling, ensuring benefits that imitations can&#039;t match.","_seopress_robots_index":""},"product_brand":[],"product_cat":[25],"product_tag":[],"class_list":{"0":"post-2618","1":"product","2":"type-product","3":"status-publish","4":"has-post-thumbnail","6":"product_cat-car-starter-recycling-machine","8":"first","9":"instock","10":"shipping-taxable","11":"product-type-simple"},"_links":{"self":[{"href":"https:\/\/3t-motorrecycle.com\/fr\/wp-json\/wp\/v2\/product\/2618","targetHints":{"allow":["GET"]}}],"collection":[{"href":"https:\/\/3t-motorrecycle.com\/fr\/wp-json\/wp\/v2\/product"}],"about":[{"href":"https:\/\/3t-motorrecycle.com\/fr\/wp-json\/wp\/v2\/types\/product"}],"replies":[{"embeddable":true,"href":"https:\/\/3t-motorrecycle.com\/fr\/wp-json\/wp\/v2\/comments?post=2618"}],"version-history":[{"count":0,"href":"https:\/\/3t-motorrecycle.com\/fr\/wp-json\/wp\/v2\/product\/2618\/revisions"}],"wp:featuredmedia":[{"embeddable":true,"href":"https:\/\/3t-motorrecycle.com\/fr\/wp-json\/wp\/v2\/media\/2764"}],"wp:attachment":[{"href":"https:\/\/3t-motorrecycle.com\/fr\/wp-json\/wp\/v2\/media?parent=2618"}],"wp:term":[{"taxonomy":"product_brand","embeddable":true,"href":"https:\/\/3t-motorrecycle.com\/fr\/wp-json\/wp\/v2\/product_brand?post=2618"},{"taxonomy":"product_cat","embeddable":true,"href":"https:\/\/3t-motorrecycle.com\/fr\/wp-json\/wp\/v2\/product_cat?post=2618"},{"taxonomy":"product_tag","embeddable":true,"href":"https:\/\/3t-motorrecycle.com\/fr\/wp-json\/wp\/v2\/product_tag?post=2618"}],"curies":[{"name":"wp","href":"https:\/\/api.w.org\/{rel}","templated":true}]}}