{"id":11135,"date":"2025-05-26T11:53:30","date_gmt":"2025-05-26T03:53:30","guid":{"rendered":"https:\/\/3t-motorrecycle.com\/?post_type=product&#038;p=11135"},"modified":"2025-05-27T14:48:30","modified_gmt":"2025-05-27T06:48:30","slug":"mini-reboque-com-motor-eletrico-bsc-para-venda","status":"publish","type":"product","link":"https:\/\/3t-motorrecycle.com\/pt\/produto\/mini-reboque-com-motor-eletrico-bsc-para-venda\/","title":{"rendered":"Mini BSC - Reboque com motor el\u00e9trico \u00e0 venda"},"content":{"rendered":"<div data-elementor-type=\"product-post\" data-elementor-id=\"11135\" class=\"elementor elementor-11135\" data-elementor-post-type=\"product\">\n\t\t\t\t\t\t<section class=\"elementor-section elementor-top-section elementor-element elementor-element-44d7e3d custom-ele-section-css elementor-section-boxed elementor-section-height-default elementor-section-height-default\" data-id=\"44d7e3d\" data-element_type=\"section\">\n\t\t\t\t\t\t<div class=\"elementor-container elementor-column-gap-default\">\n\t\t\t\t\t<div class=\"elementor-column elementor-col-100 elementor-top-column elementor-element elementor-element-601b55d\" data-id=\"601b55d\" data-element_type=\"column\">\n\t\t\t<div class=\"elementor-widget-wrap elementor-element-populated\">\n\t\t\t\t\t\t<div class=\"elementor-element elementor-element-4853e31 elementor-widget elementor-widget-heading\" data-id=\"4853e31\" data-element_type=\"widget\" data-widget_type=\"heading.default\">\n\t\t\t\t<div class=\"elementor-widget-container\">\n\t\t\t\t\t<h2 class=\"elementor-heading-title elementor-size-default\">Mini reboque com motor el\u00e9trico BSC \u00e0 venda<\/h2>\t\t\t\t<\/div>\n\t\t\t\t<\/div>\n\t\t\t\t<div class=\"elementor-element elementor-element-010a2e7 elementor-widget elementor-widget-text-editor\" data-id=\"010a2e7\" data-element_type=\"widget\" data-widget_type=\"text-editor.default\">\n\t\t\t\t<div class=\"elementor-widget-container\">\n\t\t\t\t\t\t\t\t\t<p>A m\u00e1quina de reciclagem de motores el\u00e9tricos Mini BSC \u00e9 profissional em lidar com motores de sucata cuja pot\u00eancia deve ser inferior a 1,5 kW. Esta m\u00e1quina consiste em tr\u00eas partes principais: sistema hidr\u00e1ulico, pe\u00e7as de corte e tra\u00e7\u00e3o.<\/p><ol><li>Pe\u00e7as de corte: Para cortar uma extremidade dos enrolamentos de cobre do estator do motor;<\/li><li>Pe\u00e7as de tra\u00e7\u00e3o: Para puxar enrolamentos de cobre com garras;<\/li><li>Sistema hidr\u00e1ulico: Principalmente para controlar as pe\u00e7as de corte e tra\u00e7\u00e3o operando hastes hidr\u00e1ulicas.<\/li><\/ol>\t\t\t\t\t\t\t\t<\/div>\n\t\t\t\t<\/div>\n\t\t\t\t<div class=\"elementor-element elementor-element-f96bfc2 elementor-widget elementor-widget-text-editor\" data-id=\"f96bfc2\" data-element_type=\"widget\" data-widget_type=\"text-editor.default\">\n\t\t\t\t<div class=\"elementor-widget-container\">\n\t\t\t\t\t\t\t\t\t<table width=\"743\">\n<tbody>\n<tr>\n<td width=\"360\">Modelo&nbsp;<\/td>\n<td width=\"383\">Mini BSC<\/td>\n<\/tr>\n<tr>\n<td>Pot\u00eancia do motor<\/td>\n<td>3 kW<\/td>\n<\/tr>\n<tr>\n<td>Tens\u00e3o<\/td>\n<td>380V\/220V<\/td>\n<\/tr>\n<tr>\n<td>Peso<\/td>\n<td>150 kg<\/td>\n<\/tr>\n<tr>\n<td>Tamanho da m\u00e1quina<\/td>\n<td>660*730*950 mm<\/td>\n<\/tr>\n<tr>\n<td>Tamanho da embalagem<\/td>\n<td>830*830*900 mm<\/td>\n<\/tr>\n<tr>\n<td>Aplicativo<\/td>\n<td>Motores pequenos abaixo de 1,5 kW<\/td>\n<\/tr>\n<\/tbody>\n<\/table>\t\t\t\t\t\t\t\t<\/div>\n\t\t\t\t<\/div>\n\t\t\t\t<div class=\"elementor-element elementor-element-6b1c65e elementor-widget elementor-widget-text-editor\" data-id=\"6b1c65e\" data-element_type=\"widget\" data-widget_type=\"text-editor.default\">\n\t\t\t\t<div class=\"elementor-widget-container\">\n\t\t\t\t\t\t\t\t\t<p>A m\u00e1quina de reboque com motor el\u00e9trico Mini BSC \u00e9 sempre montada com <a href=\"https:\/\/3t-motorrecycle.com\/pt\/maquina-de-reciclagem-de-compressor-2\/\">m\u00e1quina de corte de carca\u00e7a de compressor<\/a> juntos, porque os estatores do compressor s\u00e3o pequenos, o mini BSC \u00e9 a melhor escolha econ\u00f4mica, voc\u00ea tamb\u00e9m pode escolher outros <a href=\"https:\/\/3t-motorrecycle.com\/pt\/maquina-destruidora-de-motor-eletrico\/\">m\u00e1quina de reciclagem de motores maiores<\/a>.<\/p>\t\t\t\t\t\t\t\t<\/div>\n\t\t\t\t<\/div>\n\t\t\t\t\t<\/div>\n\t\t<\/div>\n\t\t\t\t\t<\/div>\n\t\t<\/section>\n\t\t\t\t<section class=\"elementor-section elementor-top-section elementor-element elementor-element-79d5355 custom-ele-section-css elementor-section-boxed elementor-section-height-default elementor-section-height-default\" data-id=\"79d5355\" data-element_type=\"section\">\n\t\t\t\t\t\t<div class=\"elementor-container elementor-column-gap-default\">\n\t\t\t\t\t<div class=\"elementor-column elementor-col-100 elementor-top-column elementor-element elementor-element-4083595\" data-id=\"4083595\" data-element_type=\"column\">\n\t\t\t<div class=\"elementor-widget-wrap elementor-element-populated\">\n\t\t\t\t\t\t<div class=\"elementor-element elementor-element-d9b085b elementor-widget elementor-widget-heading\" data-id=\"d9b085b\" data-element_type=\"widget\" data-widget_type=\"heading.default\">\n\t\t\t\t<div class=\"elementor-widget-container\">\n\t\t\t\t\t<h2 class=\"elementor-heading-title elementor-size-default\">Processo de trabalho da m\u00e1quina de reboque com motor el\u00e9trico Mini BSC<\/h2>\t\t\t\t<\/div>\n\t\t\t\t<\/div>\n\t\t\t\t<div class=\"elementor-element elementor-element-ba1a7d8 elementor-widget elementor-widget-text-editor\" data-id=\"ba1a7d8\" data-element_type=\"widget\" data-widget_type=\"text-editor.default\">\n\t\t\t\t<div class=\"elementor-widget-container\">\n\t\t\t\t\t\t\t\t\t<ol><li>Ligue o disjuntor de ar, o motor come\u00e7a a funcionar;<\/li><li>Gire o bot\u00e3o preto e ajuste a press\u00e3o para um n\u00edvel adequado (sentido hor\u00e1rio para aumentar e sentido anti-hor\u00e1rio para reduzir a press\u00e3o);<\/li><li>Pressione a haste hidr\u00e1ulica de corte para baixo e gire o estator do motor de sucata, permitindo que a l\u00e2mina corte completamente uma extremidade do enrolamento de cobre do estator do motor de sucata.<\/li><li>Pressione a haste hidr\u00e1ulica de tra\u00e7\u00e3o para baixo para ajustar a amplitude de abertura das garras, depois reinicie e finalize o desenho do cobre.<\/li><\/ol>\t\t\t\t\t\t\t\t<\/div>\n\t\t\t\t<\/div>\n\t\t\t\t\t<\/div>\n\t\t<\/div>\n\t\t\t\t\t<\/div>\n\t\t<\/section>\n\t\t\t\t<section class=\"elementor-section elementor-top-section elementor-element elementor-element-42f0f0c custom-ele-section-css elementor-section-boxed elementor-section-height-default elementor-section-height-default\" data-id=\"42f0f0c\" data-element_type=\"section\">\n\t\t\t\t\t\t<div class=\"elementor-container elementor-column-gap-default\">\n\t\t\t\t\t<div class=\"elementor-column elementor-col-100 elementor-top-column elementor-element elementor-element-0cff855\" data-id=\"0cff855\" data-element_type=\"column\">\n\t\t\t<div class=\"elementor-widget-wrap elementor-element-populated\">\n\t\t\t\t\t\t<div class=\"elementor-element elementor-element-c2bff56 elementor-widget elementor-widget-heading\" data-id=\"c2bff56\" data-element_type=\"widget\" data-widget_type=\"heading.default\">\n\t\t\t\t<div class=\"elementor-widget-container\">\n\t\t\t\t\t<h2 class=\"elementor-heading-title elementor-size-default\">Vantagens da Mini M\u00e1quina de Reboque de Motor de Sucata BSC<\/h2>\t\t\t\t<\/div>\n\t\t\t\t<\/div>\n\t\t\t\t<section class=\"elementor-section elementor-inner-section elementor-element elementor-element-3a68a8d6 custom-ele-section-css elementor-section-boxed elementor-section-height-default elementor-section-height-default\" data-id=\"3a68a8d6\" data-element_type=\"section\">\n\t\t\t\t\t\t<div class=\"elementor-container elementor-column-gap-extended\">\n\t\t\t\t\t<div class=\"elementor-column elementor-col-50 elementor-inner-column elementor-element elementor-element-634a7c97\" data-id=\"634a7c97\" data-element_type=\"column\">\n\t\t\t<div class=\"elementor-widget-wrap elementor-element-populated\">\n\t\t\t\t\t\t<div class=\"elementor-element elementor-element-b46b909 elementor-view-stacked elementor-position-left elementor-shape-circle elementor-mobile-position-top elementor-widget elementor-widget-icon-box\" data-id=\"b46b909\" data-element_type=\"widget\" data-widget_type=\"icon-box.default\">\n\t\t\t\t<div class=\"elementor-widget-container\">\n\t\t\t\t\t\t\t<div class=\"elementor-icon-box-wrapper\">\n\n\t\t\t\t\t\t<div class=\"elementor-icon-box-icon\">\n\t\t\t\t<span  class=\"elementor-icon\">\n\t\t\t\t<i aria-hidden=\"true\" class=\"fas fa-strikethrough\"><\/i>\t\t\t\t<\/span>\n\t\t\t<\/div>\n\t\t\t\n\t\t\t\t\t\t<div class=\"elementor-icon-box-content\">\n\n\t\t\t\t\t\t\t\t\t<h3 class=\"elementor-icon-box-title\">\n\t\t\t\t\t\t<span  >\n\t\t\t\t\t\t\tBenef\u00edcios econ\u00f4micos\t\t\t\t\t\t<\/span>\n\t\t\t\t\t<\/h3>\n\t\t\t\t\n\t\t\t\t\t\t\t\t\t<p class=\"elementor-icon-box-description\">\n\t\t\t\t\t\tEquipado com bomba hidr\u00e1ulica, \u00e9 de baixo ru\u00eddo e melhora a efici\u00eancia de trabalho para cortar e puxar, de modo a trazer grande lucro para os clientes;\t\t\t\t\t<\/p>\n\t\t\t\t\n\t\t\t<\/div>\n\t\t\t\n\t\t<\/div>\n\t\t\t\t\t\t<\/div>\n\t\t\t\t<\/div>\n\t\t\t\t<div class=\"elementor-element elementor-element-50402052 elementor-view-stacked elementor-position-left elementor-shape-circle elementor-mobile-position-top elementor-widget elementor-widget-icon-box\" data-id=\"50402052\" data-element_type=\"widget\" data-widget_type=\"icon-box.default\">\n\t\t\t\t<div class=\"elementor-widget-container\">\n\t\t\t\t\t\t\t<div class=\"elementor-icon-box-wrapper\">\n\n\t\t\t\t\t\t<div class=\"elementor-icon-box-icon\">\n\t\t\t\t<span  class=\"elementor-icon\">\n\t\t\t\t<i aria-hidden=\"true\" class=\"fas fa-shower\"><\/i>\t\t\t\t<\/span>\n\t\t\t<\/div>\n\t\t\t\n\t\t\t\t\t\t<div class=\"elementor-icon-box-content\">\n\n\t\t\t\t\t\t\t\t\t<h3 class=\"elementor-icon-box-title\">\n\t\t\t\t\t\t<span  >\n\t\t\t\t\t\t\tEstrutura dur\u00e1vel\t\t\t\t\t\t<\/span>\n\t\t\t\t\t<\/h3>\n\t\t\t\t\n\t\t\t\t\t\t\t\t\t<p class=\"elementor-icon-box-description\">\n\t\t\t\t\t\tA\u00e7o-liga e ferro de alta qualidade tornam a m\u00e1quina confi\u00e1vel e est\u00e1vel. Gra\u00e7as aos testes realizados antes do envio e ao sistema hidr\u00e1ulico, o dispositivo de reboque com motor Mini BSC garante um uso firme e duradouro.\t\t\t\t\t<\/p>\n\t\t\t\t\n\t\t\t<\/div>\n\t\t\t\n\t\t<\/div>\n\t\t\t\t\t\t<\/div>\n\t\t\t\t<\/div>\n\t\t\t\t\t<\/div>\n\t\t<\/div>\n\t\t\t\t<div class=\"elementor-column elementor-col-50 elementor-inner-column elementor-element elementor-element-1ae40595\" data-id=\"1ae40595\" data-element_type=\"column\">\n\t\t\t<div class=\"elementor-widget-wrap elementor-element-populated\">\n\t\t\t\t\t\t<div class=\"elementor-element elementor-element-51386e8e elementor-view-stacked elementor-position-left elementor-shape-circle elementor-mobile-position-top elementor-widget elementor-widget-icon-box\" data-id=\"51386e8e\" data-element_type=\"widget\" data-widget_type=\"icon-box.default\">\n\t\t\t\t<div class=\"elementor-widget-container\">\n\t\t\t\t\t\t\t<div class=\"elementor-icon-box-wrapper\">\n\n\t\t\t\t\t\t<div class=\"elementor-icon-box-icon\">\n\t\t\t\t<span  class=\"elementor-icon\">\n\t\t\t\t<i aria-hidden=\"true\" class=\"fas fa-anchor\"><\/i>\t\t\t\t<\/span>\n\t\t\t<\/div>\n\t\t\t\n\t\t\t\t\t\t<div class=\"elementor-icon-box-content\">\n\n\t\t\t\t\t\t\t\t\t<h3 class=\"elementor-icon-box-title\">\n\t\t\t\t\t\t<span  >\n\t\t\t\t\t\t\tampla aplica\u00e7\u00e3o\t\t\t\t\t\t<\/span>\n\t\t\t\t\t<\/h3>\n\t\t\t\t\n\t\t\t\t\t\t\t\t\t<p class=\"elementor-icon-box-description\">\n\t\t\t\t\t\tO Mini BSC \u00e9 pequeno em tamanho e ocupa apenas pequenos espa\u00e7os. Voc\u00ea pode operar a m\u00e1quina com eletricidade monof\u00e1sica ou escolher trif\u00e1sica.\t\t\t\t\t<\/p>\n\t\t\t\t\n\t\t\t<\/div>\n\t\t\t\n\t\t<\/div>\n\t\t\t\t\t\t<\/div>\n\t\t\t\t<\/div>\n\t\t\t\t<div class=\"elementor-element elementor-element-4ae67fd7 elementor-view-stacked elementor-position-left elementor-shape-circle elementor-mobile-position-top elementor-widget elementor-widget-icon-box\" data-id=\"4ae67fd7\" data-element_type=\"widget\" data-widget_type=\"icon-box.default\">\n\t\t\t\t<div class=\"elementor-widget-container\">\n\t\t\t\t\t\t\t<div class=\"elementor-icon-box-wrapper\">\n\n\t\t\t\t\t\t<div class=\"elementor-icon-box-icon\">\n\t\t\t\t<span  class=\"elementor-icon\">\n\t\t\t\t<i aria-hidden=\"true\" class=\"fas fa-briefcase\"><\/i>\t\t\t\t<\/span>\n\t\t\t<\/div>\n\t\t\t\n\t\t\t\t\t\t<div class=\"elementor-icon-box-content\">\n\n\t\t\t\t\t\t\t\t\t<h3 class=\"elementor-icon-box-title\">\n\t\t\t\t\t\t<span  >\n\t\t\t\t\t\t\tf\u00e1cil de operar\t\t\t\t\t\t<\/span>\n\t\t\t\t\t<\/h3>\n\t\t\t\t\n\t\t\t\t\t\t\t\t\t<p class=\"elementor-icon-box-description\">\n\t\t\t\t\t\tNosso mini reboque el\u00e9trico BSC foi projetado para facilitar a opera\u00e7\u00e3o \u2014 mesmo para quem \u00e9 iniciante em reciclagem de motores. Ele possui um sistema de controle simples com duas alavancas, o que torna a m\u00e1quina intuitiva e f\u00e1cil de usar para iniciantes.\t\t\t\t\t<\/p>\n\t\t\t\t\n\t\t\t<\/div>\n\t\t\t\n\t\t<\/div>\n\t\t\t\t\t\t<\/div>\n\t\t\t\t<\/div>\n\t\t\t\t\t<\/div>\n\t\t<\/div>\n\t\t\t\t\t<\/div>\n\t\t<\/section>\n\t\t\t\t\t<\/div>\n\t\t<\/div>\n\t\t\t\t\t<\/div>\n\t\t<\/section>\n\t\t\t\t<section class=\"elementor-section elementor-top-section elementor-element elementor-element-4562cf9 custom-ele-section-css elementor-section-boxed elementor-section-height-default elementor-section-height-default\" data-id=\"4562cf9\" data-element_type=\"section\" data-settings=\"{&quot;background_background&quot;:&quot;classic&quot;}\">\n\t\t\t\t\t\t<div class=\"elementor-container elementor-column-gap-default\">\n\t\t\t\t\t<div class=\"elementor-column elementor-col-100 elementor-top-column elementor-element elementor-element-758113e\" data-id=\"758113e\" data-element_type=\"column\">\n\t\t\t<div class=\"elementor-widget-wrap elementor-element-populated\">\n\t\t\t\t\t\t<div class=\"elementor-element elementor-element-cc1191f elementor-widget elementor-widget-heading\" data-id=\"cc1191f\" data-element_type=\"widget\" data-widget_type=\"heading.default\">\n\t\t\t\t<div class=\"elementor-widget-container\">\n\t\t\t\t\t<h2 class=\"elementor-heading-title elementor-size-default\">Poss\u00edveis problemas e solu\u00e7\u00f5es<\/h2>\t\t\t\t<\/div>\n\t\t\t\t<\/div>\n\t\t\t\t<div class=\"elementor-element elementor-element-1499343 elementor-widget elementor-widget-text-editor\" data-id=\"1499343\" data-element_type=\"widget\" data-widget_type=\"text-editor.default\">\n\t\t\t\t<div class=\"elementor-widget-container\">\n\t\t\t\t\t\t\t\t\t<ol><li>Conforme mencionado, quando o cilindro n\u00e3o funcionar suavemente ou n\u00e3o funcionar, verifique se foi adicionado \u00f3leo hidr\u00e1ulico padr\u00e3o 4\/5 46#;<\/li><\/ol><ol start=\"2\"><li>A cabe\u00e7a da pin\u00e7a de cobre pode cair naturalmente ap\u00f3s um longo per\u00edodo de uso. Voc\u00ea precisa remover 6 parafusos da conex\u00e3o entre a extremidade do cilindro e o cilindro de \u00f3leo e, em seguida, parafus\u00e1-la na parte mais profunda da haste de press\u00e3o do cilindro de \u00f3leo, enquanto aperta a rosca da trava. Por fim, basta conectar o cilindro ao po\u00e7o do cilindro de \u00f3leo.<\/li><li>Se usar apenas uma fun\u00e7\u00e3o por um longo per\u00edodo, voc\u00ea tamb\u00e9m deve ligar os interruptores de fun\u00e7\u00e3o n\u00e3o utilizados na inicializa\u00e7\u00e3o e reinici\u00e1-los para garantir o funcionamento normal sempre que ligar a m\u00e1quina, permitindo que voc\u00ea opere suas fun\u00e7\u00f5es normalmente. Caso contr\u00e1rio, fun\u00e7\u00f5es n\u00e3o utilizadas por muito tempo podem mudar e afetar o funcionamento de toda a m\u00e1quina.<\/li><\/ol>\t\t\t\t\t\t\t\t<\/div>\n\t\t\t\t<\/div>\n\t\t\t\t\t<\/div>\n\t\t<\/div>\n\t\t\t\t\t<\/div>\n\t\t<\/section>\n\t\t\t\t<section class=\"elementor-section elementor-top-section elementor-element elementor-element-421d8ce custom-ele-section-css elementor-section-boxed elementor-section-height-default elementor-section-height-default\" data-id=\"421d8ce\" data-element_type=\"section\">\n\t\t\t\t\t\t<div class=\"elementor-container elementor-column-gap-default\">\n\t\t\t\t\t<div class=\"elementor-column elementor-col-100 elementor-top-column elementor-element elementor-element-60d7573\" data-id=\"60d7573\" data-element_type=\"column\">\n\t\t\t<div class=\"elementor-widget-wrap elementor-element-populated\">\n\t\t\t\t\t\t<div class=\"elementor-element elementor-element-6952802 elementor-widget elementor-widget-heading\" data-id=\"6952802\" data-element_type=\"widget\" data-widget_type=\"heading.default\">\n\t\t\t\t<div class=\"elementor-widget-container\">\n\t\t\t\t\t<h2 class=\"elementor-heading-title elementor-size-default\">Embalagem da Mini M\u00e1quina de Reboque com Motor El\u00e9trico BSC<\/h2>\t\t\t\t<\/div>\n\t\t\t\t<\/div>\n\t\t\t\t<div class=\"elementor-element elementor-element-7bbb4b4 elementor-widget elementor-widget-gallery\" data-id=\"7bbb4b4\" data-element_type=\"widget\" data-settings=\"{&quot;columns&quot;:2,&quot;aspect_ratio&quot;:&quot;4:3&quot;,&quot;lazyload&quot;:&quot;yes&quot;,&quot;gallery_layout&quot;:&quot;grid&quot;,&quot;columns_tablet&quot;:2,&quot;columns_mobile&quot;:1,&quot;gap&quot;:{&quot;unit&quot;:&quot;px&quot;,&quot;size&quot;:10,&quot;sizes&quot;:[]},&quot;gap_tablet&quot;:{&quot;unit&quot;:&quot;px&quot;,&quot;size&quot;:10,&quot;sizes&quot;:[]},&quot;gap_mobile&quot;:{&quot;unit&quot;:&quot;px&quot;,&quot;size&quot;:10,&quot;sizes&quot;:[]},&quot;link_to&quot;:&quot;file&quot;,&quot;overlay_background&quot;:&quot;yes&quot;,&quot;content_hover_animation&quot;:&quot;fade-in&quot;}\" data-widget_type=\"gallery.default\">\n\t\t\t\t<div class=\"elementor-widget-container\">\n\t\t\t\t\t\t\t<div class=\"elementor-gallery__container\">\n\t\t\t\t\t\t\t<a class=\"e-gallery-item elementor-gallery-item elementor-animated-content\" href=\"https:\/\/3t-motorrecycle.com\/wp-content\/uploads\/2024\/10\/Plasma-Compressor-Case-Cutter-packing-picture.jpg\" data-elementor-open-lightbox=\"yes\" data-elementor-lightbox-slideshow=\"7bbb4b4\" data-elementor-lightbox-title=\"Plasma Compressor Case Cutter packing picture\" data-e-action-hash=\"#elementor-action%3Aaction%3Dlightbox%26settings%3DeyJpZCI6MTA5NzMsInVybCI6Imh0dHBzOlwvXC8zdC1tb3RvcnJlY3ljbGUuY29tXC93cC1jb250ZW50XC91cGxvYWRzXC8yMDI0XC8xMFwvUGxhc21hLUNvbXByZXNzb3ItQ2FzZS1DdXR0ZXItcGFja2luZy1waWN0dXJlLmpwZyIsInNsaWRlc2hvdyI6IjdiYmI0YjQifQ%3D%3D\">\n\t\t\t\t\t<div class=\"e-gallery-image elementor-gallery-item__image\" data-thumbnail=\"https:\/\/3t-motorrecycle.com\/wp-content\/uploads\/2024\/10\/Plasma-Compressor-Case-Cutter-packing-picture.jpg\" data-width=\"400\" data-height=\"600\" aria-label=\"Imagem da embalagem do cortador de caixa do compressor de plasma\" role=\"img\" ><\/div>\n\t\t\t\t\t\t\t\t\t\t\t<div class=\"elementor-gallery-item__overlay\"><\/div>\n\t\t\t\t\t\t\t\t\t\t\t\t\t\t<\/a>\n\t\t\t\t\t\t\t<a class=\"e-gallery-item elementor-gallery-item elementor-animated-content\" href=\"https:\/\/3t-motorrecycle.com\/wp-content\/uploads\/2024\/10\/Plasma-Compressor-Case-Cutter-delivery.jpg\" data-elementor-open-lightbox=\"yes\" data-elementor-lightbox-slideshow=\"7bbb4b4\" data-elementor-lightbox-title=\"Plasma Compressor Case Cutter delivery\" data-e-action-hash=\"#elementor-action%3Aaction%3Dlightbox%26settings%3DeyJpZCI6MTA5NzgsInVybCI6Imh0dHBzOlwvXC8zdC1tb3RvcnJlY3ljbGUuY29tXC93cC1jb250ZW50XC91cGxvYWRzXC8yMDI0XC8xMFwvUGxhc21hLUNvbXByZXNzb3ItQ2FzZS1DdXR0ZXItZGVsaXZlcnkuanBnIiwic2xpZGVzaG93IjoiN2JiYjRiNCJ9\">\n\t\t\t\t\t<div class=\"e-gallery-image elementor-gallery-item__image\" data-thumbnail=\"https:\/\/3t-motorrecycle.com\/wp-content\/uploads\/2024\/10\/Plasma-Compressor-Case-Cutter-delivery.jpg\" data-width=\"400\" data-height=\"600\" aria-label=\"Entrega de cortador de caixa de compressor de plasma\" role=\"img\" ><\/div>\n\t\t\t\t\t\t\t\t\t\t\t<div class=\"elementor-gallery-item__overlay\"><\/div>\n\t\t\t\t\t\t\t\t\t\t\t\t\t\t<\/a>\n\t\t\t\t\t\t\t<a class=\"e-gallery-item elementor-gallery-item elementor-animated-content\" href=\"https:\/\/3t-motorrecycle.com\/wp-content\/uploads\/2023\/08\/packing.jpg\" data-elementor-open-lightbox=\"yes\" data-elementor-lightbox-slideshow=\"7bbb4b4\" data-elementor-lightbox-title=\"packing\" data-e-action-hash=\"#elementor-action%3Aaction%3Dlightbox%26settings%3DeyJpZCI6NzY0MCwidXJsIjoiaHR0cHM6XC9cLzN0LW1vdG9ycmVjeWNsZS5jb21cL3dwLWNvbnRlbnRcL3VwbG9hZHNcLzIwMjNcLzA4XC9wYWNraW5nLmpwZyIsInNsaWRlc2hvdyI6IjdiYmI0YjQifQ%3D%3D\">\n\t\t\t\t\t<div class=\"e-gallery-image elementor-gallery-item__image\" data-thumbnail=\"https:\/\/3t-motorrecycle.com\/wp-content\/uploads\/2023\/08\/packing.jpg\" data-width=\"565\" data-height=\"500\" aria-label=\"embalagem\" role=\"img\" ><\/div>\n\t\t\t\t\t\t\t\t\t\t\t<div class=\"elementor-gallery-item__overlay\"><\/div>\n\t\t\t\t\t\t\t\t\t\t\t\t\t\t<\/a>\n\t\t\t\t\t\t\t<a class=\"e-gallery-item elementor-gallery-item elementor-animated-content\" href=\"https:\/\/3t-motorrecycle.com\/wp-content\/uploads\/2023\/07\/german-motor-wrecker.jpg\" data-elementor-open-lightbox=\"yes\" data-elementor-lightbox-slideshow=\"7bbb4b4\" data-elementor-lightbox-title=\"german motor wrecker\" data-e-action-hash=\"#elementor-action%3Aaction%3Dlightbox%26settings%3DeyJpZCI6MzY3OCwidXJsIjoiaHR0cHM6XC9cLzN0LW1vdG9ycmVjeWNsZS5jb21cL3dwLWNvbnRlbnRcL3VwbG9hZHNcLzIwMjNcLzA3XC9nZXJtYW4tbW90b3Itd3JlY2tlci5qcGciLCJzbGlkZXNob3ciOiI3YmJiNGI0In0%3D\">\n\t\t\t\t\t<div class=\"e-gallery-image elementor-gallery-item__image\" data-thumbnail=\"https:\/\/3t-motorrecycle.com\/wp-content\/uploads\/2023\/07\/german-motor-wrecker-768x419.jpg\" data-width=\"768\" data-height=\"419\" aria-label=\"destruidor de motores alem\u00e3o\" role=\"img\" ><\/div>\n\t\t\t\t\t\t\t\t\t\t\t<div class=\"elementor-gallery-item__overlay\"><\/div>\n\t\t\t\t\t\t\t\t\t\t\t\t\t\t<\/a>\n\t\t\t\t\t<\/div>\n\t\t\t\t\t<\/div>\n\t\t\t\t<\/div>\n\t\t\t\t\t<\/div>\n\t\t<\/div>\n\t\t\t\t\t<\/div>\n\t\t<\/section>\n\t\t\t\t<\/div>","protected":false},"excerpt":{"rendered":"<p>O mini destruidor de motores el\u00e9tricos BSC \u00e9 muito popular em pequenos ferros-velhos ou para uso pessoal, para reciclar motores inserv\u00edveis em todo o mundo. Esta m\u00e1quina \u00e9 principalmente para estatores de motores pequenos, cujo di\u00e2metro deve ser inferior a 120 mm.<\/p>\n<ul>\n<li>O Mini BSC foi projetado especificamente para desmontar pequenos motores el\u00e9tricos, especialmente de eletrodom\u00e9sticos. \u00c9 uma solu\u00e7\u00e3o perfeita para recicladores de pequeno volume, fam\u00edlias ou ferros-velhos que buscam uma maneira eficiente de extrair cobre.<\/li>\n<li>Alta qualidade e pre\u00e7o mais baixo: esta m\u00e1quina \u00e9 muito barata, custando apenas US$ 2.000, um tipo de modelo especializado para clientes de or\u00e7amento mais baixo.<\/li>\n<li>Fun\u00e7\u00f5es completas: N\u00e3o se deixe enganar pelo seu tamanho compacto \u2013 a m\u00e1quina de reboque com motor el\u00e9trico Mini BSC pode <strong data-start=\"754\" data-end=\"786\">cortar e puxar enrolamentos de cobre<\/strong> dos estatores do motor de forma r\u00e1pida e f\u00e1cil. Combina fun\u00e7\u00f5es de corte e decapagem em uma \u00fanica unidade, melhorando a efici\u00eancia e economizando m\u00e3o de obra.<\/li>\n<li>F\u00e1cil de mover: com uma pegada de apenas <strong data-start=\"977\" data-end=\"999\">660 \u00d7 730 \u00d7 950 mm<\/strong> Com rodas integradas, o Mini BSC \u00e9 extremamente port\u00e1til. Voc\u00ea pode mov\u00ea-lo pelo seu espa\u00e7o de trabalho sem esfor\u00e7o \u2014 sem a necessidade de empilhadeira ou equipamento especial.<\/li>\n<\/ul>","protected":false},"featured_media":11203,"comment_status":"open","ping_status":"closed","template":"","meta":{"_seopress_robots_primary_cat":"none","_seopress_titles_title":"Mini BSC Electric Motor Wrecker For Sale","_seopress_titles_desc":"The BSM-100 used electric motor recycling machine is mainly used for recycling copper winding in various scrap motor stators. BSM-100 can efficiently recycle various scrap motor stators...","_seopress_robots_index":""},"product_brand":[],"product_cat":[23,22],"product_tag":[],"class_list":{"0":"post-11135","1":"product","2":"type-product","3":"status-publish","4":"has-post-thumbnail","6":"product_cat-compressor-recycling-machine","7":"product_cat-normal-motor-recycling-machine","9":"first","10":"instock","11":"shipping-taxable","12":"product-type-simple"},"_links":{"self":[{"href":"https:\/\/3t-motorrecycle.com\/pt\/wp-json\/wp\/v2\/product\/11135","targetHints":{"allow":["GET"]}}],"collection":[{"href":"https:\/\/3t-motorrecycle.com\/pt\/wp-json\/wp\/v2\/product"}],"about":[{"href":"https:\/\/3t-motorrecycle.com\/pt\/wp-json\/wp\/v2\/types\/product"}],"replies":[{"embeddable":true,"href":"https:\/\/3t-motorrecycle.com\/pt\/wp-json\/wp\/v2\/comments?post=11135"}],"version-history":[{"count":0,"href":"https:\/\/3t-motorrecycle.com\/pt\/wp-json\/wp\/v2\/product\/11135\/revisions"}],"wp:featuredmedia":[{"embeddable":true,"href":"https:\/\/3t-motorrecycle.com\/pt\/wp-json\/wp\/v2\/media\/11203"}],"wp:attachment":[{"href":"https:\/\/3t-motorrecycle.com\/pt\/wp-json\/wp\/v2\/media?parent=11135"}],"wp:term":[{"taxonomy":"product_brand","embeddable":true,"href":"https:\/\/3t-motorrecycle.com\/pt\/wp-json\/wp\/v2\/product_brand?post=11135"},{"taxonomy":"product_cat","embeddable":true,"href":"https:\/\/3t-motorrecycle.com\/pt\/wp-json\/wp\/v2\/product_cat?post=11135"},{"taxonomy":"product_tag","embeddable":true,"href":"https:\/\/3t-motorrecycle.com\/pt\/wp-json\/wp\/v2\/product_tag?post=11135"}],"curies":[{"name":"wp","href":"https:\/\/api.w.org\/{rel}","templated":true}]}}