{"id":2429,"date":"2023-07-26T14:10:12","date_gmt":"2023-07-26T06:10:12","guid":{"rendered":"https:\/\/3t-motorrecycle.com\/?post_type=product&#038;p=2429"},"modified":"2023-11-01T15:42:39","modified_gmt":"2023-11-01T07:42:39","slug":"maquina-de-reciclagem-de-motor-de-ventilador","status":"publish","type":"product","link":"https:\/\/3t-motorrecycle.com\/pt\/produto\/maquina-de-reciclagem-de-motor-de-ventilador\/","title":{"rendered":"M\u00e1quina de corte de estator de ventilador de teto"},"content":{"rendered":"<div data-elementor-type=\"product-post\" data-elementor-id=\"2429\" class=\"elementor elementor-2429\" data-elementor-post-type=\"product\">\n\t\t\t\t\t\t<section class=\"elementor-section elementor-top-section elementor-element elementor-element-0c7b97e custom-ele-section-css elementor-section-stretched elementor-section-boxed elementor-section-height-default elementor-section-height-default\" data-id=\"0c7b97e\" data-element_type=\"section\" data-e-type=\"section\" data-settings=\"{&quot;stretch_section&quot;:&quot;section-stretched&quot;}\">\n\t\t\t\t\t\t<div class=\"elementor-container elementor-column-gap-default\">\n\t\t\t\t\t<div class=\"elementor-column elementor-col-100 elementor-top-column elementor-element elementor-element-b118a25\" data-id=\"b118a25\" data-element_type=\"column\" data-e-type=\"column\">\n\t\t\t<div class=\"elementor-widget-wrap elementor-element-populated\">\n\t\t\t\t\t\t<div class=\"elementor-element elementor-element-c0d89ac elementor-widget elementor-widget-heading\" data-id=\"c0d89ac\" data-element_type=\"widget\" data-e-type=\"widget\" data-widget_type=\"heading.default\">\n\t\t\t\t<div class=\"elementor-widget-container\">\n\t\t\t\t\t<h2 class=\"elementor-heading-title elementor-size-default\">Distribuidor de m\u00e1quinas de corte de estator de ventilador de teto<\/h2>\t\t\t\t<\/div>\n\t\t\t\t<\/div>\n\t\t\t\t<div class=\"elementor-element elementor-element-1a36c823 elementor-widget elementor-widget-text-editor\" data-id=\"1a36c823\" data-element_type=\"widget\" data-e-type=\"widget\" data-widget_type=\"text-editor.default\">\n\t\t\t\t<div class=\"elementor-widget-container\">\n\t\t\t\t\t\t\t\t\t<p><span data-font-family=\"\u5b8b\u4f53\">A m\u00e1quina de corte de motor de ventilador de teto corta principalmente estatores de ventilador de teto de res\u00edduos do meio, depois que o estator \u00e9 cortado ao meio, o descascamento manual do enrolamento de cobre \u00e9 suficiente para concluir o processo de reciclagem. Isso o torna a melhor escolha para uso dom\u00e9stico e industrial. Tamb\u00e9m temos muitos outros <a href=\"https:\/\/3t-motorrecycle.com\/pt\/produtos\/\">m\u00e1quinas de reciclagem de motores<\/a>, voc\u00ea pode conferir nosso site.<\/span><\/p>\t\t\t\t\t\t\t\t<\/div>\n\t\t\t\t<\/div>\n\t\t\t\t<section class=\"elementor-section elementor-inner-section elementor-element elementor-element-dafe1f5 custom-ele-section-css elementor-section-boxed elementor-section-height-default elementor-section-height-default\" data-id=\"dafe1f5\" data-element_type=\"section\" data-e-type=\"section\">\n\t\t\t\t\t\t<div class=\"elementor-container elementor-column-gap-default\">\n\t\t\t\t\t<div class=\"elementor-column elementor-col-33 elementor-inner-column elementor-element elementor-element-b0b15cb\" data-id=\"b0b15cb\" data-element_type=\"column\" data-e-type=\"column\">\n\t\t\t<div class=\"elementor-widget-wrap elementor-element-populated\">\n\t\t\t\t\t\t<div class=\"elementor-element elementor-element-5e501ea elementor-widget elementor-widget-image\" data-id=\"5e501ea\" data-element_type=\"widget\" data-e-type=\"widget\" data-settings=\"{&quot;motion_fx_motion_fx_mouse&quot;:&quot;yes&quot;}\" data-widget_type=\"image.default\">\n\t\t\t\t<div class=\"elementor-widget-container\">\n\t\t\t\t\t\t\t\t\t\t\t\t\t\t\t<img fetchpriority=\"high\" decoding=\"async\" width=\"600\" height=\"400\" src=\"https:\/\/3t-motorrecycle.com\/wp-content\/uploads\/2023\/07\/ceiling-fan-copper-winding-1.jpg\" class=\"attachment-large size-large wp-image-5609\" alt=\"ventilador de teto enrolamento de cobre\" srcset=\"https:\/\/3t-motorrecycle.com\/wp-content\/uploads\/2023\/07\/ceiling-fan-copper-winding-1.jpg 600w, https:\/\/3t-motorrecycle.com\/wp-content\/uploads\/2023\/07\/ceiling-fan-copper-winding-1-300x200.jpg 300w\" sizes=\"(max-width: 600px) 100vw, 600px\" \/>\t\t\t\t\t\t\t\t\t\t\t\t\t\t\t<\/div>\n\t\t\t\t<\/div>\n\t\t\t\t\t<\/div>\n\t\t<\/div>\n\t\t\t\t<div class=\"elementor-column elementor-col-33 elementor-inner-column elementor-element elementor-element-81d5232\" data-id=\"81d5232\" data-element_type=\"column\" data-e-type=\"column\">\n\t\t\t<div class=\"elementor-widget-wrap elementor-element-populated\">\n\t\t\t\t\t\t<div class=\"elementor-element elementor-element-327ac76 elementor-widget elementor-widget-image\" data-id=\"327ac76\" data-element_type=\"widget\" data-e-type=\"widget\" data-widget_type=\"image.default\">\n\t\t\t\t<div class=\"elementor-widget-container\">\n\t\t\t\t\t\t\t\t\t\t\t\t\t\t\t<img decoding=\"async\" width=\"600\" height=\"400\" src=\"https:\/\/3t-motorrecycle.com\/wp-content\/uploads\/2023\/07\/copper-winding-3.jpg\" class=\"attachment-large size-large wp-image-5611\" alt=\"\" srcset=\"https:\/\/3t-motorrecycle.com\/wp-content\/uploads\/2023\/07\/copper-winding-3.jpg 600w, https:\/\/3t-motorrecycle.com\/wp-content\/uploads\/2023\/07\/copper-winding-3-300x200.jpg 300w\" sizes=\"(max-width: 600px) 100vw, 600px\" \/>\t\t\t\t\t\t\t\t\t\t\t\t\t\t\t<\/div>\n\t\t\t\t<\/div>\n\t\t\t\t\t<\/div>\n\t\t<\/div>\n\t\t\t\t<div class=\"elementor-column elementor-col-33 elementor-inner-column elementor-element elementor-element-c3594cc\" data-id=\"c3594cc\" data-element_type=\"column\" data-e-type=\"column\">\n\t\t\t<div class=\"elementor-widget-wrap elementor-element-populated\">\n\t\t\t\t\t\t<div class=\"elementor-element elementor-element-7a05d54 elementor-widget elementor-widget-image\" data-id=\"7a05d54\" data-element_type=\"widget\" data-e-type=\"widget\" data-widget_type=\"image.default\">\n\t\t\t\t<div class=\"elementor-widget-container\">\n\t\t\t\t\t\t\t\t\t\t\t\t\t\t\t<img decoding=\"async\" width=\"600\" height=\"400\" src=\"https:\/\/3t-motorrecycle.com\/wp-content\/uploads\/2023\/07\/ceiling-fan-1.jpg\" class=\"attachment-large size-large wp-image-5610\" alt=\"ventilador de teto\" srcset=\"https:\/\/3t-motorrecycle.com\/wp-content\/uploads\/2023\/07\/ceiling-fan-1.jpg 600w, https:\/\/3t-motorrecycle.com\/wp-content\/uploads\/2023\/07\/ceiling-fan-1-300x200.jpg 300w\" sizes=\"(max-width: 600px) 100vw, 600px\" \/>\t\t\t\t\t\t\t\t\t\t\t\t\t\t\t<\/div>\n\t\t\t\t<\/div>\n\t\t\t\t\t<\/div>\n\t\t<\/div>\n\t\t\t\t\t<\/div>\n\t\t<\/section>\n\t\t\t\t<div class=\"elementor-element elementor-element-f7a8716 elementor-widget elementor-widget-heading\" data-id=\"f7a8716\" data-element_type=\"widget\" data-e-type=\"widget\" data-widget_type=\"heading.default\">\n\t\t\t\t<div class=\"elementor-widget-container\">\n\t\t\t\t\t<h3 class=\"elementor-heading-title elementor-size-default\">Especifica\u00e7\u00f5es da m\u00e1quina<\/h3>\t\t\t\t<\/div>\n\t\t\t\t<\/div>\n\t\t\t\t<div class=\"elementor-element elementor-element-cf4614f elementor-widget elementor-widget-text-editor\" data-id=\"cf4614f\" data-element_type=\"widget\" data-e-type=\"widget\" data-widget_type=\"text-editor.default\">\n\t\t\t\t<div class=\"elementor-widget-container\">\n\t\t\t\t\t\t\t\t\t<p>Esta m\u00e1quina \u00e9 muito simples, barata e f\u00e1cil de operar.<\/p>\t\t\t\t\t\t\t\t<\/div>\n\t\t\t\t<\/div>\n\t\t\t\t<div class=\"elementor-element elementor-element-32bf538 elementor-widget__width-initial elementor-widget-mobile__width-initial uael-header-sticky-no uael-border-yes elementor-widget elementor-widget-uael-table\" data-id=\"32bf538\" data-element_type=\"widget\" data-e-type=\"widget\" data-widget_type=\"uael-table.default\">\n\t\t\t\t<div class=\"elementor-widget-container\">\n\t\t\t\t\t<div itemscope class=\"uael-table-wrapper\" itemtype=\"http:\/\/schema.org\/Table\">\n\t\t<table id=\"uael-table-id-32bf538\" class=\"uael-text-break uael-column-rules uael-table\" data-sort-table=\"no\" data-show-entry=\"no\" data-searchable=\"no\" data-responsive=\"no\">\n\t\t\t\t<thead>\n\t\t\t\t\t\t\t\t\t\t<tr class=\"uael-table-row\">\n\t\t\t\t\t\t\t\t\t\t\t\t\t<th data-sort=\"0\" class=\"sort-this elementor-repeater-item-48cc29f uael-table-col uael-table-head-cell-text\" scope=\"col\">\n\t\t\t\t\t\t\t<span class=\"sort-style\">\n\t\t\t\t\t\t\t<span class=\"uael-table__text\">\n\t\t\t\t\t\t\t\t\t\t\t\t\t\t\t\t\t\t\t\t\t\t\t\t\t\t\t\t\t\t\t\t\t\t<span class=\"uael-table__text-inner\">Nome da m\u00e1quina<\/span>\n\n\t\t\t\t\t\t\t\t\t\t\t\t\t\t\t\t\t\t\t\t\t\t\t\t\t\t\t\t\t\t\t\t\t<\/span>\n\t\t\t\t\t\t\t\t\t\t\t\t\t\t<\/span>\n\t\t\t\t\t\t<\/th>\n\t\t\t\t\t\t\t\t\t\t\t\t<th data-sort=\"1\" class=\"sort-this elementor-repeater-item-428d6c1 uael-table-col uael-table-head-cell-text\" scope=\"col\">\n\t\t\t\t\t\t\t<span class=\"sort-style\">\n\t\t\t\t\t\t\t<span class=\"uael-table__text\">\n\t\t\t\t\t\t\t\t\t\t\t\t\t\t\t\t\t\t\t\t\t\t\t\t\t\t\t\t\t\t\t\t\t\t<span class=\"uael-table__text-inner\">M\u00e1quina de corte autom\u00e1tica de estator de ventilador de teto<\/span>\n\n\t\t\t\t\t\t\t\t\t\t\t\t\t\t\t\t\t\t\t\t\t\t\t\t\t\t\t\t\t\t\t\t\t<\/span>\n\t\t\t\t\t\t\t\t\t\t\t\t\t\t<\/span>\n\t\t\t\t\t\t<\/th>\n\t\t\t\t\t\t\t\t<\/thead>\n\t\t\t\t<tbody>\n\t\t\t<!-- ROWS -->\n\t\t\t\t\t\t\t\t\t\t<tr data-entry=\"1\" class=\"uael-table-row\">\n\t\t\t\t\t\t\t\t\t\t\t\t\t\t\t\t\t<td class=\"uael-table-col uael-table-body-cell-text elementor-repeater-item-3168f91\" data-title=\"Machine name\">\n\t\t\t\t\t\t\t\t\t\t\t\t\t\t\t<span class=\"uael-table__text\">\n\t\t\t\t\t\t\t\t\t\t\t\t\t\t\t\t\t\t\t\t\t\t\t\t\t\t\t\t\t\t\t\t\t\t\t\t\t<span class=\"uael-table__text-inner\">Pot\u00eancia do motor<\/span>\n\t\t\t\t\t\t\t\t\t\t\t\t\t\t\t\t\t\t\t\t\t\t\t\t\t\t\t\t\t\t\t\t\t\t\t\t<\/span>\n\t\t\t\t\t\t\t\t\t\t\t\t\t<\/td>\n\t\t\t\t\t\t\t\t\t\t\t\t\t<td class=\"uael-table-col uael-table-body-cell-text elementor-repeater-item-6e3db5f\" data-title=\"Automatic ceiling fan stator cutting machine\">\n\t\t\t\t\t\t\t\t\t\t\t\t\t\t\t<span class=\"uael-table__text\">\n\t\t\t\t\t\t\t\t\t\t\t\t\t\t\t\t\t\t\t\t\t\t\t\t\t\t\t\t\t\t\t\t\t\t\t\t\t<span class=\"uael-table__text-inner\">3 kW<\/span>\n\t\t\t\t\t\t\t\t\t\t\t\t\t\t\t\t\t\t\t\t\t\t\t\t\t\t\t\t\t\t\t\t\t\t\t\t<\/span>\n\t\t\t\t\t\t\t\t\t\t\t\t\t<\/td>\n\t\t\t\t\t\t\t\t\t\t\t\t\t\t<\/tr><tr data-entry=\"2\" class=\"uael-table-row\">\n\t\t\t\t\t\t\t\t\t\t\t\t\t\t\t\t\t\t<td class=\"uael-table-col uael-table-body-cell-text elementor-repeater-item-16f4b7e\" data-title=\"Machine name\">\n\t\t\t\t\t\t\t\t\t\t\t\t\t\t\t<span class=\"uael-table__text\">\n\t\t\t\t\t\t\t\t\t\t\t\t\t\t\t\t\t\t\t\t\t\t\t\t\t\t\t\t\t\t\t\t\t\t\t\t\t<span class=\"uael-table__text-inner\">Tamanho do motor<\/span>\n\t\t\t\t\t\t\t\t\t\t\t\t\t\t\t\t\t\t\t\t\t\t\t\t\t\t\t\t\t\t\t\t\t\t\t\t<\/span>\n\t\t\t\t\t\t\t\t\t\t\t\t\t<\/td>\n\t\t\t\t\t\t\t\t\t\t\t\t\t<td class=\"uael-table-col uael-table-body-cell-text elementor-repeater-item-bff29e6\" data-title=\"Automatic ceiling fan stator cutting machine\">\n\t\t\t\t\t\t\t\t\t\t\t\t\t\t\t<span class=\"uael-table__text\">\n\t\t\t\t\t\t\t\t\t\t\t\t\t\t\t\t\t\t\t\t\t\t\t\t\t\t\t\t\t\t\t\t\t\t\t\t\t<span class=\"uael-table__text-inner\">1300*650*1450MM<\/span>\n\t\t\t\t\t\t\t\t\t\t\t\t\t\t\t\t\t\t\t\t\t\t\t\t\t\t\t\t\t\t\t\t\t\t\t\t<\/span>\n\t\t\t\t\t\t\t\t\t\t\t\t\t<\/td>\n\t\t\t\t\t\t\t\t\t\t\t\t\t\t<\/tr><tr data-entry=\"3\" class=\"uael-table-row\">\n\t\t\t\t\t\t\t\t\t\t\t\t\t\t\t\t\t\t<td class=\"uael-table-col uael-table-body-cell-text elementor-repeater-item-1e62530\" data-title=\"Machine name\">\n\t\t\t\t\t\t\t\t\t\t\t\t\t\t\t<span class=\"uael-table__text\">\n\t\t\t\t\t\t\t\t\t\t\t\t\t\t\t\t\t\t\t\t\t\t\t\t\t\t\t\t\t\t\t\t\t\t\t\t\t<span class=\"uael-table__text-inner\">Peso da m\u00e1quina<\/span>\n\t\t\t\t\t\t\t\t\t\t\t\t\t\t\t\t\t\t\t\t\t\t\t\t\t\t\t\t\t\t\t\t\t\t\t\t<\/span>\n\t\t\t\t\t\t\t\t\t\t\t\t\t<\/td>\n\t\t\t\t\t\t\t\t\t\t\t\t\t<td class=\"uael-table-col uael-table-body-cell-text elementor-repeater-item-da8ff29\" data-title=\"Automatic ceiling fan stator cutting machine\">\n\t\t\t\t\t\t\t\t\t\t\t\t\t\t\t<span class=\"uael-table__text\">\n\t\t\t\t\t\t\t\t\t\t\t\t\t\t\t\t\t\t\t\t\t\t\t\t\t\t\t\t\t\t\t\t\t\t\t\t\t<span class=\"uael-table__text-inner\">267 KG<\/span>\n\t\t\t\t\t\t\t\t\t\t\t\t\t\t\t\t\t\t\t\t\t\t\t\t\t\t\t\t\t\t\t\t\t\t\t\t<\/span>\n\t\t\t\t\t\t\t\t\t\t\t\t\t<\/td>\n\t\t\t\t\t\t\t\t\t<\/tbody>\n\t<\/table>\n\t\t<\/div>\n\t\t\t\t<\/div>\n\t\t\t\t<\/div>\n\t\t\t\t\t<\/div>\n\t\t<\/div>\n\t\t\t\t\t<\/div>\n\t\t<\/section>\n\t\t\t\t<section class=\"elementor-section elementor-top-section elementor-element elementor-element-7f1b70a custom-ele-section-css elementor-section-boxed elementor-section-height-default elementor-section-height-default\" data-id=\"7f1b70a\" data-element_type=\"section\" data-e-type=\"section\">\n\t\t\t\t\t\t<div class=\"elementor-container elementor-column-gap-default\">\n\t\t\t\t\t<div class=\"elementor-column elementor-col-100 elementor-top-column elementor-element elementor-element-b515047\" data-id=\"b515047\" data-element_type=\"column\" data-e-type=\"column\">\n\t\t\t<div class=\"elementor-widget-wrap elementor-element-populated\">\n\t\t\t\t\t\t<div class=\"elementor-element elementor-element-66aa66a elementor-align-center elementor-widget elementor-widget-button\" data-id=\"66aa66a\" data-element_type=\"widget\" data-e-type=\"widget\" data-widget_type=\"button.default\">\n\t\t\t\t<div class=\"elementor-widget-container\">\n\t\t\t\t\t\t\t\t\t<div class=\"elementor-button-wrapper\">\n\t\t\t\t\t<a class=\"elementor-button elementor-button-link elementor-size-sm\" href=\"#elementor-action%3Aaction%3Dpopup%3Aopen%26settings%3DeyJpZCI6IjU4MzQiLCJ0b2dnbGUiOmZhbHNlfQ%3D%3D\">\n\t\t\t\t\t\t<span class=\"elementor-button-content-wrapper\">\n\t\t\t\t\t\t\t\t\t<span class=\"elementor-button-text\">SAIBA MAIS<\/span>\n\t\t\t\t\t<\/span>\n\t\t\t\t\t<\/a>\n\t\t\t\t<\/div>\n\t\t\t\t\t\t\t\t<\/div>\n\t\t\t\t<\/div>\n\t\t\t\t\t<\/div>\n\t\t<\/div>\n\t\t\t\t\t<\/div>\n\t\t<\/section>\n\t\t\t\t<section class=\"elementor-section elementor-top-section elementor-element elementor-element-e2cdf95 custom-ele-section-css elementor-section-stretched elementor-section-boxed elementor-section-height-default elementor-section-height-default\" data-id=\"e2cdf95\" data-element_type=\"section\" data-e-type=\"section\" data-settings=\"{&quot;stretch_section&quot;:&quot;section-stretched&quot;}\">\n\t\t\t\t\t\t<div class=\"elementor-container elementor-column-gap-default\">\n\t\t\t\t\t<div class=\"elementor-column elementor-col-100 elementor-top-column elementor-element elementor-element-3ecb6bf\" data-id=\"3ecb6bf\" data-element_type=\"column\" data-e-type=\"column\">\n\t\t\t<div class=\"elementor-widget-wrap elementor-element-populated\">\n\t\t\t\t\t\t<div class=\"elementor-element elementor-element-b08cb59 elementor-widget elementor-widget-heading\" data-id=\"b08cb59\" data-element_type=\"widget\" data-e-type=\"widget\" data-widget_type=\"heading.default\">\n\t\t\t\t<div class=\"elementor-widget-container\">\n\t\t\t\t\t<h2 class=\"elementor-heading-title elementor-size-default\">Feedback do cliente<\/h2>\t\t\t\t<\/div>\n\t\t\t\t<\/div>\n\t\t\t\t<section class=\"elementor-section elementor-inner-section elementor-element elementor-element-6a9b5cc custom-ele-section-css elementor-section-full_width elementor-section-height-default elementor-section-height-default\" data-id=\"6a9b5cc\" data-element_type=\"section\" data-e-type=\"section\">\n\t\t\t\t\t\t<div class=\"elementor-container elementor-column-gap-default\">\n\t\t\t\t\t<div class=\"elementor-column elementor-col-50 elementor-inner-column elementor-element elementor-element-3ed7c4b\" data-id=\"3ed7c4b\" data-element_type=\"column\" data-e-type=\"column\">\n\t\t\t<div class=\"elementor-widget-wrap elementor-element-populated\">\n\t\t\t\t\t\t<div class=\"elementor-element elementor-element-eef5c80 elementor-star-rating--align-center elementor--star-style-star_fontawesome elementor-widget elementor-widget-star-rating\" data-id=\"eef5c80\" data-element_type=\"widget\" data-e-type=\"widget\" data-widget_type=\"star-rating.default\">\n\t\t\t\t<div class=\"elementor-widget-container\">\n\t\t\t\t\t\t\t<div class=\"elementor-star-rating__wrapper\">\n\t\t\t\t\t\t<div class=\"elementor-star-rating\" itemtype=\"http:\/\/schema.org\/Rating\" itemscope=\"\" itemprop=\"reviewRating\">\n\t\t\t\t<i class=\"elementor-star-full\" aria-hidden=\"true\">\ue934<\/i><i class=\"elementor-star-full\" aria-hidden=\"true\">\ue934<\/i><i class=\"elementor-star-full\" aria-hidden=\"true\">\ue934<\/i><i class=\"elementor-star-full\" aria-hidden=\"true\">\ue934<\/i><i class=\"elementor-star-full\" aria-hidden=\"true\">\ue934<\/i>\t\t\t\t<span itemprop=\"ratingValue\" class=\"elementor-screen-only\">Rated 5 out of 5<\/span>\n\t\t\t<\/div>\n\t\t<\/div>\n\t\t\t\t\t\t<\/div>\n\t\t\t\t<\/div>\n\t\t\t\t<div class=\"elementor-element elementor-element-8537778 elementor-widget-mobile__width-initial elementor-widget elementor-widget-image\" data-id=\"8537778\" data-element_type=\"widget\" data-e-type=\"widget\" data-widget_type=\"image.default\">\n\t\t\t\t<div class=\"elementor-widget-container\">\n\t\t\t\t\t\t\t\t\t\t\t\t\t\t\t<img loading=\"lazy\" decoding=\"async\" width=\"680\" height=\"500\" src=\"https:\/\/3t-motorrecycle.com\/wp-content\/uploads\/2023\/07\/good-feedback-3.jpg\" class=\"attachment-large size-large wp-image-5614\" alt=\"bom feedback\" srcset=\"https:\/\/3t-motorrecycle.com\/wp-content\/uploads\/2023\/07\/good-feedback-3.jpg 680w, https:\/\/3t-motorrecycle.com\/wp-content\/uploads\/2023\/07\/good-feedback-3-300x221.jpg 300w, https:\/\/3t-motorrecycle.com\/wp-content\/uploads\/2023\/07\/good-feedback-3-600x441.jpg 600w\" sizes=\"(max-width: 680px) 100vw, 680px\" \/>\t\t\t\t\t\t\t\t\t\t\t\t\t\t\t<\/div>\n\t\t\t\t<\/div>\n\t\t\t\t<div class=\"elementor-element elementor-element-75b3693 elementor-widget elementor-widget-text-editor\" data-id=\"75b3693\" data-element_type=\"widget\" data-e-type=\"widget\" data-widget_type=\"text-editor.default\">\n\t\t\t\t<div class=\"elementor-widget-container\">\n\t\t\t\t\t\t\t\t\t<p><span data-font-family=\"\u5b8b\u4f53\">A m\u00e1quina economiza muito trabalho e tem maior efici\u00eancia\u00a0<\/span><\/p>\t\t\t\t\t\t\t\t<\/div>\n\t\t\t\t<\/div>\n\t\t\t\t\t<\/div>\n\t\t<\/div>\n\t\t\t\t<div class=\"elementor-column elementor-col-50 elementor-inner-column elementor-element elementor-element-e01807d\" data-id=\"e01807d\" data-element_type=\"column\" data-e-type=\"column\">\n\t\t\t<div class=\"elementor-widget-wrap elementor-element-populated\">\n\t\t\t\t\t\t<div class=\"elementor-element elementor-element-209e74e elementor-star-rating--align-center elementor--star-style-star_fontawesome elementor-widget elementor-widget-star-rating\" data-id=\"209e74e\" data-element_type=\"widget\" data-e-type=\"widget\" data-widget_type=\"star-rating.default\">\n\t\t\t\t<div class=\"elementor-widget-container\">\n\t\t\t\t\t\t\t<div class=\"elementor-star-rating__wrapper\">\n\t\t\t\t\t\t<div class=\"elementor-star-rating\" itemtype=\"http:\/\/schema.org\/Rating\" itemscope=\"\" itemprop=\"reviewRating\">\n\t\t\t\t<i class=\"elementor-star-full\" aria-hidden=\"true\">\ue934<\/i><i class=\"elementor-star-full\" aria-hidden=\"true\">\ue934<\/i><i class=\"elementor-star-full\" aria-hidden=\"true\">\ue934<\/i><i class=\"elementor-star-full\" aria-hidden=\"true\">\ue934<\/i><i class=\"elementor-star-full\" aria-hidden=\"true\">\ue934<\/i>\t\t\t\t<span itemprop=\"ratingValue\" class=\"elementor-screen-only\">Rated 5 out of 5<\/span>\n\t\t\t<\/div>\n\t\t<\/div>\n\t\t\t\t\t\t<\/div>\n\t\t\t\t<\/div>\n\t\t\t\t<div class=\"elementor-element elementor-element-ffc0189 elementor-widget elementor-widget-image\" data-id=\"ffc0189\" data-element_type=\"widget\" data-e-type=\"widget\" data-widget_type=\"image.default\">\n\t\t\t\t<div class=\"elementor-widget-container\">\n\t\t\t\t\t\t\t\t\t\t\t\t\t\t\t<img loading=\"lazy\" decoding=\"async\" width=\"680\" height=\"500\" src=\"https:\/\/3t-motorrecycle.com\/wp-content\/uploads\/2023\/07\/feedback-4.jpg\" class=\"attachment-large size-large wp-image-5613\" alt=\"opini\u00e3o\" srcset=\"https:\/\/3t-motorrecycle.com\/wp-content\/uploads\/2023\/07\/feedback-4.jpg 680w, https:\/\/3t-motorrecycle.com\/wp-content\/uploads\/2023\/07\/feedback-4-300x221.jpg 300w, https:\/\/3t-motorrecycle.com\/wp-content\/uploads\/2023\/07\/feedback-4-600x441.jpg 600w\" sizes=\"(max-width: 680px) 100vw, 680px\" \/>\t\t\t\t\t\t\t\t\t\t\t\t\t\t\t<\/div>\n\t\t\t\t<\/div>\n\t\t\t\t<div class=\"elementor-element elementor-element-ba9d52c elementor-widget elementor-widget-text-editor\" data-id=\"ba9d52c\" data-element_type=\"widget\" data-e-type=\"widget\" data-widget_type=\"text-editor.default\">\n\t\t\t\t<div class=\"elementor-widget-container\">\n\t\t\t\t\t\t\t\t\t<p>A qualidade \u00e9 t\u00e3o bonita. Funciona de forma eficiente e conveniente. Eu realmente gosto.<\/p>\t\t\t\t\t\t\t\t<\/div>\n\t\t\t\t<\/div>\n\t\t\t\t\t<\/div>\n\t\t<\/div>\n\t\t\t\t\t<\/div>\n\t\t<\/section>\n\t\t\t\t\t<\/div>\n\t\t<\/div>\n\t\t\t\t\t<\/div>\n\t\t<\/section>\n\t\t\t\t<\/div>","protected":false},"excerpt":{"rendered":"<p><b><span data-font-family=\"\u5b8b\u4f53\">Vantagens da m\u00e1quina de corte de estator de ventilador de teto<\/span><\/b><\/p>\n<ol>\n<li><span data-font-family=\"\u5b8b\u4f53\">Com sistema hidr\u00e1ulico permite opera\u00e7\u00e3o sem esfor\u00e7o, reciclagem eficiente e economia de custos.<\/span><\/li>\n<li><span data-font-family=\"\u5b8b\u4f53\">O dispositivo integrado \u00e9 f\u00e1cil de instalar e ocupa uma \u00e1rea pequena.<\/span><\/li>\n<li>A m\u00e1quina de reciclagem de motores de ventiladores de teto \u00e9 usada principalmente para corte de estatores de ventiladores de teto.<\/li>\n<\/ol>","protected":false},"featured_media":5226,"comment_status":"open","ping_status":"closed","template":"","meta":{"_seopress_robots_primary_cat":"none","_seopress_titles_title":"Cheap Ceiling Fan Stator Cutting Machine | 3T","_seopress_titles_desc":"Our Ceiling Fan Stator Cutting Machine is designed with a simple structure for easy operation, ensuring a hassle-free experience for our customers...","_seopress_robots_index":""},"product_brand":[],"product_cat":[31,22],"product_tag":[],"class_list":{"0":"post-2429","1":"product","2":"type-product","3":"status-publish","4":"has-post-thumbnail","6":"product_cat-fan-motor-stator-cutting-machine","7":"product_cat-normal-motor-recycling-machine","9":"first","10":"instock","11":"shipping-taxable","12":"product-type-simple"},"_links":{"self":[{"href":"https:\/\/3t-motorrecycle.com\/pt\/wp-json\/wp\/v2\/product\/2429","targetHints":{"allow":["GET"]}}],"collection":[{"href":"https:\/\/3t-motorrecycle.com\/pt\/wp-json\/wp\/v2\/product"}],"about":[{"href":"https:\/\/3t-motorrecycle.com\/pt\/wp-json\/wp\/v2\/types\/product"}],"replies":[{"embeddable":true,"href":"https:\/\/3t-motorrecycle.com\/pt\/wp-json\/wp\/v2\/comments?post=2429"}],"version-history":[{"count":0,"href":"https:\/\/3t-motorrecycle.com\/pt\/wp-json\/wp\/v2\/product\/2429\/revisions"}],"wp:featuredmedia":[{"embeddable":true,"href":"https:\/\/3t-motorrecycle.com\/pt\/wp-json\/wp\/v2\/media\/5226"}],"wp:attachment":[{"href":"https:\/\/3t-motorrecycle.com\/pt\/wp-json\/wp\/v2\/media?parent=2429"}],"wp:term":[{"taxonomy":"product_brand","embeddable":true,"href":"https:\/\/3t-motorrecycle.com\/pt\/wp-json\/wp\/v2\/product_brand?post=2429"},{"taxonomy":"product_cat","embeddable":true,"href":"https:\/\/3t-motorrecycle.com\/pt\/wp-json\/wp\/v2\/product_cat?post=2429"},{"taxonomy":"product_tag","embeddable":true,"href":"https:\/\/3t-motorrecycle.com\/pt\/wp-json\/wp\/v2\/product_tag?post=2429"}],"curies":[{"name":"wp","href":"https:\/\/api.w.org\/{rel}","templated":true}]}}