{"id":2618,"date":"2023-07-26T18:37:59","date_gmt":"2023-07-26T10:37:59","guid":{"rendered":"https:\/\/3t-motorrecycle.com\/?post_type=product&#038;p=2618"},"modified":"2023-11-01T15:10:56","modified_gmt":"2023-11-01T07:10:56","slug":"maquina-de-puxar-motor-de-partida-automatica","status":"publish","type":"product","link":"https:\/\/3t-motorrecycle.com\/pt\/produto\/maquina-de-puxar-motor-de-partida-automatica\/","title":{"rendered":"M\u00e1quina de puxar motor de partida autom\u00e1tica"},"content":{"rendered":"<div data-elementor-type=\"product-post\" data-elementor-id=\"2618\" class=\"elementor elementor-2618\" data-elementor-post-type=\"product\">\n\t\t\t\t\t\t<section class=\"elementor-section elementor-top-section elementor-element elementor-element-6983fc20 elementor-section-boxed elementor-section-height-default elementor-section-height-default\" data-id=\"6983fc20\" data-element_type=\"section\">\n\t\t\t\t\t\t<div class=\"elementor-container elementor-column-gap-default\">\n\t\t\t\t\t<div class=\"elementor-column elementor-col-100 elementor-top-column elementor-element elementor-element-3e942275\" data-id=\"3e942275\" data-element_type=\"column\">\n\t\t\t<div class=\"elementor-widget-wrap elementor-element-populated\">\n\t\t\t\t\t\t<div class=\"elementor-element elementor-element-553e0a4 elementor-widget elementor-widget-heading\" data-id=\"553e0a4\" data-element_type=\"widget\" data-widget_type=\"heading.default\">\n\t\t\t\t<div class=\"elementor-widget-container\">\n\t\t\t\t\t<h2 class=\"elementor-heading-title elementor-size-default\">M\u00e1quina de puxar motor de partida autom\u00e1tica de venda quente\n<\/h2>\t\t\t\t<\/div>\n\t\t\t\t<\/div>\n\t\t\t\t<div class=\"elementor-element elementor-element-7e5ce7cc elementor-widget elementor-widget-text-editor\" data-id=\"7e5ce7cc\" data-element_type=\"widget\" data-widget_type=\"text-editor.default\">\n\t\t\t\t<div class=\"elementor-widget-container\">\n\t\t\t\t\t\t\t\t\t<p><span data-font-family=\"\u5b8b\u4f53\"><a href=\"https:\/\/3t-motorrecycle.com\/pt\">3T<\/a> \u00e9 o melhor e mais completo fabricante e fornecedor de m\u00e1quinas para puxar motores de partida autom\u00e1tica. Nossa m\u00e1quina recicla todos os enrolamentos de cobre do motor de partida autom\u00e1tica sem nenhuma perda de cobre.<\/span><\/p>\t\t\t\t\t\t\t\t<\/div>\n\t\t\t\t<\/div>\n\t\t\t\t\t<\/div>\n\t\t<\/div>\n\t\t\t\t\t<\/div>\n\t\t<\/section>\n\t\t\t\t<section class=\"elementor-section elementor-top-section elementor-element elementor-element-f92aa4c custom-ele-section-css elementor-section-boxed elementor-section-height-default elementor-section-height-default\" data-id=\"f92aa4c\" data-element_type=\"section\">\n\t\t\t\t\t\t<div class=\"elementor-container elementor-column-gap-default\">\n\t\t\t\t\t<div class=\"elementor-column elementor-col-100 elementor-top-column elementor-element elementor-element-8a8ed9e\" data-id=\"8a8ed9e\" data-element_type=\"column\">\n\t\t\t<div class=\"elementor-widget-wrap elementor-element-populated\">\n\t\t\t\t\t\t<div class=\"elementor-element elementor-element-9bd97eb elementor-widget elementor-widget-heading\" data-id=\"9bd97eb\" data-element_type=\"widget\" data-widget_type=\"heading.default\">\n\t\t\t\t<div class=\"elementor-widget-container\">\n\t\t\t\t\t<h3 class=\"elementor-heading-title elementor-size-default\">Especifica\u00e7\u00f5es da m\u00e1quina<\/h3>\t\t\t\t<\/div>\n\t\t\t\t<\/div>\n\t\t\t\t<div class=\"elementor-element elementor-element-fae9a5e elementor-widget elementor-widget-text-editor\" data-id=\"fae9a5e\" data-element_type=\"widget\" data-widget_type=\"text-editor.default\">\n\t\t\t\t<div class=\"elementor-widget-container\">\n\t\t\t\t\t\t\t\t\t<p>Para puxar o enrolamento do motor de partida do carro, existem outras 3 m\u00e1quinas trabalhando juntas: a <a href=\"https:\/\/3t-motorrecycle.com\/pt\/produto\/maquina-de-corte-de-rotor-com-partida-automatica\/\">m\u00e1quina de corte de partida de carro<\/a>, m\u00e1quina de prensagem de partida de carro e <a href=\"https:\/\/3t-motorrecycle.com\/pt\/produto\/maquina-de-aquecimento-de-partida-de-carro\/\">m\u00e1quina de aquecimento de partida de carro<\/a>.<\/p>\t\t\t\t\t\t\t\t<\/div>\n\t\t\t\t<\/div>\n\t\t\t\t\t<\/div>\n\t\t<\/div>\n\t\t\t\t\t<\/div>\n\t\t<\/section>\n\t\t\t\t<section class=\"elementor-section elementor-top-section elementor-element elementor-element-1ba12bb custom-ele-section-css elementor-section-boxed elementor-section-height-default elementor-section-height-default\" data-id=\"1ba12bb\" data-element_type=\"section\">\n\t\t\t\t\t\t<div class=\"elementor-container elementor-column-gap-default\">\n\t\t\t\t\t<div class=\"elementor-column elementor-col-100 elementor-top-column elementor-element elementor-element-cbc711f\" data-id=\"cbc711f\" data-element_type=\"column\">\n\t\t\t<div class=\"elementor-widget-wrap elementor-element-populated\">\n\t\t\t\t\t\t<div class=\"elementor-element elementor-element-6da15eb elementor-widget elementor-widget-heading\" data-id=\"6da15eb\" data-element_type=\"widget\" data-widget_type=\"heading.default\">\n\t\t\t\t<div class=\"elementor-widget-container\">\n\t\t\t\t\t<h2 class=\"elementor-heading-title elementor-size-default\">Como reciclar cobre do motor de partida do carro?\n<\/h2>\t\t\t\t<\/div>\n\t\t\t\t<\/div>\n\t\t\t\t<div class=\"elementor-element elementor-element-94b3c54 elementor-widget elementor-widget-text-editor\" data-id=\"94b3c54\" data-element_type=\"widget\" data-widget_type=\"text-editor.default\">\n\t\t\t\t<div class=\"elementor-widget-container\">\n\t\t\t\t\t\t\t\t\t<p><span data-font-family=\"\u5b8b\u4f53\">Com uma estrutura complexa, o starter de carro usado \u00e9 dif\u00edcil de desmontar manualmente. Normalmente, a reciclagem de starter de carro requer quatro tipos de m\u00e1quinas e todo o processo envolve 4 etapas: cortar o estator, pressionar a cabe\u00e7a de cobre, aquecer o motor de arranque e puxar o fio de cobre, esta m\u00e1quina \u00e9 a \u00faltima etapa da reciclagem.<\/span><\/p><p>A m\u00e1quina de puxar motor de partida autom\u00e1tica \u00e9 usada principalmente para puxar o enrolamento de cobre. Aqui est\u00e1 o procedimento de trabalho: <span data-font-family=\"\u5b8b\u4f53\">Coloque o estator aquecido na parte de tra\u00e7\u00e3o, fixe-o com a garra e, em seguida, retire todo o enrolamento de cobre.<\/span><\/p>\t\t\t\t\t\t\t\t<\/div>\n\t\t\t\t<\/div>\n\t\t\t\t<div class=\"elementor-element elementor-element-5d1305b elementor-widget elementor-widget-video\" data-id=\"5d1305b\" data-element_type=\"widget\" data-settings=\"{&quot;youtube_url&quot;:&quot;https:\\\/\\\/youtu.be\\\/09CwBw0vhgQ&quot;,&quot;video_type&quot;:&quot;youtube&quot;,&quot;controls&quot;:&quot;yes&quot;}\" data-widget_type=\"video.default\">\n\t\t\t\t<div class=\"elementor-widget-container\">\n\t\t\t\t\t\t\t<div class=\"elementor-wrapper elementor-open-inline\">\n\t\t\t<div class=\"elementor-video\"><\/div>\t\t<\/div>\n\t\t\t\t\t\t<\/div>\n\t\t\t\t<\/div>\n\t\t\t\t\t<\/div>\n\t\t<\/div>\n\t\t\t\t\t<\/div>\n\t\t<\/section>\n\t\t\t\t<section class=\"elementor-section elementor-top-section elementor-element elementor-element-b9c8258 custom-ele-section-css elementor-section-boxed elementor-section-height-default elementor-section-height-default\" data-id=\"b9c8258\" data-element_type=\"section\">\n\t\t\t\t\t\t<div class=\"elementor-container elementor-column-gap-default\">\n\t\t\t\t\t<div class=\"elementor-column elementor-col-100 elementor-top-column elementor-element elementor-element-476e638\" data-id=\"476e638\" data-element_type=\"column\">\n\t\t\t<div class=\"elementor-widget-wrap elementor-element-populated\">\n\t\t\t\t\t\t<div class=\"elementor-element elementor-element-92aa5de elementor-align-center elementor-widget elementor-widget-button\" data-id=\"92aa5de\" data-element_type=\"widget\" data-widget_type=\"button.default\">\n\t\t\t\t<div class=\"elementor-widget-container\">\n\t\t\t\t\t\t\t\t\t<div class=\"elementor-button-wrapper\">\n\t\t\t\t\t<a class=\"elementor-button elementor-button-link elementor-size-sm elementor-animation-bounce-in\" href=\"#elementor-action%3Aaction%3Dpopup%3Aopen%26settings%3DeyJpZCI6IjU4MzQiLCJ0b2dnbGUiOmZhbHNlfQ%3D%3D\">\n\t\t\t\t\t\t<span class=\"elementor-button-content-wrapper\">\n\t\t\t\t\t\t\t\t\t<span class=\"elementor-button-text\">encontre mais<\/span>\n\t\t\t\t\t<\/span>\n\t\t\t\t\t<\/a>\n\t\t\t\t<\/div>\n\t\t\t\t\t\t\t\t<\/div>\n\t\t\t\t<\/div>\n\t\t\t\t\t<\/div>\n\t\t<\/div>\n\t\t\t\t\t<\/div>\n\t\t<\/section>\n\t\t\t\t<section class=\"elementor-section elementor-top-section elementor-element elementor-element-23e50fd custom-ele-section-css elementor-section-boxed elementor-section-height-default elementor-section-height-default\" data-id=\"23e50fd\" data-element_type=\"section\">\n\t\t\t\t\t\t<div class=\"elementor-container elementor-column-gap-default\">\n\t\t\t\t\t<div class=\"elementor-column elementor-col-100 elementor-top-column elementor-element elementor-element-d08502e\" data-id=\"d08502e\" data-element_type=\"column\">\n\t\t\t<div class=\"elementor-widget-wrap elementor-element-populated\">\n\t\t\t\t\t\t<div class=\"elementor-element elementor-element-d66b125 elementor-widget elementor-widget-heading\" data-id=\"d66b125\" data-element_type=\"widget\" data-widget_type=\"heading.default\">\n\t\t\t\t<div class=\"elementor-widget-container\">\n\t\t\t\t\t<h2 class=\"elementor-heading-title elementor-size-default\">Feedback do cliente<\/h2>\t\t\t\t<\/div>\n\t\t\t\t<\/div>\n\t\t\t\t<section class=\"elementor-section elementor-inner-section elementor-element elementor-element-345816a custom-ele-section-css elementor-section-boxed elementor-section-height-default elementor-section-height-default\" data-id=\"345816a\" data-element_type=\"section\">\n\t\t\t\t\t\t<div class=\"elementor-container elementor-column-gap-default\">\n\t\t\t\t\t<div class=\"elementor-column elementor-col-50 elementor-inner-column elementor-element elementor-element-eac0efe\" data-id=\"eac0efe\" data-element_type=\"column\">\n\t\t\t<div class=\"elementor-widget-wrap elementor-element-populated\">\n\t\t\t\t\t\t<div class=\"elementor-element elementor-element-d430fb9 elementor-star-rating--align-center elementor--star-style-star_fontawesome elementor-widget elementor-widget-star-rating\" data-id=\"d430fb9\" data-element_type=\"widget\" data-widget_type=\"star-rating.default\">\n\t\t\t\t<div class=\"elementor-widget-container\">\n\t\t\t\t\t\t\t<div class=\"elementor-star-rating__wrapper\">\n\t\t\t\t\t\t<div class=\"elementor-star-rating\" itemtype=\"http:\/\/schema.org\/Rating\" itemscope=\"\" itemprop=\"reviewRating\">\n\t\t\t\t<i class=\"elementor-star-full\" aria-hidden=\"true\">\ue934<\/i><i class=\"elementor-star-full\" aria-hidden=\"true\">\ue934<\/i><i class=\"elementor-star-full\" aria-hidden=\"true\">\ue934<\/i><i class=\"elementor-star-full\" aria-hidden=\"true\">\ue934<\/i><i class=\"elementor-star-full\" aria-hidden=\"true\">\ue934<\/i>\t\t\t\t<span itemprop=\"ratingValue\" class=\"elementor-screen-only\">Rated 5 out of 5<\/span>\n\t\t\t<\/div>\n\t\t<\/div>\n\t\t\t\t\t\t<\/div>\n\t\t\t\t<\/div>\n\t\t\t\t<div class=\"elementor-element elementor-element-b2871cc elementor-widget elementor-widget-image\" data-id=\"b2871cc\" data-element_type=\"widget\" data-widget_type=\"image.default\">\n\t\t\t\t<div class=\"elementor-widget-container\">\n\t\t\t\t\t\t\t\t\t\t\t\t\t\t\t<img fetchpriority=\"high\" decoding=\"async\" width=\"800\" height=\"287\" src=\"https:\/\/3t-motorrecycle.com\/wp-content\/uploads\/2023\/06\/Car-starter-recycling-machine-3.png\" class=\"attachment-large size-large wp-image-2772\" alt=\"M\u00e1quina de reciclagem de partida de carro\" srcset=\"https:\/\/3t-motorrecycle.com\/wp-content\/uploads\/2023\/06\/Car-starter-recycling-machine-3.png 893w, https:\/\/3t-motorrecycle.com\/wp-content\/uploads\/2023\/06\/Car-starter-recycling-machine-3-300x108.png 300w, https:\/\/3t-motorrecycle.com\/wp-content\/uploads\/2023\/06\/Car-starter-recycling-machine-3-768x275.png 768w, https:\/\/3t-motorrecycle.com\/wp-content\/uploads\/2023\/06\/Car-starter-recycling-machine-3-600x215.png 600w\" sizes=\"(max-width: 800px) 100vw, 800px\" \/>\t\t\t\t\t\t\t\t\t\t\t\t\t\t\t<\/div>\n\t\t\t\t<\/div>\n\t\t\t\t<div class=\"elementor-element elementor-element-47cca93 elementor-widget elementor-widget-text-editor\" data-id=\"47cca93\" data-element_type=\"widget\" data-widget_type=\"text-editor.default\">\n\t\t\t\t<div class=\"elementor-widget-container\">\n\t\t\t\t\t\t\t\t\t<p><span data-font-family=\"\u5b8b\u4f53\">Tenho usado a m\u00e1quina de puxar partida de carro por meio ano, e ela tem um desempenho super bom. Ela melhorou significativamente minha velocidade de reciclagem e aumentou os lucros.<\/span><\/p>\t\t\t\t\t\t\t\t<\/div>\n\t\t\t\t<\/div>\n\t\t\t\t\t<\/div>\n\t\t<\/div>\n\t\t\t\t<div class=\"elementor-column elementor-col-50 elementor-inner-column elementor-element elementor-element-5fa0a1c\" data-id=\"5fa0a1c\" data-element_type=\"column\">\n\t\t\t<div class=\"elementor-widget-wrap elementor-element-populated\">\n\t\t\t\t\t\t<div class=\"elementor-element elementor-element-994e9a5 elementor-star-rating--align-center elementor--star-style-star_fontawesome elementor-widget elementor-widget-star-rating\" data-id=\"994e9a5\" data-element_type=\"widget\" data-widget_type=\"star-rating.default\">\n\t\t\t\t<div class=\"elementor-widget-container\">\n\t\t\t\t\t\t\t<div class=\"elementor-star-rating__wrapper\">\n\t\t\t\t\t\t<div class=\"elementor-star-rating\" itemtype=\"http:\/\/schema.org\/Rating\" itemscope=\"\" itemprop=\"reviewRating\">\n\t\t\t\t<i class=\"elementor-star-full\" aria-hidden=\"true\">\ue934<\/i><i class=\"elementor-star-full\" aria-hidden=\"true\">\ue934<\/i><i class=\"elementor-star-full\" aria-hidden=\"true\">\ue934<\/i><i class=\"elementor-star-full\" aria-hidden=\"true\">\ue934<\/i><i class=\"elementor-star-full\" aria-hidden=\"true\">\ue934<\/i>\t\t\t\t<span itemprop=\"ratingValue\" class=\"elementor-screen-only\">Rated 5 out of 5<\/span>\n\t\t\t<\/div>\n\t\t<\/div>\n\t\t\t\t\t\t<\/div>\n\t\t\t\t<\/div>\n\t\t\t\t<div class=\"elementor-element elementor-element-570d867 elementor-widget elementor-widget-image\" data-id=\"570d867\" data-element_type=\"widget\" data-widget_type=\"image.default\">\n\t\t\t\t<div class=\"elementor-widget-container\">\n\t\t\t\t\t\t\t\t\t\t\t\t\t\t\t<img decoding=\"async\" width=\"800\" height=\"357\" src=\"https:\/\/3t-motorrecycle.com\/wp-content\/uploads\/2023\/06\/Car-starter-cutting-machine.png\" class=\"attachment-large size-large wp-image-2773\" alt=\"M\u00e1quina de corte de partida de carro\" srcset=\"https:\/\/3t-motorrecycle.com\/wp-content\/uploads\/2023\/06\/Car-starter-cutting-machine.png 870w, https:\/\/3t-motorrecycle.com\/wp-content\/uploads\/2023\/06\/Car-starter-cutting-machine-300x134.png 300w, https:\/\/3t-motorrecycle.com\/wp-content\/uploads\/2023\/06\/Car-starter-cutting-machine-768x343.png 768w, https:\/\/3t-motorrecycle.com\/wp-content\/uploads\/2023\/06\/Car-starter-cutting-machine-600x268.png 600w\" sizes=\"(max-width: 800px) 100vw, 800px\" \/>\t\t\t\t\t\t\t\t\t\t\t\t\t\t\t<\/div>\n\t\t\t\t<\/div>\n\t\t\t\t<div class=\"elementor-element elementor-element-9532847 elementor-widget elementor-widget-text-editor\" data-id=\"9532847\" data-element_type=\"widget\" data-widget_type=\"text-editor.default\">\n\t\t\t\t<div class=\"elementor-widget-container\">\n\t\t\t\t\t\t\t\t\t<p><span data-font-family=\"\u5b8b\u4f53\">A m\u00e1quina \u00e9 muito port\u00e1til e f\u00e1cil de operar. \u00c9 muito \u00fatil para mim.\u00a0<\/span><\/p>\t\t\t\t\t\t\t\t<\/div>\n\t\t\t\t<\/div>\n\t\t\t\t\t<\/div>\n\t\t<\/div>\n\t\t\t\t\t<\/div>\n\t\t<\/section>\n\t\t\t\t\t<\/div>\n\t\t<\/div>\n\t\t\t\t\t<\/div>\n\t\t<\/section>\n\t\t\t\t<\/div>","protected":false},"excerpt":{"rendered":"<p><span data-font-family=\"Times New Roman\">Vantagens da m\u00e1quina de puxar motor de partida de carro<\/span><\/p>\n<ol>\n<li><span data-font-family=\"\u5b8b\u4f53\">Design exclusivo e desempenho est\u00e1vel, vendas j\u00e1 altas no mercado chin\u00eas h\u00e1 muitos anos.<\/span><\/li>\n<li><span data-font-family=\"\u5b8b\u4f53\">Motor el\u00e9trico, opera\u00e7\u00e3o segura e simples, efici\u00eancia - puxa o enrolamento de cobre em 7 segundos.<\/span><\/li>\n<li>Monte 6 pe\u00e7as de bomba de \u00f3leo hidr\u00e1ulica pequena.<\/li>\n<\/ol>","protected":false},"featured_media":2764,"comment_status":"open","ping_status":"closed","template":"","meta":{"_seopress_robots_primary_cat":"none","_seopress_titles_title":"Superior Auto Starter Motor Pulling Machine | 3T","_seopress_titles_desc":"For auto starter recycling, there&#039;s need 4 steps, auto starter motor pulling machine is the last step, providing practicality and unmatched performance in auto starter motor pulling, ensuring benefits that imitations can&#039;t match.","_seopress_robots_index":""},"product_brand":[],"product_cat":[25],"product_tag":[],"class_list":{"0":"post-2618","1":"product","2":"type-product","3":"status-publish","4":"has-post-thumbnail","6":"product_cat-car-starter-recycling-machine","8":"first","9":"instock","10":"shipping-taxable","11":"product-type-simple"},"_links":{"self":[{"href":"https:\/\/3t-motorrecycle.com\/pt\/wp-json\/wp\/v2\/product\/2618","targetHints":{"allow":["GET"]}}],"collection":[{"href":"https:\/\/3t-motorrecycle.com\/pt\/wp-json\/wp\/v2\/product"}],"about":[{"href":"https:\/\/3t-motorrecycle.com\/pt\/wp-json\/wp\/v2\/types\/product"}],"replies":[{"embeddable":true,"href":"https:\/\/3t-motorrecycle.com\/pt\/wp-json\/wp\/v2\/comments?post=2618"}],"version-history":[{"count":0,"href":"https:\/\/3t-motorrecycle.com\/pt\/wp-json\/wp\/v2\/product\/2618\/revisions"}],"wp:featuredmedia":[{"embeddable":true,"href":"https:\/\/3t-motorrecycle.com\/pt\/wp-json\/wp\/v2\/media\/2764"}],"wp:attachment":[{"href":"https:\/\/3t-motorrecycle.com\/pt\/wp-json\/wp\/v2\/media?parent=2618"}],"wp:term":[{"taxonomy":"product_brand","embeddable":true,"href":"https:\/\/3t-motorrecycle.com\/pt\/wp-json\/wp\/v2\/product_brand?post=2618"},{"taxonomy":"product_cat","embeddable":true,"href":"https:\/\/3t-motorrecycle.com\/pt\/wp-json\/wp\/v2\/product_cat?post=2618"},{"taxonomy":"product_tag","embeddable":true,"href":"https:\/\/3t-motorrecycle.com\/pt\/wp-json\/wp\/v2\/product_tag?post=2618"}],"curies":[{"name":"wp","href":"https:\/\/api.w.org\/{rel}","templated":true}]}}